{"id":1263,"date":"2024-11-15T02:04:49","date_gmt":"2024-11-15T05:04:49","guid":{"rendered":"https:\/\/quemliga.pt\/?page_id=1263"},"modified":"2024-11-15T02:06:35","modified_gmt":"2024-11-15T05:06:35","slug":"baixar","status":"publish","type":"page","link":"https:\/\/quemliga.pt\/zh\/baixar\/","title":{"rendered":""},"content":{"rendered":"<section class=\"redirection-container\">\n<div class=\"redirection-content\"><img id=\"imagem\" class=\"alignleft\" alt=\"Logo do Aplicativo\" width=\"71\" height=\"71\" \/><br \/>\n<span id=\"title\">\u5e94\u7528<\/span><\/div>\n<div class=\"tittle\">\n<h2>\u6b63\u5728\u91cd\u5b9a\u5411\u2026<\/h2>\n<div class=\"loader\"><\/div>\n<\/div>\n<div class=\"subtitle\">\n<h3>\u6211\u4eec\u6b63\u5728\u5c06\u60a8\u91cd\u5b9a\u5411\u81f3 App Store<\/h3>\n<\/div>\n<\/section>\n<footer class=\"redirection-footer\">\n<h4>\u60a8\u5c06\u5728\u63a5\u4e0b\u6765\u7684 5 \u79d2\u5185\u88ab\u91cd\u5b9a\u5411<\/h4>\n<p>\u5982\u679c\u4f60\u6ca1\u6709\u88ab\u91cd\u5b9a\u5411\uff0c\u8bf7\u6309\u7167 <a id=\"link\" href=\"#\">\u8fd9\u4e2a\u94fe\u63a5\u3002<\/a><\/p>\n<\/footer>\n<p><script>\n    const query = new URLSearchParams(document.location.search);\n    const title = query.get('title') ?? 'N\u00e3o encontrado';\n    const logo = query.get('logo') ?? 'N\u00e3o encontrado';\n    const link = query.get('link') ?? 'N\u00e3o encontrado';\n    document.getElementById(\"title\").innerHTML = 'Aplicativo ' + title;\n    const link_tag_a = document.getElementById('link');\n    link_tag_a.href = link; \n    const imagem_logo = document.getElementById('imagem');\n    imagem_logo.src = logo;\n    setTimeout(\n        function(){\n            window.location = link; \n        },\n    5000);\n<\/script><\/p>\n<style>\n #footer-widgets {<br \/>        display: none;<br \/>    }<br \/><\/style>","protected":false},"excerpt":{"rendered":"<p>Aplicativo Redirecionando&#8230; Estamos redirecionando voc\u00ea para a App Store Voc\u00ea dever\u00e1 ser redirecionado nos pr\u00f3ximos 5 segundos Se voc\u00ea n\u00e3o for redirecionado, siga este link.<\/p>","protected":false},"author":1,"featured_media":0,"parent":0,"menu_order":0,"comment_status":"closed","ping_status":"closed","template":"","meta":{"footnotes":""},"class_list":["post-1263","page","type-page","status-publish","hentry"],"_links":{"self":[{"href":"https:\/\/quemliga.pt\/zh\/wp-json\/wp\/v2\/pages\/1263","targetHints":{"allow":["GET"]}}],"collection":[{"href":"https:\/\/quemliga.pt\/zh\/wp-json\/wp\/v2\/pages"}],"about":[{"href":"https:\/\/quemliga.pt\/zh\/wp-json\/wp\/v2\/types\/page"}],"author":[{"embeddable":true,"href":"https:\/\/quemliga.pt\/zh\/wp-json\/wp\/v2\/users\/1"}],"replies":[{"embeddable":true,"href":"https:\/\/quemliga.pt\/zh\/wp-json\/wp\/v2\/comments?post=1263"}],"version-history":[{"count":2,"href":"https:\/\/quemliga.pt\/zh\/wp-json\/wp\/v2\/pages\/1263\/revisions"}],"predecessor-version":[{"id":1265,"href":"https:\/\/quemliga.pt\/zh\/wp-json\/wp\/v2\/pages\/1263\/revisions\/1265"}],"wp:attachment":[{"href":"https:\/\/quemliga.pt\/zh\/wp-json\/wp\/v2\/media?parent=1263"}],"curies":[{"name":"wp","href":"https:\/\/api.w.org\/{rel}","templated":true}]}}