{"id":970,"date":"2023-10-23T22:27:27","date_gmt":"2023-10-24T01:27:27","guid":{"rendered":"https:\/\/quemliga.pt\/?page_id=970"},"modified":"2023-10-23T22:27:27","modified_gmt":"2023-10-24T01:27:27","slug":"isencao-de-responsabilidade","status":"publish","type":"page","link":"https:\/\/quemliga.pt\/sv\/isencao-de-responsabilidade\/","title":{"rendered":"Ansvarsfriskrivning"},"content":{"rendered":"<p><strong>Godk\u00e4nnande av villkor<\/strong><\/p>\n<p>Genom att bes\u00f6ka och anv\u00e4nda webbplatsen \u201dQuemLiga.PT\u201d (\u201dWebbplatsen\u201d) accepterar och godk\u00e4nner du de villkor som anges i denna ansvarsfriskrivning. Om du inte godk\u00e4nner dessa villkor, v\u00e4nligen anv\u00e4nd inte webbplatsen.<\/p>\n<p><strong>Inneh\u00e5llsintegritet<\/strong><\/p>\n<p>Informationen p\u00e5 QuemLiga.PT \u00e4r endast avsedd f\u00f6r allm\u00e4n information. \u00c4ven om vi str\u00e4var efter att h\u00e5lla informationen uppdaterad och korrekt, l\u00e4mnar vi inga garantier av n\u00e5got slag, vare sig uttryckliga eller underf\u00f6rst\u00e5dda, om fullst\u00e4ndigheten, noggrannheten, tillf\u00f6rlitligheten eller tillg\u00e4ngligheten av informationen, produkterna, tj\u00e4nsterna eller grafiken som finns p\u00e5 webbplatsen.<\/p>\n<p><strong>Informationsberoende<\/strong><\/p>\n<p>Anv\u00e4ndningen av informationen som finns tillg\u00e4nglig p\u00e5 QuemLiga.PT \u00e4r ditt eget ansvar. Vi ansvarar inte f\u00f6r n\u00e5gon f\u00f6rlust eller skada i samband med anv\u00e4ndningen av v\u00e5r webbplats.<\/p>\n<p><strong>L\u00e4nkar till andra webbplatser<\/strong><\/p>\n<p>QuemLiga.PT kan inneh\u00e5lla l\u00e4nkar till externa webbplatser som inte drivs av oss. Vi har ingen kontroll \u00f6ver och tar inget ansvar f\u00f6r inneh\u00e5llet, integritetspolicyerna eller praxisen hos tredjepartswebbplatser eller tj\u00e4nster.<\/p>\n<p><strong>Ansluten upplysning<\/strong><\/p>\n<p>QuemLiga.PT kan delta i affiliateprogram och kan f\u00e5 provision f\u00f6r k\u00f6p gjorda via l\u00e4nkar p\u00e5 v\u00e5r webbplats. Dessa provisioner hj\u00e4lper till att underh\u00e5lla och st\u00f6dja v\u00e5r webbplats.<\/p>\n<p><strong>\u00c4ndringar i ansvarsfriskrivningen<\/strong><\/p>\n<p>QuemLiga.PT f\u00f6rbeh\u00e5ller sig r\u00e4tten att n\u00e4r som helst g\u00f6ra \u00e4ndringar i denna ansvarsfriskrivning. Vi rekommenderar att du regelbundet bes\u00f6ker den h\u00e4r sidan f\u00f6r att h\u00e5lla dig uppdaterad om eventuella uppdateringar. Din fortsatta anv\u00e4ndning av webbplatsen efter att \u00e4ndringarna har publicerats inneb\u00e4r att du godk\u00e4nner dessa \u00e4ndringar.<\/p>\n<p><strong>Kontakta oss<\/strong><\/p>\n<p>F\u00f6r eventuella fr\u00e5gor eller f\u00f6rtydliganden g\u00e4llande denna ansvarsfriskrivning, v\u00e4nligen kontakta oss via e-post: contato@quemliga.pt<\/p>\n<p><strong>Slutliga \u00f6verv\u00e4ganden<\/strong><\/p>\n<p>Informationen p\u00e5 QuemLiga.PT tillhandah\u00e5lls i syfte att informera och inspirera. De b\u00f6r inte tolkas som professionella r\u00e5d. R\u00e5dfr\u00e5ga alltid experter f\u00f6r specifika fr\u00e5gor. Anv\u00e4ndning av denna webbplats inneb\u00e4r godk\u00e4nnande av denna ansvarsfriskrivning.<\/p>","protected":false},"excerpt":{"rendered":"<p>Aceita\u00e7\u00e3o dos Termos Ao navegar e utilizar o site \u201cQuemLiga.PT\u201d (\u201cSite\u201d), voc\u00ea aceita e concorda com os termos e condi\u00e7\u00f5es estabelecidos neste Termo de Responsabilidade&#8230;.<\/p>","protected":false},"author":1,"featured_media":0,"parent":0,"menu_order":0,"comment_status":"closed","ping_status":"closed","template":"","meta":{"footnotes":""},"class_list":["post-970","page","type-page","status-publish","hentry"],"_links":{"self":[{"href":"https:\/\/quemliga.pt\/sv\/wp-json\/wp\/v2\/pages\/970","targetHints":{"allow":["GET"]}}],"collection":[{"href":"https:\/\/quemliga.pt\/sv\/wp-json\/wp\/v2\/pages"}],"about":[{"href":"https:\/\/quemliga.pt\/sv\/wp-json\/wp\/v2\/types\/page"}],"author":[{"embeddable":true,"href":"https:\/\/quemliga.pt\/sv\/wp-json\/wp\/v2\/users\/1"}],"replies":[{"embeddable":true,"href":"https:\/\/quemliga.pt\/sv\/wp-json\/wp\/v2\/comments?post=970"}],"version-history":[{"count":1,"href":"https:\/\/quemliga.pt\/sv\/wp-json\/wp\/v2\/pages\/970\/revisions"}],"predecessor-version":[{"id":971,"href":"https:\/\/quemliga.pt\/sv\/wp-json\/wp\/v2\/pages\/970\/revisions\/971"}],"wp:attachment":[{"href":"https:\/\/quemliga.pt\/sv\/wp-json\/wp\/v2\/media?parent=970"}],"curies":[{"name":"wp","href":"https:\/\/api.w.org\/{rel}","templated":true}]}}