{"id":921,"date":"2023-10-23T20:59:36","date_gmt":"2023-10-23T23:59:36","guid":{"rendered":"https:\/\/quemliga.pt\/?page_id=921"},"modified":"2023-10-23T22:22:51","modified_gmt":"2023-10-24T01:22:51","slug":"contato","status":"publish","type":"page","link":"https:\/\/quemliga.pt\/sr\/contato\/","title":{"rendered":"\u041a\u043e\u043d\u0442\u0430\u043a\u0442"},"content":{"rendered":"<p>\u0425\u0432\u0430\u043b\u0430 \u0432\u0430\u043c \u043d\u0430 \u0438\u043d\u0442\u0435\u0440\u0435\u0441\u043e\u0432\u0430\u045a\u0443 \u0437\u0430 \u201eQuemLiga.PT\u201c. \u0423\u043a\u043e\u043b\u0438\u043a\u043e \u0438\u043c\u0430\u0442\u0435 \u0431\u0438\u043b\u043e \u043a\u0430\u043a\u0432\u0438\u0445 \u043f\u0438\u0442\u0430\u045a\u0430, \u043a\u043e\u043c\u0435\u043d\u0442\u0430\u0440\u0430 \u0438\u043b\u0438 \u0441\u0443\u0433\u0435\u0441\u0442\u0438\u0458\u0430, \u0441\u043b\u043e\u0431\u043e\u0434\u043d\u043e \u043d\u0430\u0441 \u043a\u043e\u043d\u0442\u0430\u043a\u0442\u0438\u0440\u0430\u0458\u0442\u0435. \u0412\u0435\u043e\u043c\u0430 \u0446\u0435\u043d\u0438\u043c\u043e \u0432\u0430\u0448\u0435 \u043f\u043e\u0432\u0440\u0430\u0442\u043d\u0435 \u0438\u043d\u0444\u043e\u0440\u043c\u0430\u0446\u0438\u0458\u0435 \u0458\u0435\u0440 \u0441\u0435 \u0442\u0440\u0443\u0434\u0438\u043c\u043e \u0434\u0430 \u043f\u0440\u0443\u0436\u0438\u043c\u043e \u043a\u0432\u0430\u043b\u0438\u0442\u0435\u0442\u043d\u0435 \u0438 \u0440\u0435\u043b\u0435\u0432\u0430\u043d\u0442\u043d\u0435 \u0438\u043d\u0444\u043e\u0440\u043c\u0430\u0446\u0438\u0458\u0435.<\/p>\n<p><strong>\u041f\u043e\u0434\u0440\u0448\u043a\u0430 \u043f\u0443\u0442\u0435\u043c \u0435-\u043f\u043e\u0448\u0442\u0435:<\/strong><\/p>\n<p>\u0417\u0430 \u0441\u0432\u0430 \u043f\u0438\u0442\u0430\u045a\u0430, \u043c\u043e\u0436\u0435\u0442\u0435 \u043a\u043e\u043d\u0442\u0430\u043a\u0442\u0438\u0440\u0430\u0442\u0438 \u043d\u0430\u0448 \u043f\u043e\u0441\u0432\u0435\u045b\u0435\u043d\u0438 \u0442\u0438\u043c \u0437\u0430 \u043f\u043e\u0434\u0440\u0448\u043a\u0443 \u043f\u0443\u0442\u0435\u043c \u0435-\u043f\u043e\u0448\u0442\u0435 \u043d\u0430 <strong><a href=\"mailto:contato@quemliga.pt\" target=\"_new\" rel=\"noopener\">contato@quemliga.pt<\/a><\/strong>\u041d\u0430\u0448 \u0446\u0438\u0459 \u0458\u0435 \u0434\u0430 \u0431\u0440\u0437\u043e \u043e\u0434\u0433\u043e\u0432\u043e\u0440\u0438\u043c\u043e \u043d\u0430 \u0432\u0430\u0448\u0435 \u0438\u043c\u0435\u0458\u043b\u043e\u0432\u0435 \u0438 \u043f\u0440\u0443\u0436\u0438\u043c\u043e \u043f\u043e\u043c\u043e\u045b \u0443 \u0432\u0435\u0437\u0438 \u0441\u0430 \u0441\u0432\u0438\u043c \u043f\u0438\u0442\u0430\u045a\u0438\u043c\u0430 \u0438\u043b\u0438 \u0438\u043d\u0444\u043e\u0440\u043c\u0430\u0446\u0438\u0458\u0430\u043c\u0430 \u043a\u043e\u0458\u0435 \u0441\u0443 \u0432\u0430\u043c \u043f\u043e\u0442\u0440\u0435\u0431\u043d\u0435.<\/p>\n<p><strong>\u041a\u043e\u043c\u0435\u043d\u0442\u0430\u0440\u0438 \u0438 \u043f\u0440\u0435\u0434\u043b\u043e\u0437\u0438:<\/strong><\/p>\n<p>\u0426\u0435\u043d\u0438\u043c\u043e \u0432\u0430\u0448\u0435 \u043a\u043e\u043c\u0435\u043d\u0442\u0430\u0440\u0435 \u0438 \u0441\u0443\u0433\u0435\u0441\u0442\u0438\u0458\u0435 \u0437\u0430 \u043f\u043e\u0431\u043e\u0459\u0448\u0430\u045a\u0435 QuemLiga.PT. \u0410\u043a\u043e \u0436\u0435\u043b\u0438\u0442\u0435 \u0434\u0430 \u043f\u043e\u0434\u0435\u043b\u0438\u0442\u0435 \u0441\u0432\u043e\u0458\u0435 \u0438\u0434\u0435\u0458\u0435 \u0438\u043b\u0438 \u0434\u0430\u0442\u0435 \u043e\u043f\u0448\u0442\u0435 \u0441\u0443\u0433\u0435\u0441\u0442\u0438\u0458\u0435, \u0441\u043b\u043e\u0431\u043e\u0434\u043d\u043e \u043d\u0430\u043c \u043f\u043e\u0448\u0430\u0459\u0438\u0442\u0435 \u0435-\u043f\u043e\u0448\u0442\u0443 \u043d\u0430 <strong><a href=\"mailto:contato@quemliga.pt\" target=\"_new\" rel=\"noopener\">contato@quemliga.pt<\/a><\/strong>.<\/p>\n<p><strong>\u0414\u043e\u043f\u0440\u0438\u043d\u043e\u0441\u0438 \u0438 \u0433\u043e\u0441\u0442\u0443\u0458\u0443\u045b\u0438 \u043f\u043e\u0441\u0442\u043e\u0432\u0438:<\/strong><\/p>\n<p>\u0410\u043a\u043e \u0438\u043c\u0430\u0442\u0435 \u0440\u0435\u043b\u0435\u0432\u0430\u043d\u0442\u043d\u0435 \u0438\u043d\u0444\u043e\u0440\u043c\u0430\u0446\u0438\u0458\u0435 \u0438 \u0436\u0435\u043b\u0438\u0442\u0435 \u0434\u0430 \u0434\u043e\u043f\u0440\u0438\u043d\u0435\u0441\u0435\u0442\u0435 QuemLiga.PT \u0447\u043b\u0430\u043d\u0446\u0438\u043c\u0430 \u0438\u043b\u0438 \u0438\u043d\u0444\u043e\u0440\u043c\u0430\u0446\u0438\u0458\u0430\u043c\u0430, \u043a\u043e\u043d\u0442\u0430\u043a\u0442\u0438\u0440\u0430\u0458\u0442\u0435 \u043d\u0430\u0441 \u043f\u0443\u0442\u0435\u043c \u0435-\u043f\u043e\u0448\u0442\u0435. <strong><a href=\"mailto:contato@quemliga.pt\" target=\"_new\" rel=\"noopener\">contato@quemliga.pt<\/a><\/strong>\u0423\u0432\u0435\u043a \u0442\u0440\u0430\u0436\u0438\u043c\u043e \u0441\u0430\u0440\u0430\u0434\u043d\u0438\u043a\u0435 \u043a\u043e\u0458\u0438 \u043c\u043e\u0433\u0443 \u043e\u0431\u043e\u0433\u0430\u0442\u0438\u0442\u0438 \u043d\u0430\u0448 \u0441\u0430\u0434\u0440\u0436\u0430\u0458.<\/p>\n<p><strong>\u0423\u043f\u0438\u0442\u0438 \u043e \u043f\u0430\u0440\u0442\u043d\u0435\u0440\u0441\u0442\u0432\u0443:<\/strong><\/p>\n<p>\u0417\u0430 \u0443\u043f\u0438\u0442\u0435 \u0443 \u0432\u0435\u0437\u0438 \u0441\u0430 \u043f\u0430\u0440\u0442\u043d\u0435\u0440\u0441\u0442\u0432\u0438\u043c\u0430 \u0438\u043b\u0438 \u0434\u0440\u0443\u0433\u0438\u043c \u043c\u043e\u0433\u0443\u045b\u043d\u043e\u0441\u0442\u0438\u043c\u0430 \u0441\u0430\u0440\u0430\u0434\u045a\u0435, \u043a\u043e\u043d\u0442\u0430\u043a\u0442\u0438\u0440\u0430\u0458\u0442\u0435 \u043d\u0430\u0441 \u043f\u0443\u0442\u0435\u043c \u0435-\u043f\u043e\u0448\u0442\u0435 <strong><a href=\"mailto:contato@quemliga.pt\" target=\"_new\" rel=\"noopener\">contato@quemliga.pt<\/a><\/strong>\u041e\u0442\u0432\u043e\u0440\u0435\u043d\u0438 \u0441\u043c\u043e \u0437\u0430 \u043d\u043e\u0432\u0435 \u0438\u0434\u0435\u0458\u0435 \u0438 \u0441\u0430\u0440\u0430\u0434\u045a\u0435 \u043a\u043e\u0458\u0435 \u043c\u043e\u0433\u0443 \u043a\u043e\u0440\u0438\u0441\u0442\u0438\u0442\u0438 \u043d\u0430\u0448\u0438\u043c \u043a\u043e\u0440\u0438\u0441\u043d\u0438\u0446\u0438\u043c\u0430.<\/p>\n<p>\u0425\u0432\u0430\u043b\u0430 \u0432\u0430\u043c \u0448\u0442\u043e \u0441\u0442\u0435 \u043f\u043e\u0441\u0435\u0442\u0438\u043b\u0438 QuemLiga.PT. \u0420\u0430\u0434\u0443\u0458\u0435\u043c\u043e \u0441\u0435 \u0432\u0430\u0448\u0435\u043c \u043e\u0434\u0433\u043e\u0432\u043e\u0440\u0443 \u0438 \u0443\u0432\u0435\u043a \u0441\u043c\u043e \u0441\u043f\u0440\u0435\u043c\u043d\u0438 \u0434\u0430 \u0432\u0430\u043c \u0443\u0441\u043b\u0443\u0436\u0438\u043c\u043e \u043d\u0430 \u043d\u0430\u0458\u0431\u043e\u0459\u0438 \u043c\u043e\u0433\u0443\u045b\u0438 \u043d\u0430\u0447\u0438\u043d.<\/p>","protected":false},"excerpt":{"rendered":"<p>Agradecemos seu interesse no \u201cQuemLiga.PT\u201d. Se voc\u00ea tiver alguma d\u00favida, coment\u00e1rio ou sugest\u00e3o, n\u00e3o hesite em entrar em contato conosco. Valorizamos muito o seu feedback,&#8230;<\/p>","protected":false},"author":1,"featured_media":0,"parent":0,"menu_order":0,"comment_status":"closed","ping_status":"closed","template":"","meta":{"footnotes":""},"class_list":["post-921","page","type-page","status-publish","hentry"],"_links":{"self":[{"href":"https:\/\/quemliga.pt\/sr\/wp-json\/wp\/v2\/pages\/921","targetHints":{"allow":["GET"]}}],"collection":[{"href":"https:\/\/quemliga.pt\/sr\/wp-json\/wp\/v2\/pages"}],"about":[{"href":"https:\/\/quemliga.pt\/sr\/wp-json\/wp\/v2\/types\/page"}],"author":[{"embeddable":true,"href":"https:\/\/quemliga.pt\/sr\/wp-json\/wp\/v2\/users\/1"}],"replies":[{"embeddable":true,"href":"https:\/\/quemliga.pt\/sr\/wp-json\/wp\/v2\/comments?post=921"}],"version-history":[{"count":2,"href":"https:\/\/quemliga.pt\/sr\/wp-json\/wp\/v2\/pages\/921\/revisions"}],"predecessor-version":[{"id":967,"href":"https:\/\/quemliga.pt\/sr\/wp-json\/wp\/v2\/pages\/921\/revisions\/967"}],"wp:attachment":[{"href":"https:\/\/quemliga.pt\/sr\/wp-json\/wp\/v2\/media?parent=921"}],"curies":[{"name":"wp","href":"https:\/\/api.w.org\/{rel}","templated":true}]}}