{"id":974,"date":"2023-10-23T22:28:22","date_gmt":"2023-10-24T01:28:22","guid":{"rendered":"https:\/\/quemliga.pt\/?page_id=974"},"modified":"2023-10-23T22:28:22","modified_gmt":"2023-10-24T01:28:22","slug":"sobre","status":"publish","type":"page","link":"https:\/\/quemliga.pt\/sq\/sobre\/","title":{"rendered":"Aktiv"},"content":{"rendered":"<p>Mir\u00eb se vini n\u00eb QuemLiga.PT, ku informacioni lidhet me inovacionin.<\/p>\n<p><strong>Misioni yn\u00eb<\/strong><\/p>\n<p>N\u00eb QuemLiga.PT, misioni yn\u00eb \u00ebsht\u00eb t&#039;u japim p\u00ebrdoruesve informacion p\u00ebrkat\u00ebs dhe t\u00eb p\u00ebrdit\u00ebsuar, duke i lejuar ata t\u00eb lundrojn\u00eb n\u00eb bot\u00ebn dixhitale me besim. Ne besojm\u00eb se informacioni \u00ebsht\u00eb \u00e7el\u00ebsi p\u00ebr t\u00eb marr\u00eb vendime t\u00eb informuara dhe p\u00ebr t\u00eb q\u00ebndruar t\u00eb azhurnuar.<\/p>\n<p><strong>\u00c7far\u00eb ofrojm\u00eb ne<\/strong><\/p>\n<ul>\n<li><strong>Artikuj t\u00eb detajuar:<\/strong> Ne ofrojm\u00eb artikuj, recensione dhe udh\u00ebzues q\u00eb mbulojn\u00eb nj\u00eb gam\u00eb t\u00eb gjer\u00eb temash, duke ju ndihmuar t\u00eb q\u00ebndroni t\u00eb informuar dhe t\u00eb azhurnuar.<\/li>\n<li><strong>Nd\u00ebrtimi i komunitetit:<\/strong> QuemLiga.PT nuk \u00ebsht\u00eb thjesht nj\u00eb faqe interneti; \u00ebsht\u00eb nj\u00eb komunitet. Lidhu me p\u00ebrdorues t\u00eb tjer\u00eb, ndaj ide dhe merr pjes\u00eb n\u00eb diskutime relevante.<\/li>\n<li><strong>Burime m\u00ebsimore:<\/strong> Pavar\u00ebsisht n\u00ebse jeni t\u00eb rinj n\u00eb bot\u00ebn dixhitale apo veteran, ne kemi burime q\u00eb i p\u00ebrshtaten t\u00eb gjitha niveleve t\u00eb p\u00ebrvoj\u00ebs.<\/li>\n<\/ul>\n<p><strong>Angazhimi yn\u00eb<\/strong><\/p>\n<p>Ne jemi t\u00eb p\u00ebrkushtuar p\u00ebr t\u00eb ofruar informacion t\u00eb sakt\u00eb dhe t\u00eb besuesh\u00ebm dhe p\u00ebr t\u00eb krijuar nj\u00eb mjedis ku p\u00ebrdoruesit mund t\u00eb gjejn\u00eb p\u00ebrgjigje dhe zgjidhje p\u00ebr pyetjet dhe nevojat e tyre.<\/p>\n<p><strong>Bashkohuni me ne n\u00eb udh\u00ebtim<\/strong><\/p>\n<p>N\u00eb QuemLiga.PT, ne jemi m\u00eb shum\u00eb sesa thjesht nj\u00eb portal informacioni; ne jemi nj\u00eb platform\u00eb e dedikuar p\u00ebr t&#039;i sh\u00ebrbyer dhe informuar. Ju ftojm\u00eb t\u00eb bashkoheni me ne n\u00eb k\u00ebt\u00eb udh\u00ebtim zbulimi dhe t\u00eb m\u00ebsuari.<\/p>\n<p><strong>Faleminderit<\/strong><\/p>\n<p>Duam t\u00eb shprehim mir\u00ebnjohjen ton\u00eb t\u00eb thell\u00eb p\u00ebr t\u00eb gjith\u00eb p\u00ebrdoruesit dhe an\u00ebtar\u00ebt e komunitetit ton\u00eb q\u00eb e b\u00ebjn\u00eb QuemLiga.PT at\u00eb q\u00eb \u00ebsht\u00eb. Besimi dhe pjes\u00ebmarrja juaj na frym\u00ebzojn\u00eb t\u00eb vazhdojm\u00eb t\u00eb p\u00ebrmir\u00ebsohemi dhe t\u00eb inovojm\u00eb.<\/p>\n<p>Zbuloni, informohuni dhe lidheni me QuemLiga.PT.<\/p>","protected":false},"excerpt":{"rendered":"<p>Bem-vindo ao QuemLiga.PT, onde a informa\u00e7\u00e3o se conecta com a inova\u00e7\u00e3o. Nossa miss\u00e3o No QuemLiga.PT, nossa miss\u00e3o \u00e9 capacitar os usu\u00e1rios com informa\u00e7\u00f5es relevantes e&#8230;<\/p>","protected":false},"author":1,"featured_media":0,"parent":0,"menu_order":0,"comment_status":"closed","ping_status":"closed","template":"","meta":{"footnotes":""},"class_list":["post-974","page","type-page","status-publish","hentry"],"_links":{"self":[{"href":"https:\/\/quemliga.pt\/sq\/wp-json\/wp\/v2\/pages\/974","targetHints":{"allow":["GET"]}}],"collection":[{"href":"https:\/\/quemliga.pt\/sq\/wp-json\/wp\/v2\/pages"}],"about":[{"href":"https:\/\/quemliga.pt\/sq\/wp-json\/wp\/v2\/types\/page"}],"author":[{"embeddable":true,"href":"https:\/\/quemliga.pt\/sq\/wp-json\/wp\/v2\/users\/1"}],"replies":[{"embeddable":true,"href":"https:\/\/quemliga.pt\/sq\/wp-json\/wp\/v2\/comments?post=974"}],"version-history":[{"count":1,"href":"https:\/\/quemliga.pt\/sq\/wp-json\/wp\/v2\/pages\/974\/revisions"}],"predecessor-version":[{"id":975,"href":"https:\/\/quemliga.pt\/sq\/wp-json\/wp\/v2\/pages\/974\/revisions\/975"}],"wp:attachment":[{"href":"https:\/\/quemliga.pt\/sq\/wp-json\/wp\/v2\/media?parent=974"}],"curies":[{"name":"wp","href":"https:\/\/api.w.org\/{rel}","templated":true}]}}