{"id":972,"date":"2023-10-23T22:27:59","date_gmt":"2023-10-24T01:27:59","guid":{"rendered":"https:\/\/quemliga.pt\/?page_id=972"},"modified":"2023-10-23T22:27:59","modified_gmt":"2023-10-24T01:27:59","slug":"politica-de-privacidade-2","status":"publish","type":"page","link":"https:\/\/quemliga.pt\/sq\/politica-de-privacidade-2\/","title":{"rendered":"Politika e Privat\u00ebsis\u00eb"},"content":{"rendered":"<p>N\u00eb QuemLiga.PT, i aksesuesh\u00ebm n\u00eb <a href=\"https:\/\/quemliga.pt\/sq\/\" target=\"_new\" rel=\"noopener\">https:\/\/quemliga.pt\/<\/a>, nj\u00eb nga prioritetet tona kryesore \u00ebsht\u00eb privat\u00ebsia e vizitor\u00ebve tan\u00eb. Ky dokument i Politik\u00ebs s\u00eb Privat\u00ebsis\u00eb p\u00ebrmban llojet e informacionit q\u00eb mblidhet dhe regjistrohet nga QuemLiga.PT dhe m\u00ebnyr\u00ebn se si e p\u00ebrdorim at\u00eb.<\/p>\r\n<p>N\u00ebse keni pyetje shtes\u00eb ose keni nevoj\u00eb p\u00ebr m\u00eb shum\u00eb informacion n\u00eb lidhje me Politik\u00ebn ton\u00eb t\u00eb Privat\u00ebsis\u00eb, mos hezitoni t\u00eb na kontaktoni.<\/p>\r\n<p>Kjo Politik\u00eb Privat\u00ebsie zbatohet vet\u00ebm p\u00ebr aktivitetet tona online dhe \u00ebsht\u00eb e vlefshme p\u00ebr vizitor\u00ebt e faqes son\u00eb t\u00eb internetit n\u00eb lidhje me informacionin q\u00eb ata kan\u00eb ndar\u00eb dhe\/ose mbledhur n\u00eb QuemLiga.PT. Kjo politik\u00eb nuk zbatohet p\u00ebr asnj\u00eb informacion t\u00eb mbledhur jasht\u00eb linje ose p\u00ebrmes kanaleve t\u00eb tjera p\u00ebrve\u00e7 k\u00ebsaj faqeje interneti.<\/p>\r\n<p>P\u00eblqimi Duke p\u00ebrdorur faqen ton\u00eb t\u00eb internetit, ju pranoni Politik\u00ebn ton\u00eb t\u00eb Privat\u00ebsis\u00eb dhe kushtet e saj.<\/p>\r\n<p>Informacioni q\u00eb mbledhim Informacioni personal q\u00eb ju k\u00ebrkohet t\u00eb jepni, dhe arsyet pse ju k\u00ebrkohet ta jepni at\u00eb, do t&#039;ju b\u00ebhen t\u00eb qarta n\u00eb momentin kur ju k\u00ebrkojm\u00eb t\u00eb jepni informacionin tuaj personal.<\/p>\r\n<p>N\u00ebse na kontaktoni drejtp\u00ebrdrejt, ne mund t\u00eb marrim informacione shtes\u00eb rreth jush, si\u00e7 jan\u00eb emri juaj, adresa e email-it, numri i telefonit, p\u00ebrmbajtja e mesazhit dhe\/ose bashk\u00ebngjitjet q\u00eb mund t\u00eb na d\u00ebrgoni, si dhe \u00e7do informacion tjet\u00ebr q\u00eb mund t\u00eb zgjidhni t\u00eb na jepni.<\/p>\r\n<p>Kur regjistroheni p\u00ebr nj\u00eb Llogari, ne mund t&#039;ju k\u00ebrkojm\u00eb informacionin tuaj t\u00eb kontaktit, duke p\u00ebrfshir\u00eb t\u00eb dh\u00ebna t\u00eb tilla si emri, emri i kompanis\u00eb, adresa, adresa e email-it dhe numri i telefonit.<\/p>\r\n<p>Si e P\u00ebrdorim Informacionin Tuaj Ne e p\u00ebrdorim informacionin q\u00eb mbledhim n\u00eb m\u00ebnyra t\u00eb ndryshme, duke p\u00ebrfshir\u00eb:<\/p>\r\n<ul>\r\n<li>Siguroni, operoni dhe mir\u00ebmbani faqen ton\u00eb t\u00eb internetit<\/li>\r\n<li>P\u00ebrmir\u00ebsoni, personalizoni dhe zgjeroni faqen ton\u00eb t\u00eb internetit<\/li>\r\n<li>Kuptoni dhe analizoni se si e p\u00ebrdorni faqen ton\u00eb t\u00eb internetit<\/li>\r\n<li>Zhvilloni produkte, sh\u00ebrbime, ve\u00e7ori dhe funksionalitete t\u00eb reja<\/li>\r\n<li>T\u00eb komunikojm\u00eb me ju, drejtp\u00ebrdrejt ose n\u00ebp\u00ebrmjet nj\u00ebrit prej partner\u00ebve tan\u00eb, duke p\u00ebrfshir\u00eb sh\u00ebrbimin ndaj klientit, p\u00ebr t&#039;ju ofruar p\u00ebrdit\u00ebsime dhe informacione t\u00eb tjera n\u00eb lidhje me Faqen, si dhe p\u00ebr q\u00ebllime marketingu dhe promovimi.<\/li>\r\n<li>T\u00eb d\u00ebrgoj email-e<\/li>\r\n<li>Gjeni dhe shmangni mashtrimet<\/li>\r\n<\/ul>\r\n<p>Skedar\u00ebt e Regjistrimit QuemLiga.PT ndjek nj\u00eb procedur\u00eb standarde t\u00eb p\u00ebrdorimit t\u00eb skedar\u00ebve t\u00eb regjistrit. K\u00ebta skedar\u00eb regjistrojn\u00eb vizitor\u00ebt kur vizitojn\u00eb faqet e internetit. T\u00eb gjitha kompanit\u00eb e hostimit e b\u00ebjn\u00eb k\u00ebt\u00eb dhe jan\u00eb pjes\u00eb e analizave t\u00eb sh\u00ebrbimeve t\u00eb hostimit. Informacioni i mbledhur nga skedar\u00ebt e regjistrit p\u00ebrfshin adresat e protokollit t\u00eb internetit (IP), llojin e shfletuesit, Ofruesin e Sh\u00ebrbimit t\u00eb Internetit (ISP), dat\u00ebn dhe vul\u00ebn e koh\u00ebs, faqet referuese\/dal\u00ebse dhe ndoshta numrin e klikimeve. K\u00ebta skedar\u00eb nuk jan\u00eb t\u00eb lidhur me asnj\u00eb informacion q\u00eb \u00ebsht\u00eb personalisht i identifikuesh\u00ebm. Q\u00ebllimi i informacionit \u00ebsht\u00eb analizimi i trendeve, administrimi i faqes, gjurmimi i l\u00ebvizjes s\u00eb p\u00ebrdoruesve n\u00eb faqe dhe mbledhja e informacionit demografik.<\/p>\r\n<p>Cookies dhe web beacons Ashtu si \u00e7do faqe tjet\u00ebr interneti, QuemLiga.PT p\u00ebrdor &quot;cookies&quot;. K\u00ebto cookie p\u00ebrdoren p\u00ebr t\u00eb ruajtur informacion, duke p\u00ebrfshir\u00eb preferencat e vizitor\u00ebve dhe faqet n\u00eb faqen e internetit q\u00eb vizitori ka aksesuar ose vizituar. Informacioni p\u00ebrdoret p\u00ebr t\u00eb optimizuar p\u00ebrvoj\u00ebn e p\u00ebrdoruesit duke personalizuar p\u00ebrmbajtjen e faqes son\u00eb t\u00eb internetit bazuar n\u00eb llojin e shfletuesit t\u00eb vizitor\u00ebve dhe\/ose informacione t\u00eb tjera.<\/p>\r\n<p>Cookie DART i Google DoubleClick Google \u00ebsht\u00eb nj\u00eb shit\u00ebs i pal\u00ebs s\u00eb tret\u00eb n\u00eb faqen ton\u00eb t\u00eb internetit. Ai gjithashtu p\u00ebrdor cookie, t\u00eb njohura si cookie DART, p\u00ebr t&#039;u shfaqur reklama vizitor\u00ebve t\u00eb faqes son\u00eb t\u00eb internetit bazuar n\u00eb vizit\u00ebn e tyre n\u00eb <a href=\"http:\/\/www.website.com\/\" target=\"_new\" rel=\"noopener\">www.website.com<\/a> dhe faqe t\u00eb tjera n\u00eb internet. Megjithat\u00eb, vizitor\u00ebt mund t\u00eb zgjedhin t\u00eb refuzojn\u00eb p\u00ebrdorimin e cookie-ve DART duke vizituar Politik\u00ebn e Privat\u00ebsis\u00eb s\u00eb rrjetit t\u00eb reklamave dhe p\u00ebrmbajtjes s\u00eb Google n\u00eb URL-n\u00eb e m\u00ebposhtme \u2013 <a href=\"https:\/\/policies.google.com\/technologies\/ads\" target=\"_new\" rel=\"noopener\">https:\/\/policies.google.com\/technologies\/ads<\/a><\/p>\r\n<p>Politikat e Privat\u00ebsis\u00eb s\u00eb Partner\u00ebve t\u00eb Reklamimit Mund t\u00eb konsultoheni me k\u00ebt\u00eb list\u00eb p\u00ebr t\u00eb gjetur Politik\u00ebn e Privat\u00ebsis\u00eb p\u00ebr secilin prej partner\u00ebve t\u00eb reklamimit t\u00eb QuemLiga.PT.<\/p>\r\n<p>Server\u00ebt e reklamave ose rrjetet e reklamave t\u00eb pal\u00ebve t\u00eb treta p\u00ebrdorin teknologji si cookie-t, JavaScript ose Web Beacons q\u00eb p\u00ebrdoren n\u00eb reklamat dhe lidhjet e tyre q\u00eb shfaqen n\u00eb QuemLiga.PT, t\u00eb cilat d\u00ebrgohen direkt n\u00eb shfletuesit e p\u00ebrdoruesve. Ata marrin automatikisht adres\u00ebn tuaj IP kur kjo ndodh. K\u00ebto teknologji p\u00ebrdoren p\u00ebr t\u00eb matur efektivitetin e fushatave t\u00eb tyre reklamuese dhe\/ose p\u00ebr t\u00eb personalizuar p\u00ebrmbajtjen reklamuese q\u00eb shihni n\u00eb faqet e internetit q\u00eb vizitoni.<\/p>\r\n<p>Ju lutemi vini re se QuemLiga.PT nuk ka qasje ose kontroll mbi k\u00ebto cookie q\u00eb p\u00ebrdoren nga reklamuesit e pal\u00ebve t\u00eb treta.<\/p>\r\n<p>Politikat e Privat\u00ebsis\u00eb s\u00eb Pal\u00ebve t\u00eb Treta Politika e Privat\u00ebsis\u00eb e QuemLiga.PT nuk zbatohet p\u00ebr reklamuesit ose faqet e internetit t\u00eb tjera. Prandaj, ju k\u00ebshillojm\u00eb t\u00eb konsultoheni me Politikat p\u00ebrkat\u00ebse t\u00eb Privat\u00ebsis\u00eb t\u00eb k\u00ebtyre server\u00ebve t\u00eb reklamave t\u00eb pal\u00ebve t\u00eb treta p\u00ebr informacion m\u00eb t\u00eb detajuar. Kjo mund t\u00eb p\u00ebrfshij\u00eb praktikat dhe udh\u00ebzimet e tyre se si t\u00eb \u00e7regjistroheni nga opsione t\u00eb caktuara.<\/p>\r\n<p>Mund t\u00eb zgjidhni t\u00eb \u00e7aktivizoni &quot;cookies&quot; p\u00ebrmes opsioneve individuale t\u00eb shfletuesit tuaj. P\u00ebr informacion m\u00eb t\u00eb detajuar n\u00eb lidhje me menaxhimin e &quot;cookies&quot; me shfletues specifik\u00eb t\u00eb internetit, ju lutemi ta gjeni n\u00eb faqet e internetit p\u00ebrkat\u00ebse t\u00eb shfletuesve.<\/p>\r\n<p>T\u00eb Drejtat e Privat\u00ebsis\u00eb t\u00eb CCPA-s\u00eb (Mos i Shisni Informacionet e Mia Personale) Sipas CCPA-s\u00eb, nd\u00ebr t\u00eb drejta t\u00eb tjera, konsumator\u00ebt e Kalifornis\u00eb kan\u00eb t\u00eb drejt\u00eb t\u00eb:<\/p>\r\n<ul>\r\n<li>K\u00ebrkoni q\u00eb nj\u00eb biznes q\u00eb mbledh t\u00eb dh\u00ebna personale t\u00eb nj\u00eb konsumatori t\u00eb zbuloj\u00eb kategorit\u00eb dhe pjes\u00ebt specifike t\u00eb t\u00eb dh\u00ebnave personale q\u00eb nj\u00eb biznes ka mbledhur rreth konsumator\u00ebve.<\/li>\r\n<li>K\u00ebrkoni q\u00eb nj\u00eb biznes t\u00eb fshij\u00eb \u00e7do t\u00eb dh\u00ebn\u00eb personale n\u00eb lidhje me konsumatorin q\u00eb ka mbledhur.<\/li>\r\n<li>K\u00ebrkoni q\u00eb nj\u00eb biznes q\u00eb shet t\u00eb dh\u00ebnat personale t\u00eb nj\u00eb konsumatori, t\u00eb mos i shes\u00eb t\u00eb dh\u00ebnat personale t\u00eb konsumatorit.<\/li>\r\n<\/ul>\r\n<p>N\u00ebse b\u00ebni nj\u00eb k\u00ebrkes\u00eb, ne kemi nj\u00eb muaj p\u00ebr t&#039;ju p\u00ebrgjigjur. N\u00ebse d\u00ebshironi t\u00eb ushtroni ndonj\u00eb nga k\u00ebto t\u00eb drejta, ju lutemi na kontaktoni.<\/p>\r\n<p>T\u00eb drejtat e mbrojtjes s\u00eb t\u00eb dh\u00ebnave sipas GDPR-s\u00eb Ne duam t\u00eb sigurohemi q\u00eb ju jeni plot\u00ebsisht t\u00eb vet\u00ebdijsh\u00ebm p\u00ebr t\u00eb gjitha t\u00eb drejtat tuaja p\u00ebr mbrojtjen e t\u00eb dh\u00ebnave. \u00c7do p\u00ebrdorues ka t\u00eb drejt\u00ebn p\u00ebr sa vijon:<\/p>\r\n<ul>\r\n<li>E drejta p\u00ebr akses \u2013 Ju keni t\u00eb drejt\u00eb t\u00eb k\u00ebrkoni kopje t\u00eb t\u00eb dh\u00ebnave tuaja personale. Ne mund t\u00eb aplikojm\u00eb nj\u00eb tarif\u00eb t\u00eb vog\u00ebl p\u00ebr k\u00ebt\u00eb sh\u00ebrbim.<\/li>\r\n<li>E drejta p\u00ebr korrigjim \u2013 Ju keni t\u00eb drejt\u00eb t\u00eb k\u00ebrkoni q\u00eb ne t\u00eb korrigjojm\u00eb \u00e7do informacion q\u00eb ju besoni se \u00ebsht\u00eb i pasakt\u00eb. Ju gjithashtu keni t\u00eb drejt\u00eb t\u00eb k\u00ebrkoni q\u00eb ne t\u00eb plot\u00ebsojm\u00eb informacionin q\u00eb ju besoni se \u00ebsht\u00eb i paplot\u00eb.<\/li>\r\n<li>E drejta p\u00ebr fshirje \u2013 Ju keni t\u00eb drejt\u00eb t\u00eb k\u00ebrkoni q\u00eb ne t\u00eb fshijm\u00eb t\u00eb dh\u00ebnat tuaja personale, n\u00eb kushte t\u00eb caktuara.<\/li>\r\n<li>E drejta p\u00ebr t\u00eb kufizuar p\u00ebrpunimin \u2013 Ju keni t\u00eb drejt\u00eb t\u00eb k\u00ebrkoni q\u00eb ne t\u00eb kufizojm\u00eb p\u00ebrpunimin e t\u00eb dh\u00ebnave tuaja personale, n\u00eb kushte t\u00eb caktuara.<\/li>\r\n<li>E drejta p\u00ebr t\u00eb kund\u00ebrshtuar p\u00ebrpunimin \u2013 Ju keni t\u00eb drejt\u00eb t\u00eb kund\u00ebrshtoni p\u00ebrpunimin ton\u00eb t\u00eb t\u00eb dh\u00ebnave tuaja personale, n\u00eb kushte t\u00eb caktuara.<\/li>\r\n<li>E drejta p\u00ebr transportueshm\u00ebri t\u00eb t\u00eb dh\u00ebnave \u2013 Ju keni t\u00eb drejt\u00eb t\u00eb k\u00ebrkoni q\u00eb ne t\u2019i transferojm\u00eb t\u00eb dh\u00ebnat q\u00eb kemi mbledhur n\u00eb nj\u00eb organizat\u00eb tjet\u00ebr, ose direkt tek ju, n\u00eb kushte t\u00eb caktuara.<\/li>\r\n<\/ul>\r\n<p>N\u00ebse b\u00ebni nj\u00eb k\u00ebrkes\u00eb, ne kemi nj\u00eb muaj p\u00ebr t&#039;ju p\u00ebrgjigjur. N\u00ebse d\u00ebshironi t\u00eb ushtroni ndonj\u00eb nga k\u00ebto t\u00eb drejta, ju lutemi na kontaktoni.<\/p>\r\n<p>Informacioni p\u00ebr F\u00ebmij\u00ebt Nj\u00eb p\u00ebrpar\u00ebsi tjet\u00ebr \u00ebsht\u00eb mbrojtja e f\u00ebmij\u00ebve gjat\u00eb p\u00ebrdorimit t\u00eb internetit. Ne i inkurajojm\u00eb prind\u00ebrit dhe kujdestar\u00ebt t\u00eb v\u00ebzhgojn\u00eb, t\u00eb marrin pjes\u00eb dhe\/ose t\u00eb monitorojn\u00eb dhe udh\u00ebzojn\u00eb aktivitetin e tyre online.<\/p>\r\n<p>QuemLiga.PT nuk mbledh me vet\u00ebdije asnj\u00eb informacion personal t\u00eb identifikuesh\u00ebm nga f\u00ebmij\u00ebt n\u00ebn mosh\u00ebn 13 vje\u00e7. N\u00ebse besoni se f\u00ebmija juaj ka dh\u00ebn\u00eb k\u00ebt\u00eb lloj informacioni n\u00eb faqen ton\u00eb t\u00eb internetit, ju inkurajojm\u00eb fuqimisht t\u00eb na kontaktoni menj\u00ebher\u00eb dhe ne do t\u00eb b\u00ebjm\u00eb p\u00ebrpjekjet tona m\u00eb t\u00eb mira p\u00ebr t\u00eb hequr menj\u00ebher\u00eb informacionin e till\u00eb nga t\u00eb dh\u00ebnat tona.<\/p>\r\n<p>Ndryshimet n\u00eb k\u00ebt\u00eb Politik\u00eb Privat\u00ebsie Ne mund ta p\u00ebrdit\u00ebsojm\u00eb Politik\u00ebn ton\u00eb t\u00eb Privat\u00ebsis\u00eb her\u00eb pas here. Prandaj, ju k\u00ebshillojm\u00eb ta rishikoni k\u00ebt\u00eb faqe periodikisht p\u00ebr \u00e7do ndryshim. Ne do t&#039;ju njoftojm\u00eb p\u00ebr \u00e7do ndryshim duke postuar Politik\u00ebn e re t\u00eb Privat\u00ebsis\u00eb n\u00eb k\u00ebt\u00eb faqe. K\u00ebto ndryshime hyjn\u00eb n\u00eb fuqi menj\u00ebher\u00eb pasi t\u00eb postohen n\u00eb k\u00ebt\u00eb faqe.<\/p>\r\n<p>Politika jon\u00eb e Privat\u00ebsis\u00eb u krijua me ndihm\u00ebn e Gjeneratorit t\u00eb Politikave t\u00eb Privat\u00ebsis\u00eb.<\/p>\r\n<p>Na Kontaktoni N\u00ebse keni ndonj\u00eb pyetje ose sugjerim n\u00eb lidhje me Politik\u00ebn ton\u00eb t\u00eb Privat\u00ebsis\u00eb, ju lutemi mos hezitoni t\u00eb na kontaktoni.<\/p>","protected":false},"excerpt":{"rendered":"<p>No QuemLiga.PT, acess\u00edvel em https:\/\/quemliga.pt\/, uma das nossas principais prioridades \u00e9 a privacidade dos nossos visitantes. Este documento de Pol\u00edtica de Privacidade cont\u00e9m tipos de&#8230;<\/p>","protected":false},"author":1,"featured_media":0,"parent":0,"menu_order":0,"comment_status":"closed","ping_status":"closed","template":"","meta":{"footnotes":""},"class_list":["post-972","page","type-page","status-publish","hentry"],"_links":{"self":[{"href":"https:\/\/quemliga.pt\/sq\/wp-json\/wp\/v2\/pages\/972","targetHints":{"allow":["GET"]}}],"collection":[{"href":"https:\/\/quemliga.pt\/sq\/wp-json\/wp\/v2\/pages"}],"about":[{"href":"https:\/\/quemliga.pt\/sq\/wp-json\/wp\/v2\/types\/page"}],"author":[{"embeddable":true,"href":"https:\/\/quemliga.pt\/sq\/wp-json\/wp\/v2\/users\/1"}],"replies":[{"embeddable":true,"href":"https:\/\/quemliga.pt\/sq\/wp-json\/wp\/v2\/comments?post=972"}],"version-history":[{"count":1,"href":"https:\/\/quemliga.pt\/sq\/wp-json\/wp\/v2\/pages\/972\/revisions"}],"predecessor-version":[{"id":973,"href":"https:\/\/quemliga.pt\/sq\/wp-json\/wp\/v2\/pages\/972\/revisions\/973"}],"wp:attachment":[{"href":"https:\/\/quemliga.pt\/sq\/wp-json\/wp\/v2\/media?parent=972"}],"curies":[{"name":"wp","href":"https:\/\/api.w.org\/{rel}","templated":true}]}}