{"id":972,"date":"2023-10-23T22:27:59","date_gmt":"2023-10-24T01:27:59","guid":{"rendered":"https:\/\/quemliga.pt\/?page_id=972"},"modified":"2023-10-23T22:27:59","modified_gmt":"2023-10-24T01:27:59","slug":"politica-de-privacidade-2","status":"publish","type":"page","link":"https:\/\/quemliga.pt\/sk\/politica-de-privacidade-2\/","title":{"rendered":"Z\u00e1sady ochrany osobn\u00fdch \u00fadajov"},"content":{"rendered":"<p>Na QuemLiga.PT, dostupn\u00e9 na <a href=\"https:\/\/quemliga.pt\/sk\/\" target=\"_new\" rel=\"noopener\">https:\/\/quemliga.pt\/<\/a>, jednou z na\u0161ich hlavn\u00fdch prior\u00edt je s\u00fakromie na\u0161ich n\u00e1v\u0161tevn\u00edkov. Tento dokument Z\u00e1sady ochrany osobn\u00fdch \u00fadajov obsahuje typy inform\u00e1ci\u00ed, ktor\u00e9 zhroma\u017e\u010fuje a zaznamen\u00e1va QuemLiga.PT a ako ich pou\u017e\u00edvame.<\/p>\r\n<p>Ak m\u00e1te \u010fal\u0161ie ot\u00e1zky alebo po\u017eadujete viac inform\u00e1ci\u00ed o na\u0161ich Z\u00e1sad\u00e1ch ochrany osobn\u00fdch \u00fadajov, nev\u00e1hajte n\u00e1s kontaktova\u0165.<\/p>\r\n<p>Tieto Z\u00e1sady ochrany osobn\u00fdch \u00fadajov sa vz\u0165ahuj\u00fa iba na na\u0161e online aktivity a platia pre n\u00e1v\u0161tevn\u00edkov na\u0161ej webovej str\u00e1nky, pokia\u013e ide o inform\u00e1cie, ktor\u00e9 zdie\u013eaj\u00fa a\/alebo zbieraj\u00fa v QuemLiga.PT. Tieto z\u00e1sady sa nevz\u0165ahuj\u00fa na \u017eiadne inform\u00e1cie zhroma\u017eden\u00e9 offline alebo prostredn\u00edctvom in\u00fdch kan\u00e1lov, ako je t\u00e1to webov\u00e1 lokalita.<\/p>\r\n<p>S\u00fahlas Pou\u017e\u00edvan\u00edm na\u0161ej webovej str\u00e1nky s\u00fahlas\u00edte s na\u0161imi Z\u00e1sadami ochrany osobn\u00fdch \u00fadajov a s\u00fahlas\u00edte s ich podmienkami.<\/p>\r\n<p>Inform\u00e1cie, ktor\u00e9 zhroma\u017e\u010fujeme Osobn\u00e9 \u00fadaje, ktor\u00e9 v\u00e1s \u017eiadame poskytn\u00fa\u0165, a d\u00f4vody, pre\u010do v\u00e1s \u017eiadame o ich poskytnutie, v\u00e1m bud\u00fa objasnen\u00e9 v okamihu, ke\u010f v\u00e1s po\u017eiadame o poskytnutie va\u0161ich osobn\u00fdch \u00fadajov.<\/p>\r\n<p>Ak n\u00e1s kontaktujete priamo, m\u00f4\u017eeme o v\u00e1s dosta\u0165 \u010fal\u0161ie inform\u00e1cie, ako je va\u0161e meno, e-mailov\u00e1 adresa, telef\u00f3nne \u010d\u00edslo, obsah spr\u00e1vy a\/alebo pr\u00edloh, ktor\u00e9 n\u00e1m m\u00f4\u017eete posla\u0165, a ak\u00e9ko\u013evek \u010fal\u0161ie inform\u00e1cie, ktor\u00e9 sa rozhodnete poskytn\u00fa\u0165.<\/p>\r\n<p>Ke\u010f si zaregistrujete \u00fa\u010det, m\u00f4\u017eeme v\u00e1s po\u017eiada\u0165 o kontaktn\u00e9 inform\u00e1cie vr\u00e1tane polo\u017eiek, ako je meno, n\u00e1zov spolo\u010dnosti, adresa, e-mailov\u00e1 adresa a telef\u00f3nne \u010d\u00edslo.<\/p>\r\n<p>Ako pou\u017e\u00edvame va\u0161e inform\u00e1cie Inform\u00e1cie, ktor\u00e9 zhroma\u017e\u010fujeme, pou\u017e\u00edvame r\u00f4znymi sp\u00f4sobmi, vr\u00e1tane:<\/p>\r\n<ul>\r\n<li>Poskytova\u0165, prev\u00e1dzkova\u0165 a udr\u017eiava\u0165 na\u0161u webov\u00fa str\u00e1nku<\/li>\r\n<li>Vylep\u0161ite, prisp\u00f4sobte a roz\u0161\u00edrte na\u0161u webov\u00fa str\u00e1nku<\/li>\r\n<li>Pochopte a analyzujte, ako pou\u017e\u00edvate na\u0161u webov\u00fa str\u00e1nku<\/li>\r\n<li>Vyv\u00edjajte nov\u00e9 produkty, slu\u017eby, vlastnosti a funkcie<\/li>\r\n<li>Komunikova\u0165 s vami, \u010di u\u017e priamo, alebo prostredn\u00edctvom jedn\u00e9ho z na\u0161ich partnerov, a to aj pre z\u00e1kazn\u00edcky servis, aby sme v\u00e1m poskytli aktualiz\u00e1cie a \u010fal\u0161ie inform\u00e1cie t\u00fdkaj\u00face sa webovej str\u00e1nky a na marketingov\u00e9 a propaga\u010dn\u00e9 \u00fa\u010dely<\/li>\r\n<li>Posiela\u0165 v\u00e1m e-maily<\/li>\r\n<li>N\u00e1jdite a vyhnite sa podvodom<\/li>\r\n<\/ul>\r\n<p>Protokoly QuemLiga.PT sa riadi \u0161tandardn\u00fdm postupom pou\u017e\u00edvania protokolov\u00fdch s\u00faborov. Tieto s\u00fabory zaznamen\u00e1vaj\u00fa n\u00e1v\u0161tevn\u00edkov, ke\u010f nav\u0161t\u00edvia webov\u00e9 str\u00e1nky. Robia to v\u0161etky hostingov\u00e9 spolo\u010dnosti a je to s\u00fa\u010das\u0165ou anal\u00fdzy hostingov\u00fdch slu\u017eieb. Inform\u00e1cie zhroma\u017eden\u00e9 protokolov\u00fdmi s\u00fabormi zah\u0155\u0148aj\u00fa adresy internetov\u00e9ho protokolu (IP), typ prehliada\u010da, poskytovate\u013ea internetov\u00fdch slu\u017eieb (ISP), d\u00e1tum a \u010dasov\u00fa pe\u010diatku, odkazuj\u00face\/v\u00fdstupn\u00e9 str\u00e1nky a mo\u017eno aj po\u010det kliknut\u00ed. Nie s\u00fa prepojen\u00e9 so \u017eiadnymi inform\u00e1ciami, ktor\u00e9 s\u00fa osobne identifikovate\u013en\u00e9. \u00da\u010delom inform\u00e1ci\u00ed je analyzova\u0165 trendy, spravova\u0165 str\u00e1nku, sledova\u0165 pohyb pou\u017e\u00edvate\u013eov na webovej str\u00e1nke a zhroma\u017e\u010fova\u0165 demografick\u00e9 inform\u00e1cie.<\/p>\r\n<p>Cookies a webov\u00e9 maj\u00e1ky Ako ka\u017ed\u00e1 in\u00e1 webov\u00e1 str\u00e1nka, aj QuemLiga.PT pou\u017e\u00edva \u201ecookies\u201c. Tieto s\u00fabory cookie sa pou\u017e\u00edvaj\u00fa na ukladanie inform\u00e1ci\u00ed vr\u00e1tane preferenci\u00ed n\u00e1v\u0161tevn\u00edkov a str\u00e1nok na webovej lokalite, ktor\u00e9 n\u00e1v\u0161tevn\u00edk nav\u0161t\u00edvil alebo ich nav\u0161t\u00edvil. Inform\u00e1cie sa pou\u017e\u00edvaj\u00fa na optimaliz\u00e1ciu sk\u00fasenost\u00ed pou\u017e\u00edvate\u013eov prisp\u00f4soben\u00edm obsahu na\u0161ej webovej str\u00e1nky na z\u00e1klade typu prehliada\u010da n\u00e1v\u0161tevn\u00edkov a\/alebo in\u00fdch inform\u00e1ci\u00ed.<\/p>\r\n<p>Google DoubleClick DART Cookie Google je dod\u00e1vate\u013e tretej strany na na\u0161ej str\u00e1nke. Pou\u017e\u00edva tie\u017e s\u00fabory cookie, zn\u00e1me ako s\u00fabory cookie DART, na zobrazovanie rekl\u00e1m n\u00e1v\u0161tevn\u00edkom na\u0161ich webov\u00fdch str\u00e1nok na z\u00e1klade ich n\u00e1v\u0161tevy <a href=\"http:\/\/www.website.com\/\" target=\"_new\" rel=\"noopener\">www.website.com<\/a> a in\u00e9 str\u00e1nky na internete. N\u00e1v\u0161tevn\u00edci sa v\u0161ak m\u00f4\u017eu rozhodn\u00fa\u0165 odmietnu\u0165 pou\u017e\u00edvanie s\u00faborov cookie DART tak, \u017ee nav\u0161t\u00edvia pravidl\u00e1 ochrany osobn\u00fdch \u00fadajov reklamnej a obsahovej siete Google na nasleduj\u00facej adrese URL \u2013 <a href=\"https:\/\/policies.google.com\/technologies\/ads\" target=\"_new\" rel=\"noopener\">https:\/\/policies.google.com\/technologies\/ads<\/a><\/p>\r\n<p>Z\u00e1sady ochrany osobn\u00fdch \u00fadajov reklamn\u00fdch partnerov V tomto zozname m\u00f4\u017eete n\u00e1js\u0165 z\u00e1sady ochrany osobn\u00fdch \u00fadajov pre ka\u017ed\u00e9ho z reklamn\u00fdch partnerov QuemLiga.PT.<\/p>\r\n<p>Reklamn\u00e9 servery alebo reklamn\u00e9 siete tret\u00edch str\u00e1n pou\u017e\u00edvaj\u00fa technol\u00f3gie ako cookies, JavaScript alebo Web Beacons, ktor\u00e9 sa pou\u017e\u00edvaj\u00fa v ich pr\u00edslu\u0161n\u00fdch reklam\u00e1ch a odkazoch, ktor\u00e9 sa zobrazuj\u00fa na QuemLiga.PT, ktor\u00e9 sa odosielaj\u00fa priamo do prehliada\u010da pou\u017e\u00edvate\u013eov. Ke\u010f k tomu d\u00f4jde, automaticky dostan\u00fa va\u0161u IP adresu. Tieto technol\u00f3gie sa pou\u017e\u00edvaj\u00fa na meranie \u00fa\u010dinnosti ich reklamn\u00fdch kampan\u00ed a\/alebo na prisp\u00f4sobenie reklamn\u00e9ho obsahu, ktor\u00fd vid\u00edte na webov\u00fdch str\u00e1nkach, ktor\u00e9 nav\u0161tevujete.<\/p>\r\n<p>Upozor\u0148ujeme, \u017ee QuemLiga.PT nem\u00e1 \u017eiadny pr\u00edstup ani kontrolu nad t\u00fdmito s\u00fabormi cookie pou\u017e\u00edvan\u00fdmi inzerentmi tret\u00edch str\u00e1n.<\/p>\r\n<p>Z\u00e1sady ochrany osobn\u00fdch \u00fadajov tret\u00edch str\u00e1n Z\u00e1sady ochrany osobn\u00fdch \u00fadajov QuemLiga.PT sa nevz\u0165ahuj\u00fa na in\u00fdch inzerentov alebo webov\u00e9 str\u00e1nky. Preto v\u00e1m odpor\u00fa\u010dame, aby ste si podrobnej\u0161ie inform\u00e1cie pre\u010d\u00edtali v pr\u00edslu\u0161n\u00fdch Z\u00e1sad\u00e1ch ochrany osobn\u00fdch \u00fadajov t\u00fdchto reklamn\u00fdch serverov tret\u00edch str\u00e1n. M\u00f4\u017ee obsahova\u0165 svoje postupy a pokyny, ako sa odhl\u00e1si\u0165 z ur\u010dit\u00fdch mo\u017enost\u00ed.<\/p>\r\n<p>S\u00fabory cookie m\u00f4\u017eete zak\u00e1za\u0165 prostredn\u00edctvom individu\u00e1lnych mo\u017enost\u00ed prehliada\u010da. Ak chcete z\u00edska\u0165 podrobnej\u0161ie inform\u00e1cie o spr\u00e1ve s\u00faborov cookie pomocou konkr\u00e9tnych webov\u00fdch prehliada\u010dov, n\u00e1jdete ich na pr\u00edslu\u0161n\u00fdch webov\u00fdch str\u00e1nkach prehliada\u010dov.<\/p>\r\n<p>Pr\u00e1va na ochranu osobn\u00fdch \u00fadajov pod\u013ea z\u00e1kona CCPA (Nepred\u00e1vajte moje osobn\u00e9 \u00fadaje) Pod\u013ea z\u00e1kona CCPA maj\u00fa spotrebitelia v Kalifornii okrem in\u00fdch pr\u00e1v n\u00e1rok na:<\/p>\r\n<ul>\r\n<li>Po\u017eiada\u0165, aby podnik, ktor\u00fd zhroma\u017e\u010fuje osobn\u00e9 \u00fadaje spotrebite\u013eov, zverejnil kateg\u00f3rie a konkr\u00e9tne osobn\u00e9 \u00fadaje, ktor\u00e9 podnik o spotrebite\u013eoch zhroma\u017edil.<\/li>\r\n<li>Po\u017eiada\u0165, aby podnik vymazal v\u0161etky osobn\u00e9 \u00fadaje o spotrebite\u013eovi, ktor\u00e9 zhroma\u017edil.<\/li>\r\n<li>\u017diada\u0165, aby podnik, ktor\u00fd pred\u00e1va osobn\u00e9 \u00fadaje spotrebite\u013ea, nepred\u00e1val osobn\u00e9 \u00fadaje spotrebite\u013ea.<\/li>\r\n<\/ul>\r\n<p>Ak pod\u00e1te \u017eiados\u0165, m\u00e1me jeden mesiac na odpove\u010f. Ak si \u017eel\u00e1te uplatni\u0165 niektor\u00e9 z t\u00fdchto pr\u00e1v, kontaktujte n\u00e1s.<\/p>\r\n<p>Pr\u00e1va na ochranu \u00fadajov GDPR Radi by sme sa uistili, \u017ee ste si plne vedom\u00ed v\u0161etk\u00fdch svojich pr\u00e1v na ochranu \u00fadajov. Ka\u017ed\u00fd u\u017e\u00edvate\u013e m\u00e1 n\u00e1rok na nasledovn\u00e9:<\/p>\r\n<ul>\r\n<li>Pr\u00e1vo na pr\u00edstup \u2013 m\u00e1te pr\u00e1vo po\u017eadova\u0165 k\u00f3pie svojich osobn\u00fdch \u00fadajov. Za t\u00fato slu\u017ebu si m\u00f4\u017eeme \u00fa\u010dtova\u0165 mal\u00fd poplatok.<\/li>\r\n<li>Pr\u00e1vo na opravu \u2013 M\u00e1te pr\u00e1vo po\u017eadova\u0165, aby sme opravili ak\u00e9ko\u013evek inform\u00e1cie, ktor\u00e9 pova\u017eujete za nepresn\u00e9. M\u00e1te tie\u017e pr\u00e1vo po\u017eiada\u0165 n\u00e1s o doplnenie inform\u00e1ci\u00ed, o ktor\u00fdch si mysl\u00edte, \u017ee s\u00fa ne\u00fapln\u00e9.<\/li>\r\n<li>Pr\u00e1vo na vymazanie \u2013 M\u00e1te pr\u00e1vo po\u017eadova\u0165, aby sme za ur\u010dit\u00fdch podmienok vymazali va\u0161e osobn\u00e9 \u00fadaje.<\/li>\r\n<li>Pr\u00e1vo na obmedzenie sprac\u00favania \u2013 m\u00e1te pr\u00e1vo po\u017eadova\u0165, aby sme za ur\u010dit\u00fdch podmienok obmedzili sprac\u00favanie va\u0161ich osobn\u00fdch \u00fadajov.<\/li>\r\n<li>Pr\u00e1vo namieta\u0165 proti spracovaniu \u2013 za ur\u010dit\u00fdch podmienok m\u00e1te pr\u00e1vo namieta\u0165 proti n\u00e1\u0161mu spracovaniu va\u0161ich osobn\u00fdch \u00fadajov.<\/li>\r\n<li>Pr\u00e1vo na prenosnos\u0165 \u00fadajov \u2013 M\u00e1te pr\u00e1vo po\u017eadova\u0165, aby sme za ur\u010dit\u00fdch podmienok preniesli \u00fadaje, ktor\u00e9 zhroma\u017e\u010fujeme, inej organiz\u00e1cii alebo priamo v\u00e1m.<\/li>\r\n<\/ul>\r\n<p>Ak pod\u00e1te \u017eiados\u0165, m\u00e1me jeden mesiac na odpove\u010f. Ak si \u017eel\u00e1te uplatni\u0165 niektor\u00e9 z t\u00fdchto pr\u00e1v, kontaktujte n\u00e1s.<\/p>\r\n<p>Inform\u00e1cie pre deti \u010eal\u0161ou s\u00fa\u010das\u0165ou na\u0161ej priority je prida\u0165 ochranu det\u00ed pri pou\u017e\u00edvan\u00ed internetu. Odpor\u00fa\u010dame rodi\u010dom a opatrovn\u00edkom, aby pozorovali, z\u00fa\u010dast\u0148ovali sa a\/alebo monitorovali a usmer\u0148ovali svoje online aktivity.<\/p>\r\n<p>QuemLiga.PT vedome nezhroma\u017e\u010fuje \u017eiadne osobn\u00e9 \u00fadaje od det\u00ed mlad\u0161\u00edch ako 13 rokov. Ak si mysl\u00edte, \u017ee va\u0161e die\u0165a poskytlo tento druh inform\u00e1ci\u00ed na na\u0161ej webovej str\u00e1nke, d\u00f4razne v\u00e1m odpor\u00fa\u010dame, aby ste n\u00e1s okam\u017eite kontaktovali a my urob\u00edme v\u0161etko pre to, aby sme tak\u00e9to inform\u00e1cie z na\u0161ich z\u00e1znamov ur\u00fdchlene odstr\u00e1nili.<\/p>\r\n<p>Zmeny t\u00fdchto z\u00e1sad ochrany osobn\u00fdch \u00fadajov Z \u010dasu na \u010das m\u00f4\u017eeme aktualizova\u0165 na\u0161e z\u00e1sady ochrany osobn\u00fdch \u00fadajov. Preto v\u00e1m odpor\u00fa\u010dame pravidelne kontrolova\u0165 t\u00fato str\u00e1nku, \u010di neobsahuje nejak\u00e9 zmeny. O ak\u00fdchko\u013evek zmen\u00e1ch v\u00e1s budeme informova\u0165 zverejnen\u00edm nov\u00fdch Z\u00e1sad ochrany osobn\u00fdch \u00fadajov na tejto str\u00e1nke. Tieto zmeny s\u00fa \u00fa\u010dinn\u00e9 ihne\u010f po zverejnen\u00ed na tejto str\u00e1nke.<\/p>\r\n<p>Na\u0161e z\u00e1sady ochrany osobn\u00fdch \u00fadajov boli vytvoren\u00e9 pomocou gener\u00e1tora z\u00e1sad ochrany osobn\u00fdch \u00fadajov.<\/p>\r\n<p>Kontaktujte n\u00e1s Ak m\u00e1te ak\u00e9ko\u013evek ot\u00e1zky alebo n\u00e1vrhy t\u00fdkaj\u00face sa na\u0161ich Z\u00e1sad ochrany osobn\u00fdch \u00fadajov, nev\u00e1hajte n\u00e1s kontaktova\u0165.<\/p>","protected":false},"excerpt":{"rendered":"<p>Na QuemLiga.PT, dostupnej z https:\/\/quemliga.pt\/, je jednou z na\u0161ich hlavn\u00fdch prior\u00edt s\u00fakromie na\u0161ich n\u00e1v\u0161tevn\u00edkov. Tento dokument Z\u00e1sady ochrany osobn\u00fdch \u00fadajov obsahuje typy\u2026<\/p>","protected":false},"author":1,"featured_media":0,"parent":0,"menu_order":0,"comment_status":"closed","ping_status":"closed","template":"","meta":{"footnotes":""},"class_list":["post-972","page","type-page","status-publish","hentry"],"_links":{"self":[{"href":"https:\/\/quemliga.pt\/sk\/wp-json\/wp\/v2\/pages\/972","targetHints":{"allow":["GET"]}}],"collection":[{"href":"https:\/\/quemliga.pt\/sk\/wp-json\/wp\/v2\/pages"}],"about":[{"href":"https:\/\/quemliga.pt\/sk\/wp-json\/wp\/v2\/types\/page"}],"author":[{"embeddable":true,"href":"https:\/\/quemliga.pt\/sk\/wp-json\/wp\/v2\/users\/1"}],"replies":[{"embeddable":true,"href":"https:\/\/quemliga.pt\/sk\/wp-json\/wp\/v2\/comments?post=972"}],"version-history":[{"count":1,"href":"https:\/\/quemliga.pt\/sk\/wp-json\/wp\/v2\/pages\/972\/revisions"}],"predecessor-version":[{"id":973,"href":"https:\/\/quemliga.pt\/sk\/wp-json\/wp\/v2\/pages\/972\/revisions\/973"}],"wp:attachment":[{"href":"https:\/\/quemliga.pt\/sk\/wp-json\/wp\/v2\/media?parent=972"}],"curies":[{"name":"wp","href":"https:\/\/api.w.org\/{rel}","templated":true}]}}