{"id":974,"date":"2023-10-23T22:28:22","date_gmt":"2023-10-24T01:28:22","guid":{"rendered":"https:\/\/quemliga.pt\/?page_id=974"},"modified":"2023-10-23T22:28:22","modified_gmt":"2023-10-24T01:28:22","slug":"sobre","status":"publish","type":"page","link":"https:\/\/quemliga.pt\/ro\/sobre\/","title":{"rendered":"Despre"},"content":{"rendered":"<p>Bine a\u021bi venit la QuemLiga.PT, unde informa\u021biile se conecteaz\u0103 cu inova\u021bia.<\/p>\n<p><strong>Misiunea noastr\u0103<\/strong><\/p>\n<p>La QuemLiga.PT, misiunea noastr\u0103 este s\u0103 oferim utilizatorilor informa\u021bii relevante \u0219i actualizate, permi\u021b\u00e2ndu-le s\u0103 navigheze \u00een lumea digital\u0103 cu \u00eencredere. Credem c\u0103 informa\u021bia este cheia pentru a lua decizii informate \u0219i a r\u0103m\u00e2ne la curent.<\/p>\n<p><strong>Ceea ce oferim<\/strong><\/p>\n<ul>\n<li><strong>Articole detaliate:<\/strong> Oferim articole, recenzii \u0219i ghiduri care acoper\u0103 o gam\u0103 larg\u0103 de subiecte, ajut\u00e2ndu-v\u0103 s\u0103 r\u0103m\u00e2ne\u021bi informat \u0219i la curent.<\/li>\n<li><strong>Construirea comunit\u0103\u021bii:<\/strong> QuemLiga.PT nu este doar un site web; este o comunitate. Conecta\u021bi-v\u0103 cu al\u021bi utilizatori, \u00eemp\u0103rt\u0103\u0219i\u021bi idei \u0219i participa\u021bi la discu\u021bii relevante.<\/li>\n<li><strong>Resurse de \u00eenv\u0103\u021bare:<\/strong> Indiferent dac\u0103 sunte\u021bi nou \u00een lumea digital\u0103 sau un veteran, avem resurse pentru toate nivelurile de experien\u021b\u0103.<\/li>\n<\/ul>\n<p><strong>Compromisul nostru<\/strong><\/p>\n<p>Ne angaj\u0103m s\u0103 oferim informa\u021bii exacte \u0219i de \u00eencredere \u0219i s\u0103 cre\u0103m un mediu \u00een care utilizatorii pot g\u0103si r\u0103spunsuri \u0219i solu\u021bii la \u00eentreb\u0103rile \u0219i nevoile lor.<\/p>\n<p><strong>Al\u0103tura\u021bi-v\u0103 nou\u0103 \u00een c\u0103l\u0103torie<\/strong><\/p>\n<p>La QuemLiga.PT, suntem mai mult dec\u00e2t un portal de informare; Suntem o platform\u0103 dedicat\u0103 servirii \u0219i inform\u0103rii. Te invit\u0103m s\u0103 ni te al\u0103turi \u00een aceast\u0103 c\u0103l\u0103torie de descoperire \u0219i \u00eenv\u0103\u021bare.<\/p>\n<p><strong>Mul\u021bumiri<\/strong><\/p>\n<p>Dorim s\u0103 ne exprim\u0103m recuno\u0219tin\u021ba profund\u0103 tuturor utilizatorilor no\u0219tri \u0219i membrilor comunit\u0103\u021bii care fac din QuemLiga.PT ceea ce este. \u00cencrederea \u0219i participarea dumneavoastr\u0103 ne inspir\u0103 s\u0103 continu\u0103m s\u0103 ne \u00eembun\u0103t\u0103\u021bim \u0219i s\u0103 inov\u0103m.<\/p>\n<p>Descoper\u0103, afl\u0103 \u0219i conecteaz\u0103-te cu QuemLiga.PT.<\/p>","protected":false},"excerpt":{"rendered":"<p>Bine a\u021bi venit la QuemLiga.PT, unde informa\u021biile se conecteaz\u0103 cu inova\u021bia. Misiunea noastr\u0103 La QuemLiga.PT, misiunea noastr\u0103 este s\u0103 oferim utilizatorilor informa\u021bii relevante \u0219i...<\/p>","protected":false},"author":1,"featured_media":0,"parent":0,"menu_order":0,"comment_status":"closed","ping_status":"closed","template":"","meta":{"footnotes":""},"class_list":["post-974","page","type-page","status-publish","hentry"],"_links":{"self":[{"href":"https:\/\/quemliga.pt\/ro\/wp-json\/wp\/v2\/pages\/974","targetHints":{"allow":["GET"]}}],"collection":[{"href":"https:\/\/quemliga.pt\/ro\/wp-json\/wp\/v2\/pages"}],"about":[{"href":"https:\/\/quemliga.pt\/ro\/wp-json\/wp\/v2\/types\/page"}],"author":[{"embeddable":true,"href":"https:\/\/quemliga.pt\/ro\/wp-json\/wp\/v2\/users\/1"}],"replies":[{"embeddable":true,"href":"https:\/\/quemliga.pt\/ro\/wp-json\/wp\/v2\/comments?post=974"}],"version-history":[{"count":1,"href":"https:\/\/quemliga.pt\/ro\/wp-json\/wp\/v2\/pages\/974\/revisions"}],"predecessor-version":[{"id":975,"href":"https:\/\/quemliga.pt\/ro\/wp-json\/wp\/v2\/pages\/974\/revisions\/975"}],"wp:attachment":[{"href":"https:\/\/quemliga.pt\/ro\/wp-json\/wp\/v2\/media?parent=974"}],"curies":[{"name":"wp","href":"https:\/\/api.w.org\/{rel}","templated":true}]}}