{"id":972,"date":"2023-10-23T22:27:59","date_gmt":"2023-10-24T01:27:59","guid":{"rendered":"https:\/\/quemliga.pt\/?page_id=972"},"modified":"2023-10-23T22:27:59","modified_gmt":"2023-10-24T01:27:59","slug":"politica-de-privacidade-2","status":"publish","type":"page","link":"https:\/\/quemliga.pt\/ro\/politica-de-privacidade-2\/","title":{"rendered":"Politica de confiden\u021bialitate"},"content":{"rendered":"<p>Pe QuemLiga.PT, accesibil la <a href=\"https:\/\/quemliga.pt\/ro\/\" target=\"_new\" rel=\"noopener\">https:\/\/quemliga.pt\/<\/a>, una dintre priorit\u0103\u021bile noastre principale este confiden\u021bialitatea vizitatorilor no\u0219tri. Acest document privind politica de confiden\u021bialitate con\u021bine tipuri de informa\u021bii care sunt colectate \u0219i \u00eenregistrate de QuemLiga.PT \u0219i modul \u00een care le folosim.<\/p>\r\n<p>Dac\u0103 ave\u021bi \u00eentreb\u0103ri suplimentare sau ave\u021bi nevoie de mai multe informa\u021bii despre Politica noastr\u0103 de confiden\u021bialitate, nu ezita\u021bi s\u0103 ne contacta\u021bi.<\/p>\r\n<p>Aceast\u0103 politic\u0103 de confiden\u021bialitate se aplic\u0103 numai activit\u0103\u021bilor noastre online \u0219i este valabil\u0103 pentru vizitatorii site-ului nostru web \u00een ceea ce prive\u0219te informa\u021biile pe care le-au partajat \u0219i\/sau le-au colectat \u00een QuemLiga.PT. Aceast\u0103 politic\u0103 nu se aplic\u0103 niciunei informa\u021bii colectate offline sau prin alte canale dec\u00e2t acest site web.<\/p>\r\n<p>Consim\u021b\u0103m\u00e2nt Prin utilizarea site-ului nostru, sunte\u021bi de acord cu Politica noastr\u0103 de confiden\u021bialitate \u0219i sunte\u021bi de acord cu termenii acesteia.<\/p>\r\n<p>Informa\u021bii pe care le colect\u0103m Informa\u021biile personale pe care vi se cere s\u0103 le furniza\u021bi \u0219i motivele pentru care vi se cere s\u0103 le furniza\u021bi v\u0103 vor fi clarificate \u00een momentul \u00een care v\u0103 cerem s\u0103 furniza\u021bi informa\u021biile dumneavoastr\u0103 personale.<\/p>\r\n<p>Dac\u0103 ne contacta\u021bi direct, este posibil s\u0103 primim informa\u021bii suplimentare despre dvs., cum ar fi numele dvs., adresa de e-mail, num\u0103rul de telefon, con\u021binutul mesajului \u0219i\/sau ata\u0219amentele pe care ni le pute\u021bi trimite \u0219i orice alte informa\u021bii pe care alege\u021bi s\u0103 le furniza\u021bi.<\/p>\r\n<p>C\u00e2nd v\u0103 \u00eenregistra\u021bi pentru un cont, este posibil s\u0103 v\u0103 solicit\u0103m informa\u021biile de contact, inclusiv elemente precum numele, numele companiei, adresa, adresa de e-mail \u0219i num\u0103rul de telefon.<\/p>\r\n<p>Cum utiliz\u0103m informa\u021biile dvs. Utiliz\u0103m informa\u021biile pe care le colect\u0103m \u00eentr-o varietate de moduri, inclusiv pentru a:<\/p>\r\n<ul>\r\n<li>Furnizarea, operarea \u0219i \u00eentre\u021binerea site-ului nostru web<\/li>\r\n<li>\u00cembun\u0103t\u0103\u021bi\u021bi, personaliza\u021bi \u0219i extinde\u021bi site-ul nostru web<\/li>\r\n<li>\u00cen\u021belege\u021bi \u0219i analiza\u021bi modul \u00een care utiliza\u021bi site-ul nostru<\/li>\r\n<li>Dezvolta\u021bi noi produse, servicii, caracteristici \u0219i func\u021bionalit\u0103\u021bi<\/li>\r\n<li>Comunica\u021bi cu dvs., fie direct, fie prin intermediul unuia dintre partenerii no\u0219tri, inclusiv pentru serviciul clien\u021bi, pentru a v\u0103 oferi actualiz\u0103ri \u0219i alte informa\u021bii referitoare la site-ul web \u0219i \u00een scopuri de marketing \u0219i promo\u021bionale<\/li>\r\n<li>\u00ce\u021bi trimit e-mailuri<\/li>\r\n<li>G\u0103si\u021bi \u0219i evita\u021bi frauda<\/li>\r\n<\/ul>\r\n<p>Fi\u0219iere jurnal QuemLiga.PT urmeaz\u0103 o procedur\u0103 standard de utilizare a fi\u0219ierelor jurnal. Aceste fi\u0219iere \u00eenregistreaz\u0103 vizitatorii atunci c\u00e2nd viziteaz\u0103 site-uri web. Toate companiile de hosting fac acest lucru \u0219i face parte din analiza serviciilor de hosting. Informa\u021biile colectate de fi\u0219ierele jurnal includ adrese IP (Internet Protocol), tipul de browser, furnizorul de servicii Internet (ISP), marcajul de dat\u0103 \u0219i or\u0103, pagini de referin\u021b\u0103\/ie\u0219ire \u0219i, eventual, num\u0103rul de clicuri. Ele nu sunt legate de nicio informa\u021bie care poate fi identificat\u0103 personal. Scopul informa\u021biilor este de a analiza tendin\u021be, de a administra site-ul, de a urm\u0103ri mi\u0219carea utilizatorilor pe site \u0219i de a culege informa\u021bii demografice.<\/p>\r\n<p>Cookie-uri \u0219i semnalizatoare web Ca orice alt site web, QuemLiga.PT folose\u0219te \u201ecookie-uri\u201d. Aceste cookie-uri sunt folosite pentru a stoca informa\u021bii, inclusiv preferin\u021bele vizitatorilor \u0219i paginile de pe site-ul web pe care vizitatorul le-a accesat sau le-a vizitat. Informa\u021biile sunt folosite pentru a optimiza experien\u021ba utilizatorilor prin personalizarea con\u021binutului paginii noastre web pe baza tipului de browser al vizitatorilor \u0219i\/sau a altor informa\u021bii.<\/p>\r\n<p>Cookie Google DoubleClick DART Google este un furnizor ter\u021b\u0103 parte pe site-ul nostru. De asemenea, folose\u0219te cookie-uri, cunoscute sub numele de cookie-uri DART, pentru a difuza reclame vizitatorilor site-ului nostru pe baza vizitei acestora <a href=\"http:\/\/www.website.com\/\" target=\"_new\" rel=\"noopener\">www.website.com<\/a> \u0219i alte site-uri de pe Internet. Cu toate acestea, vizitatorii pot alege s\u0103 refuze utilizarea cookie-urilor DART vizit\u00e2nd Politica de confiden\u021bialitate a re\u021belei de anun\u021buri \u0219i de con\u021binut Google la urm\u0103toarea adres\u0103 URL - <a href=\"https:\/\/policies.google.com\/technologies\/ads\" target=\"_new\" rel=\"noopener\">https:\/\/policies.google.com\/technologies\/ads<\/a><\/p>\r\n<p>Politicile de confiden\u021bialitate ale partenerilor de publicitate Pute\u021bi consulta aceast\u0103 list\u0103 pentru a g\u0103si Politica de confiden\u021bialitate pentru fiecare dintre partenerii de publicitate ai QuemLiga.PT.<\/p>\r\n<p>Serverele de anun\u021buri sau re\u021belele publicitare ter\u021b\u0103 parte utilizeaz\u0103 tehnologii precum cookie-uri, JavaScript sau Web Beacon-uri care sunt utilizate \u00een reclamele \u0219i link-urile respective care apar pe QuemLiga.PT, care sunt trimise direct c\u0103tre browser-ul utilizatorilor. Ei primesc automat adresa dvs. IP atunci c\u00e2nd se \u00eent\u00e2mpl\u0103 acest lucru. Aceste tehnologii sunt folosite pentru a m\u0103sura eficacitatea campaniilor lor de publicitate \u0219i\/sau pentru a personaliza con\u021binutul publicitar pe care \u00eel vede\u021bi pe site-urile web pe care le vizita\u021bi.<\/p>\r\n<p>V\u0103 rug\u0103m s\u0103 re\u021bine\u021bi c\u0103 QuemLiga.PT nu are acces sau control asupra acestor cookie-uri utilizate de agen\u021bii de publicitate ter\u021bi.<\/p>\r\n<p>Politici de confiden\u021bialitate ale ter\u021bilor Politica de confiden\u021bialitate a QuemLiga.PT nu se aplic\u0103 altor agen\u021bi de publicitate sau site-uri web. Prin urmare, v\u0103 sf\u0103tuim s\u0103 consulta\u021bi Politicile de confiden\u021bialitate respective ale acestor servere de anun\u021buri ter\u021be pentru informa\u021bii mai detaliate. Poate include practicile \u0219i instruc\u021biunile sale despre cum s\u0103 renun\u021ba\u021bi la anumite op\u021biuni.<\/p>\r\n<p>Pute\u021bi alege s\u0103 dezactiva\u021bi cookie-urile prin op\u021biunile individuale ale browserului. Pentru a cunoa\u0219te informa\u021bii mai detaliate despre gestionarea cookie-urilor cu anumite browsere web, acestea pot fi g\u0103site pe site-urile respective ale browserelor.<\/p>\r\n<p>Drepturi de confiden\u021bialitate CCPA (Nu vinde informa\u021biile mele personale) Conform CCPA, printre alte drepturi, consumatorii din California au dreptul la:<\/p>\r\n<ul>\r\n<li>Solicita\u021bi ca o companie care colecteaz\u0103 date personale ale unui consumator s\u0103 dezv\u0103luie categoriile \u0219i datele personale specifice pe care o companie le-a colectat despre consumatori.<\/li>\r\n<li>Solicita\u021bi unei companii s\u0103 \u0219tearg\u0103 orice date personale despre consumator pe care le-a colectat.<\/li>\r\n<li>Solicita\u021bi ca o companie care vinde datele personale ale unui consumator s\u0103 nu v\u00e2nd\u0103 datele personale ale consumatorului.<\/li>\r\n<\/ul>\r\n<p>Dac\u0103 face\u021bi o cerere, avem o lun\u0103 pentru a r\u0103spunde. Dac\u0103 dori\u021bi s\u0103 v\u0103 exercita\u021bi oricare dintre aceste drepturi, v\u0103 rug\u0103m s\u0103 ne contacta\u021bi.<\/p>\r\n<p>Drepturi de protec\u021bie a datelor GDPR Am dori s\u0103 ne asigur\u0103m c\u0103 sunte\u021bi pe deplin con\u0219tient de toate drepturile dumneavoastr\u0103 de protec\u021bie a datelor. Fiecare utilizator are dreptul la urm\u0103toarele:<\/p>\r\n<ul>\r\n<li>Dreptul de acces \u2013 Ave\u021bi dreptul de a solicita copii ale datelor dumneavoastr\u0103 personale. Este posibil s\u0103 percepem o mic\u0103 tax\u0103 pentru acest serviciu.<\/li>\r\n<li>Dreptul la rectificare \u2013 Ave\u021bi dreptul de a solicita s\u0103 corect\u0103m orice informa\u021bii pe care le considera\u021bi inexacte. De asemenea, ave\u021bi dreptul de a solicita s\u0103 complet\u0103m informa\u021biile pe care le considera\u021bi incomplete.<\/li>\r\n<li>Dreptul la \u0219tergere \u2013 Ave\u021bi dreptul de a solicita \u0219tergerea datelor dumneavoastr\u0103 cu caracter personal, \u00een anumite condi\u021bii.<\/li>\r\n<li>Dreptul de a restric\u021biona prelucrarea \u2013 Ave\u021bi dreptul de a solicita s\u0103 restric\u021bion\u0103m prelucrarea datelor dumneavoastr\u0103 cu caracter personal, \u00een anumite condi\u021bii.<\/li>\r\n<li>Dreptul de a v\u0103 opune prelucr\u0103rii \u2013 ave\u021bi dreptul de a v\u0103 opune prelucr\u0103rii de c\u0103tre noi a datelor dumneavoastr\u0103 cu caracter personal, \u00een anumite condi\u021bii.<\/li>\r\n<li>Dreptul la portabilitatea datelor \u2013 Ave\u021bi dreptul de a solicita s\u0103 transfer\u0103m datele pe care le colect\u0103m c\u0103tre o alt\u0103 organiza\u021bie, sau direct c\u0103tre dumneavoastr\u0103, \u00een anumite condi\u021bii.<\/li>\r\n<\/ul>\r\n<p>Dac\u0103 face\u021bi o cerere, avem o lun\u0103 pentru a r\u0103spunde. Dac\u0103 dori\u021bi s\u0103 v\u0103 exercita\u021bi oricare dintre aceste drepturi, v\u0103 rug\u0103m s\u0103 ne contacta\u021bi.<\/p>\r\n<p>Informarea copiilor O alt\u0103 parte a priorit\u0103\u021bii noastre este s\u0103 ad\u0103ug\u0103m protec\u021bie pentru copii atunci c\u00e2nd folosesc internetul. \u00cencuraj\u0103m p\u0103rin\u021bii \u0219i tutorii s\u0103 observe, s\u0103 participe \u0219i\/sau s\u0103 monitorizeze \u0219i s\u0103-\u0219i ghideze activit\u0103\u021bile online.<\/p>\r\n<p>QuemLiga.PT nu colecteaz\u0103 cu bun\u0103 \u0219tiin\u021b\u0103 nicio informa\u021bie de identificare personal\u0103 de la copiii sub 13 ani. Dac\u0103 crede\u021bi c\u0103 copilul dumneavoastr\u0103 a furnizat acest tip de informa\u021bii pe site-ul nostru, v\u0103 \u00eencuraj\u0103m cu t\u0103rie s\u0103 ne contacta\u021bi imediat \u0219i vom face tot posibilul pentru a elimina prompt astfel de informa\u021bii din eviden\u021bele noastre.<\/p>\r\n<p>Modific\u0103ri ale acestei Politici de confiden\u021bialitate Putem actualiza Politica de confiden\u021bialitate din c\u00e2nd \u00een c\u00e2nd. Prin urmare, v\u0103 sf\u0103tuim s\u0103 revizui\u021bi periodic aceast\u0103 pagin\u0103 pentru orice modific\u0103ri. V\u0103 vom anun\u021ba cu privire la orice modificare prin publicarea noii Politici de confiden\u021bialitate pe aceast\u0103 pagin\u0103. Aceste modific\u0103ri sunt efective imediat dup\u0103 ce sunt postate pe aceast\u0103 pagin\u0103.<\/p>\r\n<p>Politica noastr\u0103 de confiden\u021bialitate a fost creat\u0103 cu ajutorul Generatorului de politici de confiden\u021bialitate.<\/p>\r\n<p>Contacta\u021bi-ne Dac\u0103 ave\u021bi \u00eentreb\u0103ri sau sugestii despre politica noastr\u0103 de confiden\u021bialitate, nu ezita\u021bi s\u0103 ne contacta\u021bi.<\/p>","protected":false},"excerpt":{"rendered":"<p>La QuemLiga.PT, accesibil la https:\/\/quemliga.pt\/, una dintre priorit\u0103\u021bile noastre principale este confiden\u021bialitatea vizitatorilor no\u0219tri. Acest document privind politica de confiden\u021bialitate con\u021bine tipuri de...<\/p>","protected":false},"author":1,"featured_media":0,"parent":0,"menu_order":0,"comment_status":"closed","ping_status":"closed","template":"","meta":{"footnotes":""},"class_list":["post-972","page","type-page","status-publish","hentry"],"_links":{"self":[{"href":"https:\/\/quemliga.pt\/ro\/wp-json\/wp\/v2\/pages\/972","targetHints":{"allow":["GET"]}}],"collection":[{"href":"https:\/\/quemliga.pt\/ro\/wp-json\/wp\/v2\/pages"}],"about":[{"href":"https:\/\/quemliga.pt\/ro\/wp-json\/wp\/v2\/types\/page"}],"author":[{"embeddable":true,"href":"https:\/\/quemliga.pt\/ro\/wp-json\/wp\/v2\/users\/1"}],"replies":[{"embeddable":true,"href":"https:\/\/quemliga.pt\/ro\/wp-json\/wp\/v2\/comments?post=972"}],"version-history":[{"count":1,"href":"https:\/\/quemliga.pt\/ro\/wp-json\/wp\/v2\/pages\/972\/revisions"}],"predecessor-version":[{"id":973,"href":"https:\/\/quemliga.pt\/ro\/wp-json\/wp\/v2\/pages\/972\/revisions\/973"}],"wp:attachment":[{"href":"https:\/\/quemliga.pt\/ro\/wp-json\/wp\/v2\/media?parent=972"}],"curies":[{"name":"wp","href":"https:\/\/api.w.org\/{rel}","templated":true}]}}