{"id":974,"date":"2023-10-23T22:28:22","date_gmt":"2023-10-24T01:28:22","guid":{"rendered":"https:\/\/quemliga.pt\/?page_id=974"},"modified":"2023-10-23T22:28:22","modified_gmt":"2023-10-24T01:28:22","slug":"sobre","status":"publish","type":"page","link":"https:\/\/quemliga.pt\/pl\/sobre\/","title":{"rendered":"O"},"content":{"rendered":"<p>Witamy w QuemLiga.PT, gdzie informacja \u0142\u0105czy si\u0119 z innowacjami.<\/p>\n<p><strong>Nasza misja<\/strong><\/p>\n<p>Nasz\u0105 misj\u0105 w QuemLiga.PT jest zapewnianie u\u017cytkownikom odpowiednich i aktualnych informacji, dzi\u0119ki czemu mog\u0105 pewnie porusza\u0107 si\u0119 po cyfrowym \u015bwiecie. Wierzymy, \u017ce informacja jest kluczem do podejmowania \u015bwiadomych decyzji i bycia na bie\u017c\u0105co.<\/p>\n<p><strong>Co oferujemy<\/strong><\/p>\n<ul>\n<li><strong>Szczeg\u00f3\u0142owe artyku\u0142y:<\/strong> Oferujemy artyku\u0142y, recenzje i przewodniki obejmuj\u0105ce szeroki zakres temat\u00f3w, dzi\u0119ki czemu mo\u017cesz by\u0107 na bie\u017c\u0105co.<\/li>\n<li><strong>Budowanie spo\u0142eczno\u015bci:<\/strong> QuemLiga.PT to nie tylko strona internetowa; to jest spo\u0142eczno\u015b\u0107. Po\u0142\u0105cz si\u0119 z innymi u\u017cytkownikami, dziel si\u0119 pomys\u0142ami i bierz udzia\u0142 w odpowiednich dyskusjach.<\/li>\n<li><strong>Zasoby edukacyjne:<\/strong> Niezale\u017cnie od tego, czy jeste\u015b nowicjuszem w cyfrowym \u015bwiecie, czy weteranem, mamy zasoby odpowiednie dla wszystkich poziom\u00f3w do\u015bwiadczenia.<\/li>\n<\/ul>\n<p><strong>Nasz kompromis<\/strong><\/p>\n<p>Zale\u017cy nam na dostarczaniu dok\u0142adnych i rzetelnych informacji oraz tworzeniu \u015brodowiska, w kt\u00f3rym u\u017cytkownicy mog\u0105 znale\u017a\u0107 odpowiedzi i rozwi\u0105zania na swoje pytania i potrzeby.<\/p>\n<p><strong>Do\u0142\u0105cz do nas w podr\u00f3\u017cy<\/strong><\/p>\n<p>W QuemLiga.PT jeste\u015bmy czym\u015b wi\u0119cej ni\u017c tylko portalem informacyjnym; Jeste\u015bmy platform\u0105 s\u0142u\u017c\u0105c\u0105 obs\u0142udze i informowaniu. Zapraszamy Ci\u0119 do przy\u0142\u0105czenia si\u0119 do tej podr\u00f3\u017cy odkrywania i uczenia si\u0119.<\/p>\n<p><strong>Dzi\u0119ki<\/strong><\/p>\n<p>Chcemy wyrazi\u0107 nasz\u0105 g\u0142\u0119bok\u0105 wdzi\u0119czno\u015b\u0107 wszystkim naszym u\u017cytkownikom i cz\u0142onkom spo\u0142eczno\u015bci, dzi\u0119ki kt\u00f3rym QuemLiga.PT jest tym, czym jest. Twoje zaufanie i uczestnictwo inspiruj\u0105 nas do ci\u0105g\u0142ego doskonalenia i wprowadzania innowacji.<\/p>\n<p>Odkryj, dowiedz si\u0119 i po\u0142\u0105cz z QuemLiga.PT.<\/p>","protected":false},"excerpt":{"rendered":"<p>Witamy w QuemLiga.PT, gdzie informacja \u0142\u0105czy si\u0119 z innowacjami. Nasza misja W QuemLiga.PT nasz\u0105 misj\u0105 jest zapewnienie u\u017cytkownikom odpowiednich informacji i\u2026<\/p>","protected":false},"author":1,"featured_media":0,"parent":0,"menu_order":0,"comment_status":"closed","ping_status":"closed","template":"","meta":{"footnotes":""},"class_list":["post-974","page","type-page","status-publish","hentry"],"_links":{"self":[{"href":"https:\/\/quemliga.pt\/pl\/wp-json\/wp\/v2\/pages\/974","targetHints":{"allow":["GET"]}}],"collection":[{"href":"https:\/\/quemliga.pt\/pl\/wp-json\/wp\/v2\/pages"}],"about":[{"href":"https:\/\/quemliga.pt\/pl\/wp-json\/wp\/v2\/types\/page"}],"author":[{"embeddable":true,"href":"https:\/\/quemliga.pt\/pl\/wp-json\/wp\/v2\/users\/1"}],"replies":[{"embeddable":true,"href":"https:\/\/quemliga.pt\/pl\/wp-json\/wp\/v2\/comments?post=974"}],"version-history":[{"count":1,"href":"https:\/\/quemliga.pt\/pl\/wp-json\/wp\/v2\/pages\/974\/revisions"}],"predecessor-version":[{"id":975,"href":"https:\/\/quemliga.pt\/pl\/wp-json\/wp\/v2\/pages\/974\/revisions\/975"}],"wp:attachment":[{"href":"https:\/\/quemliga.pt\/pl\/wp-json\/wp\/v2\/media?parent=974"}],"curies":[{"name":"wp","href":"https:\/\/api.w.org\/{rel}","templated":true}]}}