{"id":970,"date":"2023-10-23T22:27:27","date_gmt":"2023-10-24T01:27:27","guid":{"rendered":"https:\/\/quemliga.pt\/?page_id=970"},"modified":"2023-10-23T22:27:27","modified_gmt":"2023-10-24T01:27:27","slug":"isencao-de-responsabilidade","status":"publish","type":"page","link":"https:\/\/quemliga.pt\/pl\/isencao-de-responsabilidade\/","title":{"rendered":"Zastrze\u017cenie"},"content":{"rendered":"<p><strong>Akceptacja Warunk\u00f3w<\/strong><\/p>\n<p>Przegl\u0105daj\u0105c i korzystaj\u0105c ze strony internetowej \u201eQuemLiga.PT\u201d (\u201eWitryna\u201d), akceptujesz i zgadzasz si\u0119 z warunkami okre\u015blonymi w niniejszym Zastrze\u017ceniu. Je\u015bli nie zgadzasz si\u0119 z tymi warunkami, nie korzystaj z Witryny.<\/p>\n<p><strong>Integralno\u015b\u0107 tre\u015bci<\/strong><\/p>\n<p>Informacje dost\u0119pne na QuemLiga.PT s\u0142u\u017c\u0105 wy\u0142\u0105cznie celom informacyjnym. Chocia\u017c staramy si\u0119, aby informacje by\u0142y aktualne i prawid\u0142owe, nie udzielamy \u017cadnych gwarancji, wyra\u017anych ani dorozumianych, co do kompletno\u015bci, dok\u0142adno\u015bci, wiarygodno\u015bci lub dost\u0119pno\u015bci informacji, produkt\u00f3w, us\u0142ug lub grafik zawartych w Witrynie.<\/p>\n<p><strong>Zale\u017cno\u015b\u0107 informacyjna<\/strong><\/p>\n<p>Korzystanie z informacji dost\u0119pnych na QuemLiga.PT odbywa si\u0119 na Twoj\u0105 wy\u0142\u0105czn\u0105 odpowiedzialno\u015b\u0107. Nie ponosimy odpowiedzialno\u015bci za jakiekolwiek straty lub szkody powsta\u0142e w zwi\u0105zku z korzystaniem z naszej Strony.<\/p>\n<p><strong>Linki do innych stron<\/strong><\/p>\n<p>QuemLiga.PT mo\u017ce zawiera\u0107 linki do zewn\u0119trznych stron internetowych, kt\u00f3re nie s\u0105 przez nas obs\u0142ugiwane. Nie mamy kontroli i nie ponosimy \u017cadnej odpowiedzialno\u015bci za tre\u015b\u0107, polityk\u0119 prywatno\u015bci lub praktyki jakichkolwiek witryn lub us\u0142ug stron trzecich.<\/p>\n<p><strong>Ujawnienie podmiotu stowarzyszonego<\/strong><\/p>\n<p>QuemLiga.PT mo\u017ce uczestniczy\u0107 w programach partnerskich i mo\u017ce otrzymywa\u0107 prowizje za zakupy dokonane za po\u015brednictwem link\u00f3w znajduj\u0105cych si\u0119 na naszej Stronie. Prowizje te pomagaj\u0105 w utrzymaniu i wspieraniu naszej Strony.<\/p>\n<p><strong>Zmiany w o\u015bwiadczeniu<\/strong><\/p>\n<p>QuemLiga.PT zastrzega sobie prawo do wprowadzenia zmian w niniejszym Zastrze\u017ceniu w dowolnym momencie. Zalecamy regularne sprawdzanie tej strony, aby by\u0107 na bie\u017c\u0105co ze wszystkimi aktualizacjami. Dalsze korzystanie z Witryny po opublikowaniu zmian oznacza akceptacj\u0119 ich.<\/p>\n<p><strong>Kontakt<\/strong><\/p>\n<p>W przypadku jakichkolwiek pyta\u0144 lub wyja\u015bnie\u0144 zwi\u0105zanych z niniejszym Zastrze\u017ceniem prosimy o kontakt poprzez e-mail: contato@quemliga.pt<\/p>\n<p><strong>Uwagi ko\u0144cowe<\/strong><\/p>\n<p>Informacje na QuemLiga.PT maj\u0105 na celu informowanie i inspirowanie. Nie nale\u017cy ich interpretowa\u0107 jako profesjonalnej porady. W przypadku konkretnych pyta\u0144 zawsze konsultuj si\u0119 z ekspertami. Korzystanie z tej Strony oznacza akceptacj\u0119 niniejszego Zastrze\u017cenia.<\/p>","protected":false},"excerpt":{"rendered":"<p>Akceptacja warunk\u00f3w Przegl\u0105daj\u0105c i korzystaj\u0105c ze strony internetowej \u201eQuemLiga.PT\u201d (\u201eStrona internetowa\u201d), akceptujesz i zgadzasz si\u0119 na warunki okre\u015blone w niniejszym Zastrze\u017ceniu\u2026.<\/p>","protected":false},"author":1,"featured_media":0,"parent":0,"menu_order":0,"comment_status":"closed","ping_status":"closed","template":"","meta":{"footnotes":""},"class_list":["post-970","page","type-page","status-publish","hentry"],"_links":{"self":[{"href":"https:\/\/quemliga.pt\/pl\/wp-json\/wp\/v2\/pages\/970","targetHints":{"allow":["GET"]}}],"collection":[{"href":"https:\/\/quemliga.pt\/pl\/wp-json\/wp\/v2\/pages"}],"about":[{"href":"https:\/\/quemliga.pt\/pl\/wp-json\/wp\/v2\/types\/page"}],"author":[{"embeddable":true,"href":"https:\/\/quemliga.pt\/pl\/wp-json\/wp\/v2\/users\/1"}],"replies":[{"embeddable":true,"href":"https:\/\/quemliga.pt\/pl\/wp-json\/wp\/v2\/comments?post=970"}],"version-history":[{"count":1,"href":"https:\/\/quemliga.pt\/pl\/wp-json\/wp\/v2\/pages\/970\/revisions"}],"predecessor-version":[{"id":971,"href":"https:\/\/quemliga.pt\/pl\/wp-json\/wp\/v2\/pages\/970\/revisions\/971"}],"wp:attachment":[{"href":"https:\/\/quemliga.pt\/pl\/wp-json\/wp\/v2\/media?parent=970"}],"curies":[{"name":"wp","href":"https:\/\/api.w.org\/{rel}","templated":true}]}}