{"id":19,"date":"2019-07-24T23:21:20","date_gmt":"2019-07-24T23:21:20","guid":{"rendered":"https:\/\/themes.estudiopatagon.com\/wordpress\/maktub\/?page_id=19"},"modified":"2023-10-23T19:55:11","modified_gmt":"2023-10-23T22:55:11","slug":"features","status":"publish","type":"page","link":"https:\/\/quemliga.pt\/pl\/features\/","title":{"rendered":"Cechy"},"content":{"rendered":"<p>Lorem ipsum dolor sit amet, consectetuer adipiscing elita. Curabitur quam augue, vehicula quer, tincidunt vel, varius vitae, nulla. Sed convallis orci. Duis libero orci, pretium a, convallis quis, pellentesque a, dolor. Curabitur vitae nisi non dolor przedsionek consequat.<\/p>\r\n\r\n\r\n\r\n<h1 class=\"wp-block-heading\" id=\"level1heading\">Nag\u0142\u00f3wek poziomu 1<\/h1>\r\n\r\n\r\n\r\n<p>Lorem ipsum dolor sit amet, consectetuer adipiscing elita. Curabitur quam augue, vehicula quer, tincidunt vel, varius vitae, nulla.<\/p>\r\n\r\n\r\n\r\n<h2 class=\"wp-block-heading\" id=\"level2heading\">Nag\u0142\u00f3wek poziomu 2<\/h2>\r\n\r\n\r\n\r\n<p>Proin przedsionek. Ut ligula. Nullam sed dolor id nienawidzi pulvinar volutpat.<\/p>\r\n\r\n\r\n\r\n<h3 class=\"wp-block-heading\" id=\"level3heading\">Nag\u0142\u00f3wek poziomu 3<\/h3>\r\n\r\n\r\n\r\n<p>Sed sodales lorem ipsum suscipit gravida. Ut Fringilla placerat arcu. Imperdieta Fasella.<\/p>\r\n\r\n\r\n\r\n<h3 class=\"wp-block-heading\" id=\"anunorderedlist\">Lista nieuporz\u0105dkowana<\/h3>\r\n\r\n\r\n\r\n<ul class=\"wp-block-list\"><li>Przedsionek w mauris semper tortor interdum ultrices.<\/li><li>Sed vel lorem et fair laoreet bibendum. Doneckie twierdzenie.<\/li><li>Etiam masa libero, lacinia at, commodo in, tincidunt a, purus.<\/li><li>Praesent volutpat eros quer enim blandit tincidunt.<\/li><li>Enean, wyzwalam nec lectus ultricies laoreet. Donec rutrum, nisi vel egestas ultrices, ipsum urna sagittis libero, vitae westibulum dui dolor vel velit.<\/li><\/ul>\r\n\r\n\r\n\r\n<h3 class=\"wp-block-heading\" id=\"quotes\">Cytaty<\/h3>\r\n\r\n\r\n\r\n<blockquote class=\"wp-block-quote is-layout-flow wp-block-quote-is-layout-flow\"><p>Proin przedsionek. Ut ligula. Nullam sed dolor id nienawidzi pulvinar volutpat. Zintegruj lwa. In et eros a\u017c do neque pretium sagittis. Sed sodales lorem ipsum suscipit gravida. Ut Fringilla placerat arcu. Imperdieta Fasella. Mauris ac just et turpis pharetra vulputate.<\/p><\/blockquote>\r\n\r\n\r\n\r\n<h3 class=\"wp-block-heading\" id=\"customgalleries\">Galerie niestandardowe<\/h3>\r\n\r\n\r\n\r\n<p>Niestandardowe galerie z wbudowanym lightboxem.<\/p>\r\n\r\n\r\n\r\n<figure class=\"wp-block-gallery has-nested-images columns-3 is-cropped wp-block-gallery-1 is-layout-flex wp-block-gallery-is-layout-flex\">\r\n<figure class=\"wp-block-image size-medium\"><a href=\"https:\/\/quemliga.pt\/wp-content\/uploads\/2019\/06\/mixkit-woman-with-spring-flowers-in-her-hair-42-desktop-wallpaper.jpg\"><img loading=\"lazy\" decoding=\"async\" width=\"300\" height=\"169\" data-id=\"717\" src=\"https:\/\/themes.estudiopatagon.com\/wordpress\/maktub\/wp-content\/uploads\/2019\/06\/mixkit-woman-with-spring-flowers-in-her-hair-42-desktop-wallpaper-300x169.jpg\" alt=\"\" class=\"wp-image-717\" srcset=\"https:\/\/quemliga.pt\/wp-content\/uploads\/2019\/06\/mixkit-woman-with-spring-flowers-in-her-hair-42-desktop-wallpaper-300x169.jpg 300w, https:\/\/quemliga.pt\/wp-content\/uploads\/2019\/06\/mixkit-woman-with-spring-flowers-in-her-hair-42-desktop-wallpaper-1024x576.jpg 1024w, https:\/\/quemliga.pt\/wp-content\/uploads\/2019\/06\/mixkit-woman-with-spring-flowers-in-her-hair-42-desktop-wallpaper-768x432.jpg 768w, https:\/\/quemliga.pt\/wp-content\/uploads\/2019\/06\/mixkit-woman-with-spring-flowers-in-her-hair-42-desktop-wallpaper-1536x864.jpg 1536w, https:\/\/quemliga.pt\/wp-content\/uploads\/2019\/06\/mixkit-woman-with-spring-flowers-in-her-hair-42-desktop-wallpaper.jpg 1920w\" sizes=\"auto, (max-width: 300px) 100vw, 300px\" \/><\/a><\/figure>\r\n\r\n\r\n\r\n<figure class=\"wp-block-image size-medium\"><a href=\"https:\/\/quemliga.pt\/wp-content\/uploads\/2019\/07\/mixkit-woman-holding-a-guidebook-or-map-90-desktop-wallpaper.jpg\"><img loading=\"lazy\" decoding=\"async\" width=\"300\" height=\"169\" data-id=\"655\" src=\"https:\/\/themes.estudiopatagon.com\/wordpress\/maktub\/wp-content\/uploads\/2019\/07\/mixkit-woman-holding-a-guidebook-or-map-90-desktop-wallpaper-300x169.jpg\" alt=\"\" class=\"wp-image-655\" srcset=\"https:\/\/quemliga.pt\/wp-content\/uploads\/2019\/07\/mixkit-woman-holding-a-guidebook-or-map-90-desktop-wallpaper-300x169.jpg 300w, https:\/\/quemliga.pt\/wp-content\/uploads\/2019\/07\/mixkit-woman-holding-a-guidebook-or-map-90-desktop-wallpaper-1024x576.jpg 1024w, https:\/\/quemliga.pt\/wp-content\/uploads\/2019\/07\/mixkit-woman-holding-a-guidebook-or-map-90-desktop-wallpaper-768x432.jpg 768w, https:\/\/quemliga.pt\/wp-content\/uploads\/2019\/07\/mixkit-woman-holding-a-guidebook-or-map-90-desktop-wallpaper-1536x864.jpg 1536w, https:\/\/quemliga.pt\/wp-content\/uploads\/2019\/07\/mixkit-woman-holding-a-guidebook-or-map-90-desktop-wallpaper.jpg 1920w\" sizes=\"auto, (max-width: 300px) 100vw, 300px\" \/><\/a><\/figure>\r\n\r\n\r\n\r\n<figure class=\"wp-block-image size-medium\"><a href=\"https:\/\/quemliga.pt\/wp-content\/uploads\/2019\/07\/mixkit-fist-bump-between-two-people-414-desktop-wallpaper.jpg\"><img loading=\"lazy\" decoding=\"async\" width=\"300\" height=\"169\" data-id=\"666\" src=\"https:\/\/themes.estudiopatagon.com\/wordpress\/maktub\/wp-content\/uploads\/2019\/07\/mixkit-fist-bump-between-two-people-414-desktop-wallpaper-300x169.jpg\" alt=\"\" class=\"wp-image-666\" srcset=\"https:\/\/quemliga.pt\/wp-content\/uploads\/2019\/07\/mixkit-fist-bump-between-two-people-414-desktop-wallpaper-300x169.jpg 300w, https:\/\/quemliga.pt\/wp-content\/uploads\/2019\/07\/mixkit-fist-bump-between-two-people-414-desktop-wallpaper-1024x576.jpg 1024w, https:\/\/quemliga.pt\/wp-content\/uploads\/2019\/07\/mixkit-fist-bump-between-two-people-414-desktop-wallpaper-768x432.jpg 768w, https:\/\/quemliga.pt\/wp-content\/uploads\/2019\/07\/mixkit-fist-bump-between-two-people-414-desktop-wallpaper-1536x864.jpg 1536w, https:\/\/quemliga.pt\/wp-content\/uploads\/2019\/07\/mixkit-fist-bump-between-two-people-414-desktop-wallpaper.jpg 1920w\" sizes=\"auto, (max-width: 300px) 100vw, 300px\" \/><\/a><\/figure>\r\n<\/figure>\r\n\r\n\r\n\r\n<h3 class=\"wp-block-heading\" id=\"syntaxhighlight\">Pod\u015bwietlanie sk\u0142adni<\/h3>\r\n\r\n\r\n\r\n<p>Wst\u0119pne kody obs\u0142ugiwane przez <strong>Wtyczka Prism.<\/strong><\/p>\r\n\r\n\r\n\r\n<pre class=\"lang-html\"><code>\r\n&lt;!DOCTYPE html&gt;\r\n&lt;html lang=&quot;en&quot;&gt;\r\n&lt;head&gt;\r\n  &lt;meta charset=&quot;utf-8&quot;&gt;\r\n  &lt;title&gt;&lt;\/title&gt;\r\n  &lt;link rel=&quot;stylesheet&quot; href=&quot;css\/style.css&quot;&gt;\r\n&lt;\/head&gt;\r\n&lt;body&gt;\r\n  &lt;header&gt;&lt;\/header&gt;\r\n  &lt;div role=&quot;main&quot;&gt;&lt;\/div&gt;\r\n  &lt;footer&gt;&lt;\/footer&gt;\r\n  &lt;script src=&quot;js\/script.js&quot;&gt;\r\n&lt;\/body&gt;\r\n&lt;\/html&gt;\r\n<\/code><\/pre>\r\n\r\n\r\n\r\n<pre class=\"lang-css\"><code>\r\ncia\u0142o { margines: 0; rodzina czcionek: &quot;Helvetica Neue&quot;, Helvetica, Arial, sans-serif; rozmiar czcionki: 13px; wysoko\u015b\u0107 linii: 18px; kolor: #333333; kolor t\u0142a: #ffffff; } a { kolor: #0088cc; dekoracja tekstu: brak; }\r\n<\/code><\/pre>","protected":false},"excerpt":{"rendered":"<p>Lorem ipsum dolor sit amet, consectetuer adipiscing elit. Curabitur quam augue, vehicula quis, tincidunt vel, varius vitae, nulla. Sed convallis orci. Duis libero orci, pretium&#8230;<\/p>","protected":false},"author":1,"featured_media":653,"parent":0,"menu_order":0,"comment_status":"closed","ping_status":"closed","template":"","meta":{"footnotes":""},"class_list":["post-19","page","type-page","status-publish","has-post-thumbnail","hentry"],"_links":{"self":[{"href":"https:\/\/quemliga.pt\/pl\/wp-json\/wp\/v2\/pages\/19","targetHints":{"allow":["GET"]}}],"collection":[{"href":"https:\/\/quemliga.pt\/pl\/wp-json\/wp\/v2\/pages"}],"about":[{"href":"https:\/\/quemliga.pt\/pl\/wp-json\/wp\/v2\/types\/page"}],"author":[{"embeddable":true,"href":"https:\/\/quemliga.pt\/pl\/wp-json\/wp\/v2\/users\/1"}],"replies":[{"embeddable":true,"href":"https:\/\/quemliga.pt\/pl\/wp-json\/wp\/v2\/comments?post=19"}],"version-history":[{"count":1,"href":"https:\/\/quemliga.pt\/pl\/wp-json\/wp\/v2\/pages\/19\/revisions"}],"predecessor-version":[{"id":835,"href":"https:\/\/quemliga.pt\/pl\/wp-json\/wp\/v2\/pages\/19\/revisions\/835"}],"wp:featuredmedia":[{"embeddable":true,"href":"https:\/\/quemliga.pt\/pl\/wp-json\/wp\/v2\/media\/653"}],"wp:attachment":[{"href":"https:\/\/quemliga.pt\/pl\/wp-json\/wp\/v2\/media?parent=19"}],"curies":[{"name":"wp","href":"https:\/\/api.w.org\/{rel}","templated":true}]}}