{"id":974,"date":"2023-10-23T22:28:22","date_gmt":"2023-10-24T01:28:22","guid":{"rendered":"https:\/\/quemliga.pt\/?page_id=974"},"modified":"2023-10-23T22:28:22","modified_gmt":"2023-10-24T01:28:22","slug":"sobre","status":"publish","type":"page","link":"https:\/\/quemliga.pt\/nb\/sobre\/","title":{"rendered":"P\u00e5"},"content":{"rendered":"<p>Velkommen til QuemLiga.PT, hvor informasjon kobles sammen med innovasjon.<\/p>\n<p><strong>V\u00e5rt oppdrag<\/strong><\/p>\n<p>Hos QuemLiga.PT er v\u00e5rt oppdrag \u00e5 gi brukere relevant og oppdatert informasjon, slik at de kan navigere i den digitale verden med selvtillit. Vi tror at informasjon er n\u00f8kkelen til \u00e5 ta informerte beslutninger og holde seg oppdatert.<\/p>\n<p><strong>Hva vi tilbyr<\/strong><\/p>\n<ul>\n<li><strong>Detaljerte artikler:<\/strong> Vi tilbyr artikler, anmeldelser og guider som dekker et bredt spekter av emner, og hjelper deg med \u00e5 holde deg informert og oppdatert.<\/li>\n<li><strong>Samfunnsbygging:<\/strong> QuemLiga.PT er ikke bare et nettsted; det er et fellesskap. F\u00e5 kontakt med andre brukere, del ideer og delta i relevante diskusjoner.<\/li>\n<li><strong>L\u00e6ringsressurser:<\/strong> Enten du er ny i den digitale verden eller en veteran, har vi ressurser som passer alle erfaringsniv\u00e5er.<\/li>\n<\/ul>\n<p><strong>V\u00e5rt engasjement<\/strong><\/p>\n<p>Vi er forpliktet til \u00e5 gi n\u00f8yaktig og p\u00e5litelig informasjon, og skape et milj\u00f8 der brukere kan finne svar og l\u00f8sninger p\u00e5 sine sp\u00f8rsm\u00e5l og behov.<\/p>\n<p><strong>Bli med oss p\u00e5 reisen<\/strong><\/p>\n<p>Hos QuemLiga.PT er vi mer enn bare en informasjonsportal; Vi er en plattform dedikert til \u00e5 servere og informere. Vi inviterer deg til \u00e5 bli med oss p\u00e5 denne oppdagelses- og l\u00e6ringsreisen.<\/p>\n<p><strong>Takk<\/strong><\/p>\n<p>Vi \u00f8nsker \u00e5 uttrykke v\u00e5r dype takknemlighet til alle v\u00e5re brukere og fellesskapsmedlemmer som gj\u00f8r QuemLiga.PT til det det er. Din tillit og deltakelse inspirerer oss til \u00e5 fortsette \u00e5 forbedre og innovere.<\/p>\n<p>Oppdag, finn ut og ta kontakt med QuemLiga.PT.<\/p>","protected":false},"excerpt":{"rendered":"<p>Velkommen til QuemLiga.PT, hvor informasjon kobles sammen med innovasjon. V\u00e5rt oppdrag Hos QuemLiga.PT er v\u00e5rt oppdrag \u00e5 gi brukere relevant informasjon og...<\/p>","protected":false},"author":1,"featured_media":0,"parent":0,"menu_order":0,"comment_status":"closed","ping_status":"closed","template":"","meta":{"footnotes":""},"class_list":["post-974","page","type-page","status-publish","hentry"],"_links":{"self":[{"href":"https:\/\/quemliga.pt\/nb\/wp-json\/wp\/v2\/pages\/974","targetHints":{"allow":["GET"]}}],"collection":[{"href":"https:\/\/quemliga.pt\/nb\/wp-json\/wp\/v2\/pages"}],"about":[{"href":"https:\/\/quemliga.pt\/nb\/wp-json\/wp\/v2\/types\/page"}],"author":[{"embeddable":true,"href":"https:\/\/quemliga.pt\/nb\/wp-json\/wp\/v2\/users\/1"}],"replies":[{"embeddable":true,"href":"https:\/\/quemliga.pt\/nb\/wp-json\/wp\/v2\/comments?post=974"}],"version-history":[{"count":1,"href":"https:\/\/quemliga.pt\/nb\/wp-json\/wp\/v2\/pages\/974\/revisions"}],"predecessor-version":[{"id":975,"href":"https:\/\/quemliga.pt\/nb\/wp-json\/wp\/v2\/pages\/974\/revisions\/975"}],"wp:attachment":[{"href":"https:\/\/quemliga.pt\/nb\/wp-json\/wp\/v2\/media?parent=974"}],"curies":[{"name":"wp","href":"https:\/\/api.w.org\/{rel}","templated":true}]}}