{"id":972,"date":"2023-10-23T22:27:59","date_gmt":"2023-10-24T01:27:59","guid":{"rendered":"https:\/\/quemliga.pt\/?page_id=972"},"modified":"2023-10-23T22:27:59","modified_gmt":"2023-10-24T01:27:59","slug":"politica-de-privacidade-2","status":"publish","type":"page","link":"https:\/\/quemliga.pt\/nb\/politica-de-privacidade-2\/","title":{"rendered":"Personvernerkl\u00e6ring"},"content":{"rendered":"<p>P\u00e5 QuemLiga.PT, tilgjengelig p\u00e5 <a href=\"https:\/\/quemliga.pt\/nb\/\" target=\"_new\" rel=\"noopener\">https:\/\/quemliga.pt\/<\/a>, en av v\u00e5re hovedprioriteringer er personvernet til v\u00e5re bes\u00f8kende. Dette personvernerkl\u00e6ringsdokumentet inneholder typer informasjon som samles inn og registreres av QuemLiga.PT og hvordan vi bruker den.<\/p>\r\n<p>Hvis du har flere sp\u00f8rsm\u00e5l eller trenger mer informasjon om v\u00e5re retningslinjer for personvern, ikke n\u00f8l med \u00e5 kontakte oss.<\/p>\r\n<p>Denne personvernerkl\u00e6ringen gjelder kun for v\u00e5re online aktiviteter og er gyldig for bes\u00f8kende p\u00e5 nettstedet v\u00e5rt med hensyn til informasjonen som de delte og\/eller samler inn i QuemLiga.PT. Denne policyen gjelder ikke for informasjon som samles inn offline eller via andre kanaler enn denne nettsiden.<\/p>\r\n<p>Samtykke Ved \u00e5 bruke nettstedet v\u00e5rt godtar du v\u00e5r personvernerkl\u00e6ring og godtar vilk\u00e5rene.<\/p>\r\n<p>Informasjon vi samler inn Personopplysningene du blir bedt om \u00e5 oppgi, og \u00e5rsakene til at du blir bedt om \u00e5 oppgi den, vil bli gjort klart for deg n\u00e5r vi ber deg om \u00e5 oppgi din personlige informasjon.<\/p>\r\n<p>Hvis du kontakter oss direkte, kan vi motta tilleggsinformasjon om deg som navn, e-postadresse, telefonnummer, innholdet i meldingen og\/eller vedleggene du sender oss, og all annen informasjon du velger \u00e5 oppgi.<\/p>\r\n<p>N\u00e5r du registrerer deg for en konto, kan vi be om din kontaktinformasjon, inkludert elementer som navn, firmanavn, adresse, e-postadresse og telefonnummer.<\/p>\r\n<p>Hvordan vi bruker informasjonen din Vi bruker informasjonen vi samler inn p\u00e5 en rekke m\u00e5ter, inkludert for \u00e5:<\/p>\r\n<ul>\r\n<li>Tilby, drifte og vedlikeholde nettstedet v\u00e5rt<\/li>\r\n<li>Forbedre, tilpasse og utvide nettstedet v\u00e5rt<\/li>\r\n<li>Forst\u00e5 og analyser hvordan du bruker nettstedet v\u00e5rt<\/li>\r\n<li>Utvikle nye produkter, tjenester, funksjoner og funksjoner<\/li>\r\n<li>Kommunisere med deg, enten direkte eller gjennom en av v\u00e5re partnere, inkludert for kundeservice, for \u00e5 gi deg oppdateringer og annen informasjon knyttet til nettstedet, og for markedsf\u00f8rings- og reklameform\u00e5l<\/li>\r\n<li>Sender deg e-poster<\/li>\r\n<li>Finn og unng\u00e5 svindel<\/li>\r\n<\/ul>\r\n<p>Loggfiler QuemLiga.PT f\u00f8lger en standard prosedyre for bruk av loggfiler. Disse filene registrerer bes\u00f8kende n\u00e5r de bes\u00f8ker nettsteder. Alle hostingselskaper gj\u00f8r dette, og det er en del av analysen av hostingtjenester. Informasjonen som samles inn av loggfiler inkluderer IP-adresser (Internet Protocol), nettlesertype, Internett-leverand\u00f8r (ISP), dato- og tidsstempel, henvisnings-\/utgangssider og muligens antall klikk. De er ikke knyttet til informasjon som er personlig identifiserbar. Form\u00e5let med informasjonen er \u00e5 analysere trender, administrere nettstedet, spore brukernes bevegelser p\u00e5 nettstedet og samle inn demografisk informasjon.<\/p>\r\n<p>Informasjonskapsler og web-beacons Som alle andre nettsider, bruker QuemLiga.PT &quot;informasjonskapsler&quot;. Disse informasjonskapslene brukes til \u00e5 lagre informasjon, inkludert bes\u00f8kendes preferanser og sidene p\u00e5 nettstedet som den bes\u00f8kende bes\u00f8kte eller bes\u00f8kte. Informasjonen brukes til \u00e5 optimalisere brukernes opplevelse ved \u00e5 tilpasse innholdet p\u00e5 nettsiden v\u00e5r basert p\u00e5 bes\u00f8kendes nettlesertype og\/eller annen informasjon.<\/p>\r\n<p>Google DoubleClick DART Cookie Google er en tredjepartsleverand\u00f8r p\u00e5 nettstedet v\u00e5rt. Den bruker ogs\u00e5 informasjonskapsler, kjent som DART-informasjonskapsler, for \u00e5 vise annonser til bes\u00f8kende p\u00e5 nettstedet v\u00e5rt basert p\u00e5 deres bes\u00f8k p\u00e5 <a href=\"http:\/\/www.website.com\/\" target=\"_new\" rel=\"noopener\">www.website.com<\/a> og andre nettsteder p\u00e5 Internett. Bes\u00f8kende kan imidlertid velge \u00e5 avsl\u00e5 bruken av DART-informasjonskapsler ved \u00e5 bes\u00f8ke Googles retningslinjer for personvern for annonser og innholdsnettverk p\u00e5 f\u00f8lgende URL \u2013 <a href=\"https:\/\/policies.google.com\/technologies\/ads\" target=\"_new\" rel=\"noopener\">https:\/\/policies.google.com\/technologies\/ads<\/a><\/p>\r\n<p>Retningslinjer for personvern for annonseringspartnere Du kan konsultere denne listen for \u00e5 finne personvernreglene for hver av QuemLiga.PTs annonseringspartnere.<\/p>\r\n<p>Tredjeparts annonseservere eller annonsenettverk bruker teknologier som informasjonskapsler, JavaScript eller Web Beacons som brukes i deres respektive annonser og lenker som vises p\u00e5 QuemLiga.PT, som sendes direkte til brukernes nettleser. De mottar automatisk IP-adressen din n\u00e5r dette skjer. Disse teknologiene brukes til \u00e5 m\u00e5le effektiviteten til deres annonsekampanjer og\/eller for \u00e5 tilpasse annonseinnholdet du ser p\u00e5 nettsteder du bes\u00f8ker.<\/p>\r\n<p>V\u00e6r oppmerksom p\u00e5 at QuemLiga.PT ikke har tilgang til eller kontroll over disse informasjonskapslene som brukes av tredjepartsannons\u00f8rer.<\/p>\r\n<p>Tredjeparts personvernregler QuemLiga.PTs personvernregler gjelder ikke for andre annons\u00f8rer eller nettsteder. Derfor anbefaler vi deg \u00e5 konsultere de respektive personvernreglene til disse tredjeparts annonseserverne for mer detaljert informasjon. Den kan inkludere praksis og instruksjoner om hvordan du velger bort visse valg.<\/p>\r\n<p>Du kan velge \u00e5 deaktivere informasjonskapsler gjennom dine individuelle nettleseralternativer. For \u00e5 f\u00e5 mer detaljert informasjon om h\u00e5ndtering av informasjonskapsler med spesifikke nettlesere, kan den finnes p\u00e5 nettlesernes respektive nettsteder.<\/p>\r\n<p>CCPA-personvernrettigheter (Ikke selg min personlige informasjon) Under CCPA, blant andre rettigheter, har California-forbrukere rett til:<\/p>\r\n<ul>\r\n<li>Be om at en virksomhet som samler inn en forbrukers personopplysninger avsl\u00f8rer kategoriene og spesifikke personopplysninger som en virksomhet har samlet inn om forbrukere.<\/li>\r\n<li>Be om at en bedrift sletter eventuelle personlige data om forbrukeren som den har samlet inn.<\/li>\r\n<li>Be om at en virksomhet som selger en forbrukers personopplysninger ikke selger forbrukerens personopplysninger.<\/li>\r\n<\/ul>\r\n<p>Hvis du sender en foresp\u00f8rsel, har vi en m\u00e5ned p\u00e5 oss til \u00e5 svare. Hvis du \u00f8nsker \u00e5 ut\u00f8ve noen av disse rettighetene, vennligst kontakt oss.<\/p>\r\n<p>GDPR databeskyttelsesrettigheter Vi vil gjerne s\u00f8rge for at du er fullstendig klar over alle dine databeskyttelsesrettigheter. Hver bruker har rett til f\u00f8lgende:<\/p>\r\n<ul>\r\n<li>Rett til innsyn \u2013 Du har rett til \u00e5 be om kopier av dine personopplysninger. Vi kan kreve en liten avgift for denne tjenesten.<\/li>\r\n<li>Retten til retting \u2013 Du har rett til \u00e5 be om at vi korrigerer all informasjon du mener er un\u00f8yaktig. Du har ogs\u00e5 rett til \u00e5 be om at vi fyller ut informasjon som du mener er ufullstendig.<\/li>\r\n<li>Retten til sletting \u2013 Du har rett til \u00e5 be om at vi sletter dine personopplysninger, under visse betingelser.<\/li>\r\n<li>Retten til \u00e5 begrense behandlingen \u2013 Du har rett til \u00e5 be om at vi begrenser behandlingen av dine personopplysninger, under visse betingelser.<\/li>\r\n<li>Rett til \u00e5 protestere mot behandling \u2013 Du har rett til \u00e5 protestere mot v\u00e5r behandling av dine personopplysninger, under visse betingelser.<\/li>\r\n<li>Retten til dataportabilitet \u2013 Du har rett til \u00e5 be om at vi overf\u00f8rer dataene vi samler inn til en annen organisasjon, eller direkte til deg, under visse betingelser.<\/li>\r\n<\/ul>\r\n<p>Hvis du sender en foresp\u00f8rsel, har vi en m\u00e5ned p\u00e5 oss til \u00e5 svare. Hvis du \u00f8nsker \u00e5 ut\u00f8ve noen av disse rettighetene, vennligst kontakt oss.<\/p>\r\n<p>Barneinformasjon En annen del av v\u00e5r prioritet er \u00e5 legge til beskyttelse for barn n\u00e5r de bruker Internett. Vi oppfordrer foreldre og foresatte til \u00e5 observere, delta i og\/eller overv\u00e5ke og veilede deres nettaktiviteter.<\/p>\r\n<p>QuemLiga.PT samler ikke bevisst inn personlig identifiserbar informasjon fra barn under 13 \u00e5r. Hvis du tror at barnet ditt har gitt denne typen informasjon p\u00e5 nettstedet v\u00e5rt, oppfordrer vi deg sterkt til \u00e5 kontakte oss umiddelbart, og vi vil gj\u00f8re v\u00e5rt beste for \u00e5 umiddelbart fjerne slik informasjon fra registrene v\u00e5re.<\/p>\r\n<p>Endringer i denne personvernreglene Vi kan oppdatere personvernreglene v\u00e5re fra tid til annen. Derfor anbefaler vi deg \u00e5 g\u00e5 gjennom denne siden med jevne mellomrom for eventuelle endringer. Vi vil varsle deg om eventuelle endringer ved \u00e5 legge ut den nye personvernerkl\u00e6ringen p\u00e5 denne siden. Disse endringene trer i kraft umiddelbart etter at de er lagt ut p\u00e5 denne siden.<\/p>\r\n<p>Personvernerkl\u00e6ringen v\u00e5r ble opprettet ved hjelp av generatoren for personvernregler.<\/p>\r\n<p>Kontakt oss Hvis du har sp\u00f8rsm\u00e5l eller forslag om v\u00e5r personvernerkl\u00e6ring, ikke n\u00f8l med \u00e5 kontakte oss.<\/p>","protected":false},"excerpt":{"rendered":"<p>P\u00e5 QuemLiga.PT, tilgjengelig fra https:\/\/quemliga.pt\/, er en av v\u00e5re hovedprioriteringer personvernet til v\u00e5re bes\u00f8kende. Dette dokumentet for personvernerkl\u00e6ring inneholder typer...<\/p>","protected":false},"author":1,"featured_media":0,"parent":0,"menu_order":0,"comment_status":"closed","ping_status":"closed","template":"","meta":{"footnotes":""},"class_list":["post-972","page","type-page","status-publish","hentry"],"_links":{"self":[{"href":"https:\/\/quemliga.pt\/nb\/wp-json\/wp\/v2\/pages\/972","targetHints":{"allow":["GET"]}}],"collection":[{"href":"https:\/\/quemliga.pt\/nb\/wp-json\/wp\/v2\/pages"}],"about":[{"href":"https:\/\/quemliga.pt\/nb\/wp-json\/wp\/v2\/types\/page"}],"author":[{"embeddable":true,"href":"https:\/\/quemliga.pt\/nb\/wp-json\/wp\/v2\/users\/1"}],"replies":[{"embeddable":true,"href":"https:\/\/quemliga.pt\/nb\/wp-json\/wp\/v2\/comments?post=972"}],"version-history":[{"count":1,"href":"https:\/\/quemliga.pt\/nb\/wp-json\/wp\/v2\/pages\/972\/revisions"}],"predecessor-version":[{"id":973,"href":"https:\/\/quemliga.pt\/nb\/wp-json\/wp\/v2\/pages\/972\/revisions\/973"}],"wp:attachment":[{"href":"https:\/\/quemliga.pt\/nb\/wp-json\/wp\/v2\/media?parent=972"}],"curies":[{"name":"wp","href":"https:\/\/api.w.org\/{rel}","templated":true}]}}