{"id":970,"date":"2023-10-23T22:27:27","date_gmt":"2023-10-24T01:27:27","guid":{"rendered":"https:\/\/quemliga.pt\/?page_id=970"},"modified":"2023-10-23T22:27:27","modified_gmt":"2023-10-24T01:27:27","slug":"isencao-de-responsabilidade","status":"publish","type":"page","link":"https:\/\/quemliga.pt\/nb\/isencao-de-responsabilidade\/","title":{"rendered":"Ansvarsfraskrivelse"},"content":{"rendered":"<p><strong>Aksept av vilk\u00e5r<\/strong><\/p>\n<p>Ved \u00e5 surfe og bruke &quot;QuemLiga.PT&quot;-nettstedet (&quot;Nettstedet&quot;) godtar du og godtar vilk\u00e5rene og betingelsene som er fastsatt i denne ansvarsfraskrivelsen. Hvis du ikke er enig i disse vilk\u00e5rene, vennligst ikke bruk nettstedet.<\/p>\n<p><strong>Innholdsintegritet<\/strong><\/p>\n<p>Informasjonen som er tilgjengelig p\u00e5 QuemLiga.PT er for generell informasjonsform\u00e5l. Selv om vi streber etter \u00e5 holde informasjonen oppdatert og korrekt, gir vi ingen garantier av noe slag, eksplisitt eller underforst\u00e5tt, om fullstendigheten, n\u00f8yaktigheten, p\u00e5liteligheten eller tilgjengeligheten til informasjonen, produktene, tjenestene eller grafikken p\u00e5 nettstedet.<\/p>\n<p><strong>Informasjonsavhengighet<\/strong><\/p>\n<p>Bruken av informasjonen som er tilgjengelig p\u00e5 QuemLiga.PT er ditt eget ansvar. Vi vil ikke v\u00e6re ansvarlige for tap eller skade i forbindelse med bruken av nettstedet v\u00e5rt.<\/p>\n<p><strong>Lenker til andre nettsteder<\/strong><\/p>\n<p>QuemLiga.PT kan inneholde lenker til eksterne nettsteder som ikke drives av oss. Vi har ingen kontroll over, og p\u00e5tar oss intet ansvar for innholdet, personvernreglene eller praksisen til tredjeparts nettsteder eller tjenester.<\/p>\n<p><strong>Avsl\u00f8ring av tilknyttede selskaper<\/strong><\/p>\n<p>QuemLiga.PT kan delta i tilknyttede programmer og kan motta provisjoner for kj\u00f8p gjort gjennom lenker p\u00e5 nettstedet v\u00e5rt. Disse provisjonene hjelper til med \u00e5 vedlikeholde og st\u00f8tte nettstedet v\u00e5rt.<\/p>\n<p><strong>Endringer i ansvarsfraskrivelse<\/strong><\/p>\n<p>QuemLiga.PT forbeholder seg retten til \u00e5 gj\u00f8re endringer i denne ansvarsfraskrivelsen n\u00e5r som helst. Vi anbefaler at du sjekker denne siden regelmessig for \u00e5 holde deg informert om eventuelle oppdateringer. Din fortsatte bruk av nettstedet etter at endringer er lagt ut indikerer at du godtar dem.<\/p>\n<p><strong>Ta kontakt<\/strong><\/p>\n<p>For sp\u00f8rsm\u00e5l eller avklaringer knyttet til denne ansvarsfraskrivelsen, vennligst kontakt oss via e-post: contato@quemliga.pt<\/p>\n<p><strong>Endelige betraktninger<\/strong><\/p>\n<p>Informasjonen p\u00e5 QuemLiga.PT er gitt med det form\u00e5l \u00e5 informere og inspirere. De skal ikke tolkes som profesjonelle r\u00e5d. R\u00e5df\u00f8r deg alltid med eksperter for spesifikke sp\u00f8rsm\u00e5l. Bruk av dette nettstedet inneb\u00e6rer aksept av denne ansvarsfraskrivelsen.<\/p>","protected":false},"excerpt":{"rendered":"<p>Aksept av vilk\u00e5r Ved \u00e5 surfe og bruke nettstedet &quot;QuemLiga.PT&quot; (&quot;Nettsted&quot;), godtar du og godtar vilk\u00e5rene og betingelsene som er angitt i denne ansvarsfraskrivelsen...<\/p>","protected":false},"author":1,"featured_media":0,"parent":0,"menu_order":0,"comment_status":"closed","ping_status":"closed","template":"","meta":{"footnotes":""},"class_list":["post-970","page","type-page","status-publish","hentry"],"_links":{"self":[{"href":"https:\/\/quemliga.pt\/nb\/wp-json\/wp\/v2\/pages\/970","targetHints":{"allow":["GET"]}}],"collection":[{"href":"https:\/\/quemliga.pt\/nb\/wp-json\/wp\/v2\/pages"}],"about":[{"href":"https:\/\/quemliga.pt\/nb\/wp-json\/wp\/v2\/types\/page"}],"author":[{"embeddable":true,"href":"https:\/\/quemliga.pt\/nb\/wp-json\/wp\/v2\/users\/1"}],"replies":[{"embeddable":true,"href":"https:\/\/quemliga.pt\/nb\/wp-json\/wp\/v2\/comments?post=970"}],"version-history":[{"count":1,"href":"https:\/\/quemliga.pt\/nb\/wp-json\/wp\/v2\/pages\/970\/revisions"}],"predecessor-version":[{"id":971,"href":"https:\/\/quemliga.pt\/nb\/wp-json\/wp\/v2\/pages\/970\/revisions\/971"}],"wp:attachment":[{"href":"https:\/\/quemliga.pt\/nb\/wp-json\/wp\/v2\/media?parent=970"}],"curies":[{"name":"wp","href":"https:\/\/api.w.org\/{rel}","templated":true}]}}