{"id":974,"date":"2023-10-23T22:28:22","date_gmt":"2023-10-24T01:28:22","guid":{"rendered":"https:\/\/quemliga.pt\/?page_id=974"},"modified":"2023-10-23T22:28:22","modified_gmt":"2023-10-24T01:28:22","slug":"sobre","status":"publish","type":"page","link":"https:\/\/quemliga.pt\/lt\/sobre\/","title":{"rendered":"Apie"},"content":{"rendered":"<p>Sveiki atvyk\u0119 \u012f QuemLiga.PT, kur informacija susieja su naujov\u0117mis.<\/p>\n<p><strong>M\u016bs\u0173 misija<\/strong><\/p>\n<p>M\u016bs\u0173 QuemLiga.PT misija yra suteikti vartotojams aktuali\u0105 ir naujausi\u0105 informacij\u0105, leid\u017eian\u010di\u0105 jiems u\u017etikrintai nar\u0161yti skaitmeniniame pasaulyje. Manome, kad informacija yra raktas \u012f pagr\u012fstus sprendimus ir nuolat atnaujinam\u0105 informacij\u0105.<\/p>\n<p><strong>K\u0105 mes si\u016blome<\/strong><\/p>\n<ul>\n<li><strong>I\u0161sam\u016bs straipsniai:<\/strong> Si\u016blome straipsnius, ap\u017evalgas ir vadovus \u012fvairiomis temomis, kurie pad\u0117s jums b\u016bti informuotiems ir gauti naujausi\u0105 informacij\u0105.<\/li>\n<li><strong>Bendruomen\u0117s pastatas:<\/strong> QuemLiga.PT yra ne tik svetain\u0117; tai bendruomen\u0117. Susisiekite su kitais vartotojais, dalinkit\u0117s id\u0117jomis ir dalyvaukite atitinkamose diskusijose.<\/li>\n<li><strong>Mokymosi i\u0161tekliai:<\/strong> Nesvarbu, ar esate naujokas skaitmeniniame pasaulyje, ar veteranas, turime i\u0161tekli\u0173, tinkan\u010di\u0173 visiems patirties lygiams.<\/li>\n<\/ul>\n<p><strong>M\u016bs\u0173 kompromisas<\/strong><\/p>\n<p>Esame \u012fsipareigoj\u0119 teikti tiksli\u0105 ir patikim\u0105 informacij\u0105 bei sukurti aplink\u0105, kurioje vartotojai gal\u0117t\u0173 rasti atsakymus ir sprendimus \u012f savo klausimus ir poreikius.<\/p>\n<p><strong>Prisijunkite prie m\u016bs\u0173 kelion\u0117je<\/strong><\/p>\n<p>QuemLiga.PT esame daugiau nei tik informacinis portalas; Mes esame platforma, skirta aptarnauti ir informuoti. Kvie\u010diame prisijungti prie \u0161ios atradim\u0173 ir mokymosi kelion\u0117s.<\/p>\n<p><strong>D\u0117koju<\/strong><\/p>\n<p>Norime i\u0161reik\u0161ti didel\u012f d\u0117kingum\u0105 visiems savo vartotojams ir bendruomen\u0117s nariams, kurie daro QuemLiga.PT tok\u012f, koks jis yra. J\u016bs\u0173 pasitik\u0117jimas ir dalyvavimas \u012fkvepia mus toliau tobul\u0117ti ir kurti naujoves.<\/p>\n<p>Atraskite, su\u017einokite ir susisiekite su QuemLiga.PT.<\/p>","protected":false},"excerpt":{"rendered":"<p>Sveiki atvyk\u0119 \u012f QuemLiga.PT, kur informacija susieja su naujov\u0117mis. M\u016bs\u0173 misija QuemLiga.PT m\u016bs\u0173 misija yra suteikti vartotojams reikiam\u0105 informacij\u0105 ir\u2026<\/p>","protected":false},"author":1,"featured_media":0,"parent":0,"menu_order":0,"comment_status":"closed","ping_status":"closed","template":"","meta":{"footnotes":""},"class_list":["post-974","page","type-page","status-publish","hentry"],"_links":{"self":[{"href":"https:\/\/quemliga.pt\/lt\/wp-json\/wp\/v2\/pages\/974","targetHints":{"allow":["GET"]}}],"collection":[{"href":"https:\/\/quemliga.pt\/lt\/wp-json\/wp\/v2\/pages"}],"about":[{"href":"https:\/\/quemliga.pt\/lt\/wp-json\/wp\/v2\/types\/page"}],"author":[{"embeddable":true,"href":"https:\/\/quemliga.pt\/lt\/wp-json\/wp\/v2\/users\/1"}],"replies":[{"embeddable":true,"href":"https:\/\/quemliga.pt\/lt\/wp-json\/wp\/v2\/comments?post=974"}],"version-history":[{"count":1,"href":"https:\/\/quemliga.pt\/lt\/wp-json\/wp\/v2\/pages\/974\/revisions"}],"predecessor-version":[{"id":975,"href":"https:\/\/quemliga.pt\/lt\/wp-json\/wp\/v2\/pages\/974\/revisions\/975"}],"wp:attachment":[{"href":"https:\/\/quemliga.pt\/lt\/wp-json\/wp\/v2\/media?parent=974"}],"curies":[{"name":"wp","href":"https:\/\/api.w.org\/{rel}","templated":true}]}}