{"id":972,"date":"2023-10-23T22:27:59","date_gmt":"2023-10-24T01:27:59","guid":{"rendered":"https:\/\/quemliga.pt\/?page_id=972"},"modified":"2023-10-23T22:27:59","modified_gmt":"2023-10-24T01:27:59","slug":"politica-de-privacidade-2","status":"publish","type":"page","link":"https:\/\/quemliga.pt\/lt\/politica-de-privacidade-2\/","title":{"rendered":"Privatumo politika"},"content":{"rendered":"<p>QuemLiga.PT, pasiekiama adresu <a href=\"https:\/\/quemliga.pt\/lt\/\" target=\"_new\" rel=\"noopener\">https:\/\/quemliga.pt\/<\/a>, vienas pagrindini\u0173 m\u016bs\u0173 prioritet\u0173 yra m\u016bs\u0173 lankytoj\u0173 privatumas. \u0160iame privatumo politikos dokumente pateikiama informacija, kuri\u0105 renka ir \u012fra\u0161o QuemLiga.PT, ir kaip mes j\u0105 naudojame.<\/p>\r\n<p>Jei turite papildom\u0173 klausim\u0173 ar reikia daugiau informacijos apie m\u016bs\u0173 privatumo politik\u0105, nedvejodami susisiekite su mumis.<\/p>\r\n<p>\u0160i privatumo politika taikoma tik m\u016bs\u0173 veiklai internete ir galioja m\u016bs\u0173 svetain\u0117s lankytojams, atsi\u017evelgiant \u012f informacij\u0105, kuri\u0105 jie dalijasi ir (arba) renka QuemLiga.PT. \u0160i politika netaikoma jokiai informacijai, surinktai neprisijungus arba kitais kanalais nei \u0161i svetain\u0117.<\/p>\r\n<p>Sutikimas Naudodamiesi m\u016bs\u0173 svetaine sutinkate su m\u016bs\u0173 privatumo politika ir sutinkate su jos s\u0105lygomis.<\/p>\r\n<p>Informacija, kuri\u0105 renkame Asmenin\u0117 informacija, kuri\u0105 j\u016bs\u0173 pra\u0161oma pateikti, ir prie\u017eastys, kod\u0117l j\u016bs\u0173 pra\u0161oma j\u0105 pateikti, jums bus paai\u0161kinta tada, kai papra\u0161ysime pateikti savo asmenin\u0119 informacij\u0105.<\/p>\r\n<p>Jei susisieksite su mumis tiesiogiai, galime gauti papildomos informacijos apie jus, pvz., j\u016bs\u0173 vard\u0105, el. pa\u0161to adres\u0105, telefono numer\u012f, prane\u0161imo turin\u012f ir (arba) priedus, kuriuos galite mums si\u0173sti, ir bet koki\u0105 kit\u0105 informacij\u0105, kuri\u0105 pasirinksite pateikti.<\/p>\r\n<p>Kai prisiregistruojate gauti paskyr\u0105, galime papra\u0161yti j\u016bs\u0173 kontaktin\u0117s informacijos, \u012fskaitant tokius elementus kaip vardas, \u012fmon\u0117s pavadinimas, adresas, el. pa\u0161to adresas ir telefono numeris.<\/p>\r\n<p>Kaip naudojame j\u016bs\u0173 informacij\u0105 Mes naudojame informacij\u0105, kuri\u0105 renkame \u012fvairiais b\u016bdais, \u012fskaitant:<\/p>\r\n<ul>\r\n<li>Teikti, valdyti ir pri\u017ei\u016br\u0117ti m\u016bs\u0173 svetain\u0119<\/li>\r\n<li>Tobulinkite, tinkinkite ir pl\u0117skite m\u016bs\u0173 svetain\u0119<\/li>\r\n<li>Supraskite ir analizuokite, kaip naudojat\u0117s m\u016bs\u0173 svetaine<\/li>\r\n<li>Kurti naujus produktus, paslaugas, funkcijas ir funkcijas<\/li>\r\n<li>Bendrauti su jumis tiesiogiai arba per vien\u0105 i\u0161 m\u016bs\u0173 partneri\u0173, \u012fskaitant klient\u0173 aptarnavim\u0105, kad pateiktume jums atnaujinimus ir kit\u0105 informacij\u0105, susijusi\u0105 su svetaine, rinkodaros ir reklamos tikslais.<\/li>\r\n<li>Si\u0173sti jums el<\/li>\r\n<li>Raskite ir i\u0161vengsite suk\u010diavimo<\/li>\r\n<\/ul>\r\n<p>\u017durnalo failai QuemLiga.PT laikosi standartin\u0117s \u017eurnalo fail\u0173 naudojimo proced\u016bros. \u0160ie failai \u012fra\u0161o lankytojus, kai jie lankosi svetain\u0117se. Visos prieglobos \u012fmon\u0117s tai daro ir tai yra prieglobos paslaug\u0173 analiz\u0117s dalis. \u017durnalo failais renkama informacija apima interneto protokolo (IP) adresus, nar\u0161ykl\u0117s tip\u0105, interneto paslaug\u0173 teik\u0117j\u0105 (IPT), datos ir laiko \u017eym\u0105, nukreipimo \/ i\u0161\u0117jimo puslapius ir galb\u016bt paspaudim\u0173 skai\u010di\u0173. Jie n\u0117ra susieti su jokia informacija, kuri\u0105 galima identifikuoti. Informacijos tikslas \u2013 analizuoti tendencijas, administruoti svetain\u0119, sekti vartotoj\u0173 jud\u0117jim\u0105 svetain\u0117je, rinkti demografin\u0119 informacij\u0105.<\/p>\r\n<p>Slapukai ir \u017einiatinklio \u0161vyturiai Kaip ir bet kuri kita svetain\u0117, QuemLiga.PT naudoja slapukus. \u0160ie slapukai naudojami informacijai saugoti, \u012fskaitant lankytoj\u0173 nuostatas ir svetain\u0117s puslapius, kuriuos lankytojas pasiek\u0117 arba aplank\u0117. Informacija naudojama siekiant optimizuoti vartotoj\u0173 patirt\u012f, tinkinant m\u016bs\u0173 tinklalapio turin\u012f pagal lankytoj\u0173 nar\u0161ykl\u0117s tip\u0105 ir (arba) kit\u0105 informacij\u0105.<\/p>\r\n<p>Google DoubleClick DART slapukas Google yra tre\u010diosios \u0161alies pardav\u0117jas m\u016bs\u0173 svetain\u0117je. Ji taip pat naudoja slapukus, vadinamus DART slapukais, kad pateikt\u0173 skelbimus m\u016bs\u0173 svetain\u0117s lankytojams pagal j\u0173 apsilankym\u0105 <a href=\"http:\/\/www.website.com\/\" target=\"_new\" rel=\"noopener\">www.website.com<\/a> ir kitose interneto svetain\u0117se. Ta\u010diau lankytojai gali atsisakyti naudoti DART slapukus, apsilank\u0119 \u201eGoogle\u201c skelbim\u0173 ir turinio tinklo privatumo politikoje \u0161iuo URL \u2013 <a href=\"https:\/\/policies.google.com\/technologies\/ads\" target=\"_new\" rel=\"noopener\">https:\/\/policies.google.com\/technologies\/ads<\/a><\/p>\r\n<p>Reklamos partneri\u0173 privatumo politika \u0160iame s\u0105ra\u0161e rasite kiekvieno QuemLiga.PT reklamos partnerio privatumo politik\u0105.<\/p>\r\n<p>Tre\u010di\u0173j\u0173 \u0161ali\u0173 skelbim\u0173 serveriai arba skelbim\u0173 tinklai naudoja tokias technologijas kaip slapukai, \u201eJavaScript\u201c arba \u017einiatinklio \u0161vyturiai, kurie naudojami atitinkamuose j\u0173 skelbimuose ir nuorodose, rodomose QuemLiga.PT, kurios siun\u010diamos tiesiai \u012f vartotoj\u0173 nar\u0161ykl\u0119. Kai tai \u012fvyksta, jie automati\u0161kai gauna j\u016bs\u0173 IP adres\u0105. \u0160ios technologijos naudojamos j\u0173 reklamini\u0173 kampanij\u0173 efektyvumui \u012fvertinti ir (arba) suasmeninti reklamin\u012f turin\u012f, kur\u012f matote lankomose svetain\u0117se.<\/p>\r\n<p>Atkreipkite d\u0117mes\u012f, kad QuemLiga.PT neturi prieigos prie \u0161i\u0173 tre\u010di\u0173j\u0173 \u0161ali\u0173 reklamuotoj\u0173 naudojam\u0173 slapuk\u0173 arba j\u0173 nekontroliuoja.<\/p>\r\n<p>Tre\u010di\u0173j\u0173 \u0161ali\u0173 privatumo politika QuemLiga.PT privatumo politika netaikoma kitiems reklamuotojams ar svetain\u0117ms. Tod\u0117l, nor\u0117dami gauti i\u0161samesn\u0117s informacijos, patariame susipa\u017einti su atitinkamomis \u0161i\u0173 tre\u010di\u0173j\u0173 \u0161ali\u0173 skelbim\u0173 serveri\u0173 privatumo taisykl\u0117mis. Tai gali apimti praktik\u0105 ir nurodymus, kaip atsisakyti tam tikr\u0173 pasirinkim\u0173.<\/p>\r\n<p>Galite pasirinkti i\u0161jungti slapukus naudodami atskiras nar\u0161ykl\u0117s parinktis. Nor\u0117dami su\u017einoti daugiau informacijos apie slapuk\u0173 valdym\u0105 konkre\u010diose interneto nar\u0161ykl\u0117se, j\u0105 rasite atitinkamose nar\u0161ykli\u0173 svetain\u0117se.<\/p>\r\n<p>CCPA privatumo teis\u0117s (neparduokite mano asmenin\u0117s informacijos) Pagal CCPA, be kit\u0173 teisi\u0173, Kalifornijos vartotojai turi teis\u0119:<\/p>\r\n<ul>\r\n<li>Reikalauti, kad \u012fmon\u0117, renkanti vartotojo asmens duomenis, atskleist\u0173 kategorijas ir konkre\u010dius asmens duomenis, kuriuos \u012fmon\u0117 surinko apie vartotojus.<\/li>\r\n<li>Reikalauti, kad \u012fmon\u0117 i\u0161trint\u0173 visus surinktus asmeninius duomenis apie vartotoj\u0105.<\/li>\r\n<li>Reikalauti, kad \u012fmon\u0117, parduodanti vartotojo asmens duomenis, neparduot\u0173 vartotojo asmens duomen\u0173.<\/li>\r\n<\/ul>\r\n<p>Jei pateikiate u\u017eklaus\u0105, turime vien\u0105 m\u0117nes\u012f atsakyti. Jei norite pasinaudoti kuria nors i\u0161 \u0161i\u0173 teisi\u0173, susisiekite su mumis.<\/p>\r\n<p>BDAR duomen\u0173 apsaugos teis\u0117s Nor\u0117tume \u012fsitikinti, kad esate visi\u0161kai informuoti apie visas savo duomen\u0173 apsaugos teises. Kiekvienas vartotojas turi teis\u0119 \u012f:<\/p>\r\n<ul>\r\n<li>Teis\u0117 susipa\u017einti \u2013 J\u016bs turite teis\u0119 reikalauti savo asmens duomen\u0173 kopij\u0173. U\u017e \u0161i\u0105 paslaug\u0105 galime imti nedidel\u012f mokest\u012f.<\/li>\r\n<li>Teis\u0117 i\u0161taisyti \u2013 J\u016bs turite teis\u0119 reikalauti, kad i\u0161taisytume bet koki\u0105 informacij\u0105, kuri, J\u016bs\u0173 nuomone, yra netiksli. Taip pat turite teis\u0119 pra\u0161yti, kad mes u\u017epildytume informacij\u0105, kuri, j\u016bs\u0173 nuomone, yra nei\u0161sami.<\/li>\r\n<li>Teis\u0117 i\u0161trinti \u2013 tam tikromis s\u0105lygomis turite teis\u0119 pra\u0161yti, kad i\u0161trintume j\u016bs\u0173 asmens duomenis.<\/li>\r\n<li>Teis\u0117 apriboti tvarkym\u0105 \u2013 J\u016bs turite teis\u0119 reikalauti, kad tam tikromis s\u0105lygomis apribotume J\u016bs\u0173 asmens duomen\u0173 tvarkym\u0105.<\/li>\r\n<li>Teis\u0117 nesutikti, kad j\u016bs\u0173 asmens duomenys b\u016bt\u0173 tvarkomi \u2013 tam tikromis s\u0105lygomis turite teis\u0119 nesutikti, kad mes tvarkytume j\u016bs\u0173 asmens duomenis.<\/li>\r\n<li>Teis\u0117 \u012f duomen\u0173 perkeliamum\u0105 \u2013 J\u016bs turite teis\u0119 reikalauti, kad tam tikromis s\u0105lygomis perduotume renkamus duomenis kitai organizacijai arba tiesiogiai Jums.<\/li>\r\n<\/ul>\r\n<p>Jei pateikiate u\u017eklaus\u0105, turime vien\u0105 m\u0117nes\u012f atsakyti. Jei norite pasinaudoti kuria nors i\u0161 \u0161i\u0173 teisi\u0173, susisiekite su mumis.<\/p>\r\n<p>Vaik\u0173 informacija Kita m\u016bs\u0173 prioriteto dalis yra vaik\u0173 apsauga, kai jie naudojasi internetu. Raginame t\u0117vus ir glob\u0117jus steb\u0117ti, dalyvauti ir (arba) steb\u0117ti ir vadovauti j\u0173 veiklai internete.<\/p>\r\n<p>QuemLiga.PT s\u0105moningai nerenka jokios asmen\u012f identifikuojan\u010dios informacijos i\u0161 jaunesni\u0173 nei 13 met\u0173 vaik\u0173. Jei manote, kad j\u016bs\u0173 vaikas m\u016bs\u0173 svetain\u0117je pateik\u0117 toki\u0105 informacij\u0105, primygtinai raginame nedelsiant susisiekti su mumis ir d\u0117sime visas pastangas, kad tokia informacija b\u016bt\u0173 nedelsiant pa\u0161alinta i\u0161 m\u016bs\u0173 \u012fra\u0161\u0173.<\/p>\r\n<p>\u0160ios privatumo politikos pakeitimai Retkar\u010diais galime atnaujinti savo privatumo politik\u0105. Tod\u0117l rekomenduojame periodi\u0161kai per\u017ei\u016br\u0117ti \u0161\u012f puslap\u012f, ar n\u0117ra pakeitim\u0173. Apie bet kokius pakeitimus prane\u0161ime \u0161iame puslapyje paskelbdami nauj\u0105 privatumo politik\u0105. \u0160ie pakeitimai \u012fsigalioja i\u0161 karto po j\u0173 paskelbimo \u0161iame puslapyje.<\/p>\r\n<p>M\u016bs\u0173 privatumo politika buvo sukurta naudojant Privatumo politikos generatori\u0173.<\/p>\r\n<p>Susisiekite su mumis Jei turite klausim\u0173 ar pasi\u016blym\u0173 d\u0117l m\u016bs\u0173 privatumo politikos, nedvejodami susisiekite su mumis.<\/p>","protected":false},"excerpt":{"rendered":"<p>\u201eQuemLiga.PT\u201c, pasiekiama i\u0161 https:\/\/quemliga.pt\/, vienas i\u0161 pagrindini\u0173 m\u016bs\u0173 prioritet\u0173 yra m\u016bs\u0173 lankytoj\u0173 privatumas. \u0160iame privatumo politikos dokumente pateikiami tipai\u2026<\/p>","protected":false},"author":1,"featured_media":0,"parent":0,"menu_order":0,"comment_status":"closed","ping_status":"closed","template":"","meta":{"footnotes":""},"class_list":["post-972","page","type-page","status-publish","hentry"],"_links":{"self":[{"href":"https:\/\/quemliga.pt\/lt\/wp-json\/wp\/v2\/pages\/972","targetHints":{"allow":["GET"]}}],"collection":[{"href":"https:\/\/quemliga.pt\/lt\/wp-json\/wp\/v2\/pages"}],"about":[{"href":"https:\/\/quemliga.pt\/lt\/wp-json\/wp\/v2\/types\/page"}],"author":[{"embeddable":true,"href":"https:\/\/quemliga.pt\/lt\/wp-json\/wp\/v2\/users\/1"}],"replies":[{"embeddable":true,"href":"https:\/\/quemliga.pt\/lt\/wp-json\/wp\/v2\/comments?post=972"}],"version-history":[{"count":1,"href":"https:\/\/quemliga.pt\/lt\/wp-json\/wp\/v2\/pages\/972\/revisions"}],"predecessor-version":[{"id":973,"href":"https:\/\/quemliga.pt\/lt\/wp-json\/wp\/v2\/pages\/972\/revisions\/973"}],"wp:attachment":[{"href":"https:\/\/quemliga.pt\/lt\/wp-json\/wp\/v2\/media?parent=972"}],"curies":[{"name":"wp","href":"https:\/\/api.w.org\/{rel}","templated":true}]}}