{"id":970,"date":"2023-10-23T22:27:27","date_gmt":"2023-10-24T01:27:27","guid":{"rendered":"https:\/\/quemliga.pt\/?page_id=970"},"modified":"2023-10-23T22:27:27","modified_gmt":"2023-10-24T01:27:27","slug":"isencao-de-responsabilidade","status":"publish","type":"page","link":"https:\/\/quemliga.pt\/lt\/isencao-de-responsabilidade\/","title":{"rendered":"Atsisakymas"},"content":{"rendered":"<p><strong>S\u0105lyg\u0173 pri\u0117mimas<\/strong><\/p>\n<p>Nar\u0161ydami ir naudodami \u201eQuemLiga.PT\u201c svetain\u0119 (\u201eSvetain\u0117\u201c) sutinkate ir sutinkate su \u0161iame Atsisakyme nustatytomis s\u0105lygomis. Jei nesutinkate su \u0161iomis s\u0105lygomis, nesinaudokite svetaine.<\/p>\n<p><strong>Turinio vientisumas<\/strong><\/p>\n<p>QuemLiga.PT pateikiama informacija yra skirta bendrai informacijai. Nors stengiam\u0117s, kad informacija b\u016bt\u0173 atnaujinta ir teisinga, nesuteikiame joki\u0173 tiesiogini\u0173 ar numanom\u0173 garantij\u0173 d\u0117l Svetain\u0117je pateiktos informacijos, produkt\u0173, paslaug\u0173 ar grafikos i\u0161samumo, tikslumo, patikimumo ar prieinamumo.<\/p>\n<p><strong>Priklausomyb\u0117 nuo informacijos<\/strong><\/p>\n<p>U\u017e QuemLiga.PT turimos informacijos naudojim\u0105 esate atsakingi tik j\u016bs. Mes neb\u016bsime atsakingi u\u017e jokius nuostolius ar \u017eal\u0105, susijusi\u0105 su m\u016bs\u0173 svetain\u0117s naudojimu.<\/p>\n<p><strong>Nuorodos \u012f kitas svetaines<\/strong><\/p>\n<p>QuemLiga.PT gali b\u016bti nuorod\u0173 \u012f i\u0161orines svetaines, kuri\u0173 nevaldome mes. Mes nekontroliuojame ir neprisiimame atsakomyb\u0117s u\u017e bet koki\u0173 tre\u010di\u0173j\u0173 \u0161ali\u0173 svetaini\u0173 ar paslaug\u0173 turin\u012f, privatumo politik\u0105 ar praktik\u0105.<\/p>\n<p><strong>Filialo atskleidimas<\/strong><\/p>\n<p>QuemLiga.PT gali dalyvauti dukterin\u0117se programose ir gauti komisinius u\u017e pirkinius, \u012fsigytus naudojant nuorodas m\u016bs\u0173 svetain\u0117je. \u0160ios komisijos padeda pri\u017ei\u016br\u0117ti ir palaikyti m\u016bs\u0173 svetain\u0119.<\/p>\n<p><strong>Atsakomyb\u0117s apribojimo pakeitimai<\/strong><\/p>\n<p>QuemLiga.PT pasilieka teis\u0119 bet kuriuo metu keisti \u0161\u012f atsisakym\u0105. Rekomenduojame reguliariai tikrinti \u0161\u012f puslap\u012f, kad b\u016btum\u0117te informuoti apie bet kokius atnaujinimus. J\u016bs\u0173 tolesnis naudojimasis Svetaine po pakeitim\u0173 paskelbimo rei\u0161kia, kad sutinkate su jais.<\/p>\n<p><strong>kontaktas<\/strong><\/p>\n<p>Jei turite klausim\u0173 ar paai\u0161kinim\u0173, susijusi\u0173 su \u0161iuo atsakomyb\u0117s atsisakymu, susisiekite su mumis el. pa\u0161tu: contato@quemliga.pt<\/p>\n<p><strong>Baigiamieji svarstymai<\/strong><\/p>\n<p>Informacija apie QuemLiga.PT teikiama siekiant informuoti ir \u012fkv\u0117pti. Jie netur\u0117t\u0173 b\u016bti interpretuojami kaip profesional\u016bs patarimai. Visada kreipkit\u0117s \u012f ekspertus d\u0117l konkre\u010di\u0173 klausim\u0173. \u0160ios svetain\u0117s naudojimas rei\u0161kia, kad sutinkate su \u0161iuo Atsakomyb\u0117s apribojimu.<\/p>","protected":false},"excerpt":{"rendered":"<p>S\u0105lyg\u0173 pri\u0117mimas Nar\u0161ydami ir naudodamiesi \u201eQuemLiga.PT\u201c svetaine (toliau \u2013 svetain\u0117) sutinkate ir sutinkate su s\u0105lygomis, i\u0161d\u0117stytomis \u0161iame atsakomyb\u0117s atsisakyme....<\/p>","protected":false},"author":1,"featured_media":0,"parent":0,"menu_order":0,"comment_status":"closed","ping_status":"closed","template":"","meta":{"footnotes":""},"class_list":["post-970","page","type-page","status-publish","hentry"],"_links":{"self":[{"href":"https:\/\/quemliga.pt\/lt\/wp-json\/wp\/v2\/pages\/970","targetHints":{"allow":["GET"]}}],"collection":[{"href":"https:\/\/quemliga.pt\/lt\/wp-json\/wp\/v2\/pages"}],"about":[{"href":"https:\/\/quemliga.pt\/lt\/wp-json\/wp\/v2\/types\/page"}],"author":[{"embeddable":true,"href":"https:\/\/quemliga.pt\/lt\/wp-json\/wp\/v2\/users\/1"}],"replies":[{"embeddable":true,"href":"https:\/\/quemliga.pt\/lt\/wp-json\/wp\/v2\/comments?post=970"}],"version-history":[{"count":1,"href":"https:\/\/quemliga.pt\/lt\/wp-json\/wp\/v2\/pages\/970\/revisions"}],"predecessor-version":[{"id":971,"href":"https:\/\/quemliga.pt\/lt\/wp-json\/wp\/v2\/pages\/970\/revisions\/971"}],"wp:attachment":[{"href":"https:\/\/quemliga.pt\/lt\/wp-json\/wp\/v2\/media?parent=970"}],"curies":[{"name":"wp","href":"https:\/\/api.w.org\/{rel}","templated":true}]}}