{"id":921,"date":"2023-10-23T20:59:36","date_gmt":"2023-10-23T23:59:36","guid":{"rendered":"https:\/\/quemliga.pt\/?page_id=921"},"modified":"2023-10-23T22:22:51","modified_gmt":"2023-10-24T01:22:51","slug":"contato","status":"publish","type":"page","link":"https:\/\/quemliga.pt\/hi\/contato\/","title":{"rendered":"\u0938\u0902\u092a\u0930\u094d\u0915"},"content":{"rendered":"<p>\u201cQuemLiga.PT\u201d \u092e\u0947\u0902 \u0906\u092a\u0915\u0940 \u0930\u0941\u091a\u093f \u0915\u0947 \u0932\u093f\u090f \u0927\u0928\u094d\u092f\u0935\u093e\u0926\u0964 \u092f\u0926\u093f \u0906\u092a\u0915\u0947 \u0915\u094b\u0908 \u092a\u094d\u0930\u0936\u094d\u0928, \u091f\u093f\u092a\u094d\u092a\u0923\u0940 \u092f\u093e \u0938\u0941\u091d\u093e\u0935 \u0939\u094b\u0902, \u0924\u094b \u0915\u0943\u092a\u092f\u093e \u0939\u092e\u0938\u0947 \u0938\u0902\u092a\u0930\u094d\u0915 \u0915\u0930\u0928\u0947 \u092e\u0947\u0902 \u0938\u0902\u0915\u094b\u091a \u0928 \u0915\u0930\u0947\u0902\u0964 \u0939\u092e \u0906\u092a\u0915\u0940 \u092a\u094d\u0930\u0924\u093f\u0915\u094d\u0930\u093f\u092f\u093e \u0915\u094b \u092c\u0939\u0941\u0924 \u092e\u0939\u0924\u094d\u0935 \u0926\u0947\u0924\u0947 \u0939\u0948\u0902, \u0915\u094d\u092f\u094b\u0902\u0915\u093f \u0939\u092e \u0917\u0941\u0923\u0935\u0924\u094d\u0924\u093e\u092a\u0942\u0930\u094d\u0923 \u0914\u0930 \u092a\u094d\u0930\u093e\u0938\u0902\u0917\u093f\u0915 \u091c\u093e\u0928\u0915\u093e\u0930\u0940 \u092a\u094d\u0930\u0926\u093e\u0928 \u0915\u0930\u0928\u0947 \u0915\u093e \u092a\u094d\u0930\u092f\u093e\u0938 \u0915\u0930\u0924\u0947 \u0939\u0948\u0902\u0964<\/p>\n<p><strong>\u0908 - \u092e\u0947\u0932 \u0938\u092e\u0930\u094d\u0925\u0928:<\/strong><\/p>\n<p>\u0915\u093f\u0938\u0940 \u092d\u0940 \u092a\u094d\u0930\u0936\u094d\u0928 \u0915\u0947 \u0932\u093f\u090f, \u0906\u092a \u0908\u092e\u0947\u0932 \u0915\u0947 \u092e\u093e\u0927\u094d\u092f\u092e \u0938\u0947 \u0939\u092e\u093e\u0930\u0940 \u0938\u092e\u0930\u094d\u092a\u093f\u0924 \u0938\u0939\u093e\u092f\u0924\u093e \u091f\u0940\u092e \u0938\u0947 \u0938\u0902\u092a\u0930\u094d\u0915 \u0915\u0930 \u0938\u0915\u0924\u0947 \u0939\u0948\u0902\u0964 <strong><a href=\"mailto:contato@quemliga.pt\" target=\"_new\" rel=\"noopener\">contact@quemliga.pt<\/a><\/strong>\u0939\u092e\u093e\u0930\u093e \u0932\u0915\u094d\u0937\u094d\u092f \u0906\u092a\u0915\u0947 \u0908\u092e\u0947\u0932 \u0915\u093e \u0924\u0941\u0930\u0902\u0924 \u091c\u0935\u093e\u092c \u0926\u0947\u0928\u093e \u0914\u0930 \u0906\u092a\u0915\u0947 \u0915\u093f\u0938\u0940 \u092d\u0940 \u092a\u094d\u0930\u0936\u094d\u0928 \u092f\u093e \u091c\u093e\u0928\u0915\u093e\u0930\u0940 \u0915\u0947 \u0932\u093f\u090f \u0938\u0939\u093e\u092f\u0924\u093e \u092a\u094d\u0930\u0926\u093e\u0928 \u0915\u0930\u0928\u093e \u0939\u0948\u0964<\/p>\n<p><strong>\u091f\u093f\u092a\u094d\u092a\u0923\u093f\u092f\u093e\u0902 \u0914\u0930 \u0938\u0941\u091d\u093e\u0935:<\/strong><\/p>\n<p>QuemLiga.PT \u0915\u094b \u092c\u0947\u0939\u0924\u0930 \u092c\u0928\u093e\u0928\u0947 \u0915\u0947 \u0932\u093f\u090f \u0906\u092a\u0915\u0947 \u0938\u0941\u091d\u093e\u0935\u094b\u0902 \u0914\u0930 \u091f\u093f\u092a\u094d\u092a\u0923\u093f\u092f\u094b\u0902 \u0915\u093e \u0939\u092e \u0938\u094d\u0935\u093e\u0917\u0924 \u0915\u0930\u0924\u0947 \u0939\u0948\u0902\u0964 \u092f\u0926\u093f \u0906\u092a \u0905\u092a\u0928\u0947 \u0935\u093f\u091a\u093e\u0930 \u0938\u093e\u091d\u093e \u0915\u0930\u0928\u093e \u091a\u093e\u0939\u0924\u0947 \u0939\u0948\u0902 \u092f\u093e \u0938\u093e\u092e\u093e\u0928\u094d\u092f \u0938\u0941\u091d\u093e\u0935 \u0926\u0947\u0928\u093e \u091a\u093e\u0939\u0924\u0947 \u0939\u0948\u0902, \u0924\u094b \u0915\u0943\u092a\u092f\u093e \u092c\u0947\u091d\u093f\u091d\u0915 \u0939\u092e\u0947\u0902 [email address] \u092a\u0930 \u0908\u092e\u0947\u0932 \u0915\u0930\u0947\u0902\u0964 <strong><a href=\"mailto:contato@quemliga.pt\" target=\"_new\" rel=\"noopener\">contact@quemliga.pt<\/a><\/strong>.<\/p>\n<p><strong>\u0905\u0924\u093f\u0925\u093f \u092f\u094b\u0917\u0926\u093e\u0928 \u0914\u0930 \u092a\u094b\u0938\u094d\u091f:<\/strong><\/p>\n<p>\u092f\u0926\u093f \u0906\u092a\u0915\u0947 \u092a\u093e\u0938 \u092a\u094d\u0930\u093e\u0938\u0902\u0917\u093f\u0915 \u091c\u093e\u0928\u0915\u093e\u0930\u0940 \u0939\u0948 \u0914\u0930 \u0906\u092a QuemLiga.PT \u092e\u0947\u0902 \u0932\u0947\u0916 \u092f\u093e \u091c\u093e\u0928\u0915\u093e\u0930\u0940 \u092f\u094b\u0917\u0926\u093e\u0928 \u0915\u0930\u0928\u093e \u091a\u093e\u0939\u0924\u0947 \u0939\u0948\u0902, \u0924\u094b \u0915\u0943\u092a\u092f\u093e \u0939\u092e\u0947\u0902 \u0908\u092e\u0947\u0932 \u0926\u094d\u0935\u093e\u0930\u093e \u0938\u0902\u092a\u0930\u094d\u0915 \u0915\u0930\u0947\u0902\u0964 <strong><a href=\"mailto:contato@quemliga.pt\" target=\"_new\" rel=\"noopener\">contact@quemliga.pt<\/a><\/strong>\u0939\u092e \u0939\u092e\u0947\u0936\u093e \u0910\u0938\u0947 \u092f\u094b\u0917\u0926\u093e\u0928\u0915\u0930\u094d\u0924\u093e\u0913\u0902 \u0915\u0940 \u0924\u0932\u093e\u0936 \u092e\u0947\u0902 \u0930\u0939\u0924\u0947 \u0939\u0948\u0902 \u091c\u094b \u0939\u092e\u093e\u0930\u0940 \u0938\u093e\u092e\u0917\u094d\u0930\u0940 \u0915\u094b \u0938\u092e\u0943\u0926\u094d\u0927 \u0915\u0930 \u0938\u0915\u0947\u0902\u0964<\/p>\n<p><strong>\u0938\u093e\u091d\u0947\u0926\u093e\u0930\u0940 \u0938\u0902\u092c\u0902\u0927\u0940 \u092a\u0942\u091b\u0924\u093e\u091b:<\/strong><\/p>\n<p>\u0938\u093e\u091d\u0947\u0926\u093e\u0930\u0940 \u092f\u093e \u0905\u0928\u094d\u092f \u0938\u0939\u092f\u094b\u0917 \u0915\u0947 \u0905\u0935\u0938\u0930\u094b\u0902 \u0915\u0947 \u092c\u093e\u0930\u0947 \u092e\u0947\u0902 \u092a\u0942\u091b\u0924\u093e\u091b \u0915\u0947 \u0932\u093f\u090f, \u0915\u0943\u092a\u092f\u093e \u0939\u092e\u0947\u0902 \u0908\u092e\u0947\u0932 \u0926\u094d\u0935\u093e\u0930\u093e \u0938\u0902\u092a\u0930\u094d\u0915 \u0915\u0930\u0947\u0902\u0964 <strong><a href=\"mailto:contato@quemliga.pt\" target=\"_new\" rel=\"noopener\">contact@quemliga.pt<\/a><\/strong>\u0939\u092e \u0928\u090f \u0935\u093f\u091a\u093e\u0930\u094b\u0902 \u0914\u0930 \u0938\u0939\u092f\u094b\u0917\u094b\u0902 \u0915\u0947 \u0932\u093f\u090f \u0916\u0941\u0932\u0947 \u0939\u0948\u0902 \u091c\u093f\u0928\u0938\u0947 \u0939\u092e\u093e\u0930\u0947 \u0909\u092a\u092f\u094b\u0917\u0915\u0930\u094d\u0924\u093e\u0913\u0902 \u0915\u094b \u0932\u093e\u092d \u0939\u094b \u0938\u0915\u0947\u0964<\/p>\n<p>QuemLiga.PT \u092a\u0930 \u0906\u0928\u0947 \u0915\u0947 \u0932\u093f\u090f \u0927\u0928\u094d\u092f\u0935\u093e\u0926\u0964 \u0939\u092e \u0906\u092a\u0938\u0947 \u0938\u0902\u092a\u0930\u094d\u0915 \u0915\u0930\u0928\u0947 \u0915\u0940 \u092a\u094d\u0930\u0924\u0940\u0915\u094d\u0937\u093e \u0915\u0930 \u0930\u0939\u0947 \u0939\u0948\u0902 \u0914\u0930 \u0906\u092a\u0915\u0940 \u0939\u0930 \u0938\u0902\u092d\u0935 \u0938\u0939\u093e\u092f\u0924\u093e \u0915\u0930\u0928\u0947 \u0915\u0947 \u0932\u093f\u090f \u0924\u0924\u094d\u092a\u0930 \u0939\u0948\u0902\u0964<\/p>","protected":false},"excerpt":{"rendered":"<p>Agradecemos seu interesse no \u201cQuemLiga.PT\u201d. Se voc\u00ea tiver alguma d\u00favida, coment\u00e1rio ou sugest\u00e3o, n\u00e3o hesite em entrar em contato conosco. Valorizamos muito o seu feedback,&#8230;<\/p>","protected":false},"author":1,"featured_media":0,"parent":0,"menu_order":0,"comment_status":"closed","ping_status":"closed","template":"","meta":{"footnotes":""},"class_list":["post-921","page","type-page","status-publish","hentry"],"_links":{"self":[{"href":"https:\/\/quemliga.pt\/hi\/wp-json\/wp\/v2\/pages\/921","targetHints":{"allow":["GET"]}}],"collection":[{"href":"https:\/\/quemliga.pt\/hi\/wp-json\/wp\/v2\/pages"}],"about":[{"href":"https:\/\/quemliga.pt\/hi\/wp-json\/wp\/v2\/types\/page"}],"author":[{"embeddable":true,"href":"https:\/\/quemliga.pt\/hi\/wp-json\/wp\/v2\/users\/1"}],"replies":[{"embeddable":true,"href":"https:\/\/quemliga.pt\/hi\/wp-json\/wp\/v2\/comments?post=921"}],"version-history":[{"count":2,"href":"https:\/\/quemliga.pt\/hi\/wp-json\/wp\/v2\/pages\/921\/revisions"}],"predecessor-version":[{"id":967,"href":"https:\/\/quemliga.pt\/hi\/wp-json\/wp\/v2\/pages\/921\/revisions\/967"}],"wp:attachment":[{"href":"https:\/\/quemliga.pt\/hi\/wp-json\/wp\/v2\/media?parent=921"}],"curies":[{"name":"wp","href":"https:\/\/api.w.org\/{rel}","templated":true}]}}