{"id":1263,"date":"2024-11-15T02:04:49","date_gmt":"2024-11-15T05:04:49","guid":{"rendered":"https:\/\/quemliga.pt\/?page_id=1263"},"modified":"2024-11-15T02:06:35","modified_gmt":"2024-11-15T05:06:35","slug":"baixar","status":"publish","type":"page","link":"https:\/\/quemliga.pt\/hi\/baixar\/","title":{"rendered":""},"content":{"rendered":"<section class=\"redirection-container\">\n<div class=\"redirection-content\"><img id=\"imagem\" class=\"alignleft\" alt=\"Logo do Aplicativo\" width=\"71\" height=\"71\" \/><br \/>\n<span id=\"title\">\u0906\u0935\u0947\u0926\u0928<\/span><\/div>\n<div class=\"tittle\">\n<h2>\u092a\u0941\u0928\u0930\u094d\u0928\u093f\u0930\u094d\u0926\u0947\u0936\u093f\u0924 \u0915\u093f\u092f\u093e \u091c\u093e \u0930\u0939\u093e \u0939\u0948\u2026<\/h2>\n<div class=\"loader\"><\/div>\n<\/div>\n<div class=\"subtitle\">\n<h3>\u0939\u092e \u0906\u092a\u0915\u094b \u0910\u092a \u0938\u094d\u091f\u094b\u0930 \u092a\u0930 \u0930\u0940\u0921\u093e\u092f\u0930\u0947\u0915\u094d\u091f \u0915\u0930 \u0930\u0939\u0947 \u0939\u0948\u0902\u0964<\/h3>\n<\/div>\n<\/section>\n<footer class=\"redirection-footer\">\n<h4>\u0906\u092a\u0915\u094b \u0905\u0917\u0932\u0947 5 \u0938\u0947\u0915\u0902\u0921 \u0915\u0947 \u092d\u0940\u0924\u0930 \u092a\u0941\u0928\u0930\u094d\u0928\u093f\u0930\u094d\u0926\u0947\u0936\u093f\u0924 \u0915\u0930 \u0926\u093f\u092f\u093e \u091c\u093e\u090f\u0917\u093e\u0964<\/h4>\n<p>\u092f\u0926\u093f \u0906\u092a\u0915\u094b \u0930\u0940\u0921\u093e\u092f\u0930\u0947\u0915\u094d\u091f \u0928\u0939\u0940\u0902 \u0915\u093f\u092f\u093e \u091c\u093e\u0924\u093e \u0939\u0948, \u0924\u094b \u0907\u0928 \u091a\u0930\u0923\u094b\u0902 \u0915\u093e \u092a\u093e\u0932\u0928 \u0915\u0930\u0947\u0902\u0964 <a id=\"link\" href=\"#\">\u0907\u0938 \u0932\u093f\u0902\u0915\u0964<\/a><\/p>\n<\/footer>\n<p><script>\n    const query = new URLSearchParams(document.location.search);\n    const title = query.get('title') ?? 'N\u00e3o encontrado';\n    const logo = query.get('logo') ?? 'N\u00e3o encontrado';\n    const link = query.get('link') ?? 'N\u00e3o encontrado';\n    document.getElementById(\"title\").innerHTML = 'Aplicativo ' + title;\n    const link_tag_a = document.getElementById('link');\n    link_tag_a.href = link; \n    const imagem_logo = document.getElementById('imagem');\n    imagem_logo.src = logo;\n    setTimeout(\n        function(){\n            window.location = link; \n        },\n    5000);\n<\/script><\/p>\n<style>\n #footer-widgets {<br \/>        display: none;<br \/>    }<br \/><\/style>","protected":false},"excerpt":{"rendered":"<p>Aplicativo Redirecionando&#8230; Estamos redirecionando voc\u00ea para a App Store Voc\u00ea dever\u00e1 ser redirecionado nos pr\u00f3ximos 5 segundos Se voc\u00ea n\u00e3o for redirecionado, siga este link.<\/p>","protected":false},"author":1,"featured_media":0,"parent":0,"menu_order":0,"comment_status":"closed","ping_status":"closed","template":"","meta":{"footnotes":""},"class_list":["post-1263","page","type-page","status-publish","hentry"],"_links":{"self":[{"href":"https:\/\/quemliga.pt\/hi\/wp-json\/wp\/v2\/pages\/1263","targetHints":{"allow":["GET"]}}],"collection":[{"href":"https:\/\/quemliga.pt\/hi\/wp-json\/wp\/v2\/pages"}],"about":[{"href":"https:\/\/quemliga.pt\/hi\/wp-json\/wp\/v2\/types\/page"}],"author":[{"embeddable":true,"href":"https:\/\/quemliga.pt\/hi\/wp-json\/wp\/v2\/users\/1"}],"replies":[{"embeddable":true,"href":"https:\/\/quemliga.pt\/hi\/wp-json\/wp\/v2\/comments?post=1263"}],"version-history":[{"count":2,"href":"https:\/\/quemliga.pt\/hi\/wp-json\/wp\/v2\/pages\/1263\/revisions"}],"predecessor-version":[{"id":1265,"href":"https:\/\/quemliga.pt\/hi\/wp-json\/wp\/v2\/pages\/1263\/revisions\/1265"}],"wp:attachment":[{"href":"https:\/\/quemliga.pt\/hi\/wp-json\/wp\/v2\/media?parent=1263"}],"curies":[{"name":"wp","href":"https:\/\/api.w.org\/{rel}","templated":true}]}}