{"id":970,"date":"2023-10-23T22:27:27","date_gmt":"2023-10-24T01:27:27","guid":{"rendered":"https:\/\/quemliga.pt\/?page_id=970"},"modified":"2023-10-23T22:27:27","modified_gmt":"2023-10-24T01:27:27","slug":"isencao-de-responsabilidade","status":"publish","type":"page","link":"https:\/\/quemliga.pt\/fr\/isencao-de-responsabilidade\/","title":{"rendered":"Clause de non-responsabilit\u00e9"},"content":{"rendered":"<p><strong>Acceptation des conditions<\/strong><\/p>\n<p>En parcourant et en utilisant le site Web \u00ab QuemLiga.PT \u00bb (\u00ab Site \u00bb), vous acceptez et acceptez les termes et conditions \u00e9tablis dans cette clause de non-responsabilit\u00e9. Si vous n&#039;\u00eates pas d&#039;accord avec ces conditions, veuillez ne pas utiliser le Site.<\/p>\n<p><strong>Int\u00e9grit\u00e9 du contenu<\/strong><\/p>\n<p>Les informations disponibles sur QuemLiga.PT sont fournies \u00e0 titre d&#039;information g\u00e9n\u00e9rale. Bien que nous nous efforcions de maintenir les informations \u00e0 jour et exactes, nous n&#039;offrons aucune garantie d&#039;aucune sorte, expresse ou implicite, quant \u00e0 l&#039;exhaustivit\u00e9, l&#039;exactitude, la fiabilit\u00e9 ou la disponibilit\u00e9 des informations, produits, services ou graphiques contenus sur le Site.<\/p>\n<p><strong>D\u00e9pendance informationnelle<\/strong><\/p>\n<p>L&#039;utilisation des informations disponibles sur QuemLiga.PT rel\u00e8ve de votre seule responsabilit\u00e9. Nous ne serons pas responsables de toute perte ou dommage li\u00e9 \u00e0 l&#039;utilisation de notre Site.<\/p>\n<p><strong>Liens vers d&#039;autres sites<\/strong><\/p>\n<p>QuemLiga.PT peut contenir des liens vers des sites Web externes qui ne sont pas exploit\u00e9s par nous. Nous n&#039;avons aucun contr\u00f4le et n&#039;assumons aucune responsabilit\u00e9 quant au contenu, aux politiques de confidentialit\u00e9 ou aux pratiques de tout site ou service tiers.<\/p>\n<p><strong>Divulgation des affili\u00e9s<\/strong><\/p>\n<p>QuemLiga.PT peut participer \u00e0 des programmes d&#039;affiliation et peut recevoir des commissions pour les achats effectu\u00e9s via des liens sur notre site Web. Ces commissions aident \u00e0 maintenir et \u00e0 soutenir notre site.<\/p>\n<p><strong>Modifications de la clause de non-responsabilit\u00e9<\/strong><\/p>\n<p>QuemLiga.PT se r\u00e9serve le droit d&#039;apporter des modifications \u00e0 cette clause de non-responsabilit\u00e9 \u00e0 tout moment. Nous vous recommandons de consulter r\u00e9guli\u00e8rement cette page pour rester inform\u00e9 de toute mise \u00e0 jour. Votre utilisation continue du site apr\u00e8s la publication des modifications indique votre acceptation de celles-ci.<\/p>\n<p><strong>Contact<\/strong><\/p>\n<p>Pour toute question ou clarification relative \u00e0 cette clause de non-responsabilit\u00e9, veuillez nous contacter par e-mail\u00a0: contato@quemliga.pt<\/p>\n<p><strong>Consid\u00e9rations finales<\/strong><\/p>\n<p>Les informations sur QuemLiga.PT sont fournies dans le but d&#039;informer et d&#039;inspirer. Ils ne doivent pas \u00eatre interpr\u00e9t\u00e9s comme des conseils professionnels. Consultez toujours des experts pour des questions sp\u00e9cifiques. L&#039;utilisation de ce site implique l&#039;acceptation de cette clause de non-responsabilit\u00e9.<\/p>","protected":false},"excerpt":{"rendered":"<p>Acceptation des conditions En parcourant et en utilisant le site Web \u00ab QuemLiga.PT \u00bb (\u00ab Site \u00bb), vous acceptez et acceptez les termes et conditions \u00e9nonc\u00e9s dans cette clause de non-responsabilit\u00e9\u2026.<\/p>","protected":false},"author":1,"featured_media":0,"parent":0,"menu_order":0,"comment_status":"closed","ping_status":"closed","template":"","meta":{"footnotes":""},"class_list":["post-970","page","type-page","status-publish","hentry"],"_links":{"self":[{"href":"https:\/\/quemliga.pt\/fr\/wp-json\/wp\/v2\/pages\/970","targetHints":{"allow":["GET"]}}],"collection":[{"href":"https:\/\/quemliga.pt\/fr\/wp-json\/wp\/v2\/pages"}],"about":[{"href":"https:\/\/quemliga.pt\/fr\/wp-json\/wp\/v2\/types\/page"}],"author":[{"embeddable":true,"href":"https:\/\/quemliga.pt\/fr\/wp-json\/wp\/v2\/users\/1"}],"replies":[{"embeddable":true,"href":"https:\/\/quemliga.pt\/fr\/wp-json\/wp\/v2\/comments?post=970"}],"version-history":[{"count":1,"href":"https:\/\/quemliga.pt\/fr\/wp-json\/wp\/v2\/pages\/970\/revisions"}],"predecessor-version":[{"id":971,"href":"https:\/\/quemliga.pt\/fr\/wp-json\/wp\/v2\/pages\/970\/revisions\/971"}],"wp:attachment":[{"href":"https:\/\/quemliga.pt\/fr\/wp-json\/wp\/v2\/media?parent=970"}],"curies":[{"name":"wp","href":"https:\/\/api.w.org\/{rel}","templated":true}]}}