{"id":972,"date":"2023-10-23T22:27:59","date_gmt":"2023-10-24T01:27:59","guid":{"rendered":"https:\/\/quemliga.pt\/?page_id=972"},"modified":"2023-10-23T22:27:59","modified_gmt":"2023-10-24T01:27:59","slug":"politica-de-privacidade-2","status":"publish","type":"page","link":"https:\/\/quemliga.pt\/et\/politica-de-privacidade-2\/","title":{"rendered":"Privaatsuspoliitika"},"content":{"rendered":"<p>Saidil QuemLiga.PT, juurdep\u00e4\u00e4setav aadressil <a href=\"https:\/\/quemliga.pt\/et\/\" target=\"_new\" rel=\"noopener\">https:\/\/quemliga.pt\/<\/a>, \u00fcks meie peamisi prioriteete on meie k\u00fclastajate privaatsus. See privaatsuspoliitika dokument sisaldab teavet, mida QuemLiga.PT kogub ja salvestab ning kuidas me seda kasutame.<\/p>\r\n<p>Kui teil on lisak\u00fcsimusi v\u00f5i vajate meie privaatsuspoliitika kohta lisateavet, v\u00f5tke meiega \u00fchendust.<\/p>\r\n<p>See privaatsuspoliitika kehtib ainult meie veebitegevuste kohta ja kehtib meie veebisaidi k\u00fclastajate kohta seoses teabega, mida nad saidil QuemLiga.PT jagavad ja\/v\u00f5i koguvad. See poliitika ei kehti teabe kohta, mida kogutakse v\u00f5rgu\u00fchenduseta v\u00f5i muude kanalite kaudu peale selle veebisaidi.<\/p>\r\n<p>N\u00f5usolek Meie veebisaiti kasutades n\u00f5ustute meie privaatsuspoliitikaga ja n\u00f5ustute selle tingimustega.<\/p>\r\n<p>Kogutav teave Isikuandmed, mida teil palutakse esitada, ja p\u00f5hjused, miks teil seda palutakse, tehakse teile selgeks hetkel, mil palume teil esitada oma isikuandmed.<\/p>\r\n<p>Kui v\u00f5tate meiega otse \u00fchendust, v\u00f5ime saada teie kohta lisateavet, nagu teie nimi, e-posti aadress, telefoninumber, s\u00f5numi ja\/v\u00f5i manuste sisu, mille v\u00f5ite meile saata, ja mis tahes muud teavet, mille soovite edastada.<\/p>\r\n<p>Kui registreerite konto, v\u00f5ime k\u00fcsida teie kontaktteavet, sealhulgas selliseid andmeid nagu nimi, ettev\u00f5tte nimi, aadress, e-posti aadress ja telefoninumber.<\/p>\r\n<p>Kuidas me teie teavet kasutame Kogutud teavet kasutame mitmel viisil, sealhulgas selleks, et:<\/p>\r\n<ul>\r\n<li>Pakkuda, hallata ja hooldada meie veebisaiti<\/li>\r\n<li>T\u00e4iustage, kohandage ja laiendage meie veebisaiti<\/li>\r\n<li>Saate aru ja anal\u00fc\u00fcsige, kuidas te meie veebisaiti kasutate<\/li>\r\n<li>Arendage uusi tooteid, teenuseid, funktsioone ja funktsioone<\/li>\r\n<li>Suhtleme teiega kas otse v\u00f5i m\u00f5ne meie partneri kaudu, sealhulgas klienditeeninduse eesm\u00e4rgil, et pakkuda teile veebisaidiga seotud v\u00e4rskendusi ja muud teavet ning turundus- ja reklaamieesm\u00e4rkidel<\/li>\r\n<li>Saada teile e-kirju<\/li>\r\n<li>Leidke ja v\u00e4ltige pettusi<\/li>\r\n<\/ul>\r\n<p>Logifailid QuemLiga.PT j\u00e4rgib logifailide kasutamise standardprotseduuri. Need failid salvestavad k\u00fclastajaid, kui nad veebisaite k\u00fclastavad. K\u00f5ik hostimisettev\u00f5tted teevad seda ja see on osa hostimisteenuste anal\u00fc\u00fcsist. Logifailide kogutud teave sisaldab Interneti-protokolli (IP) aadresse, brauseri t\u00fc\u00fcpi, Interneti-teenuse pakkujat (ISP), kuup\u00e4eva ja kellaaja templit, viitavaid\/v\u00e4ljuvaid lehti ja v\u00f5ib-olla ka klikkide arvu. Need ei ole seotud \u00fchegi isikut tuvastava teabega. Teabe eesm\u00e4rk on suundumuste anal\u00fc\u00fcsimine, saidi haldamine, kasutajate liikumise j\u00e4lgimine veebisaidil ja demograafilise teabe kogumine.<\/p>\r\n<p>K\u00fcpsised ja veebimajakad Nagu iga teine veebisait, kasutab ka QuemLiga.PT k\u00fcpsiseid. Neid k\u00fcpsiseid kasutatakse teabe, sealhulgas k\u00fclastajate eelistuste ja veebisaidi lehtede salvestamiseks, mida k\u00fclastaja k\u00fclastas v\u00f5i k\u00fclastas. Seda teavet kasutatakse kasutajate kogemuse optimeerimiseks, kohandades meie veebilehe sisu vastavalt k\u00fclastaja brauseri t\u00fc\u00fcbile ja\/v\u00f5i muule teabele.<\/p>\r\n<p>Google DoubleClick DART-k\u00fcpsis Google on meie saidil kolmandast osapoolest m\u00fc\u00fcja. Samuti kasutab see k\u00fcpsiseid, mida nimetatakse DART-k\u00fcpsisteks, et pakkuda meie veebisaidi k\u00fclastajatele reklaame nende k\u00fclastuse p\u00f5hjal <a href=\"http:\/\/www.website.com\/\" target=\"_new\" rel=\"noopener\">www.website.com<\/a> ja muudel Interneti-saitidel. K\u00fcll aga v\u00f5ivad k\u00fclastajad keelduda DART-k\u00fcpsiste kasutamisest, k\u00fclastades Google&#039;i reklaami- ja sisuv\u00f5rgu privaatsuspoliitikat j\u00e4rgmisel URL-il \u2013 <a href=\"https:\/\/policies.google.com\/technologies\/ads\" target=\"_new\" rel=\"noopener\">https:\/\/policies.google.com\/technologies\/ads<\/a><\/p>\r\n<p>Reklaamipartnerite privaatsuspoliitikad Saate vaadata seda loendit, et leida iga QuemLiga.PT reklaamipartneri privaatsuspoliitika.<\/p>\r\n<p>Kolmandate osapoolte reklaamiserverid v\u00f5i reklaamiv\u00f5rgud kasutavad tehnoloogiaid, nagu k\u00fcpsised, JavaScript v\u00f5i veebimajakad, mida kasutatakse nende vastavates reklaamides ja linkides, mis kuvatakse saidil QuemLiga.PT ja mis saadetakse otse kasutajate brauserisse. Kui see juhtub, saavad nad teie IP-aadressi automaatselt. Neid tehnoloogiaid kasutatakse nende reklaamikampaaniate t\u00f5hususe m\u00f5\u00f5tmiseks ja\/v\u00f5i k\u00fclastatavatel veebisaitidel kuvatava reklaamisisu isikup\u00e4rastamiseks.<\/p>\r\n<p>Pange t\u00e4hele, et QuemLiga.PT-l puudub juurdep\u00e4\u00e4s kolmandatest osapooltest reklaamijate kasutatavatele k\u00fcpsistele ega nende \u00fcle kontrolli.<\/p>\r\n<p>Kolmandate osapoolte privaatsuspoliitika QuemLiga.PT privaatsuspoliitika ei kehti teistele reklaamijatele ega veebisaitidele. Seet\u00f5ttu soovitame teil \u00fcksikasjalikuma teabe saamiseks tutvuda nende kolmandate osapoolte reklaamiserverite vastavate privaatsuseeskirjadega. See v\u00f5ib sisaldada tavasid ja juhiseid teatud valikutest loobumise kohta.<\/p>\r\n<p>Saate k\u00fcpsised keelata oma brauseri individuaalsete valikute kaudu. T\u00e4psema teabe saamiseks k\u00fcpsiste haldamise kohta konkreetsete veebibrauseritega leiate selle brauserite vastavatelt veebisaitidelt.<\/p>\r\n<p>CCPA privaatsus\u00f5igused (\u00e4ra m\u00fc\u00fc minu isikuandmeid) CCPA alusel on California tarbijatel muude \u00f5iguste hulgas \u00f5igus:<\/p>\r\n<ul>\r\n<li>N\u00f5uda, et ettev\u00f5tja, kes kogub tarbija isikuandmeid, avalikustaks kategooriad ja konkreetsed isikuandmed, mida ettev\u00f5te on tarbijate kohta kogunud.<\/li>\r\n<li>Taotlege, et ettev\u00f5te kustutaks k\u00f5ik tarbija kohta kogutud isikuandmed.<\/li>\r\n<li>N\u00f5ua, et ettev\u00f5tja, kes m\u00fc\u00fcb tarbija isikuandmeid, ei m\u00fc\u00fcks tarbija isikuandmeid.<\/li>\r\n<\/ul>\r\n<p>Kui esitate taotluse, on meil vastamiseks aega \u00fcks kuu. Kui soovite m\u00f5nda neist \u00f5igustest kasutada, v\u00f5tke meiega \u00fchendust.<\/p>\r\n<p>GDPR andmekaitse\u00f5igused Soovime veenduda, et olete t\u00e4ielikult teadlik k\u00f5igist oma andmekaitse\u00f5igustest. Igal kasutajal on \u00f5igus j\u00e4rgmisele:<\/p>\r\n<ul>\r\n<li>Juurdep\u00e4\u00e4su\u00f5igus \u2013 Teil on \u00f5igus n\u00f5uda oma isikuandmete koopiaid. V\u00f5ime selle teenuse eest v\u00f5tta v\u00e4ikese tasu.<\/li>\r\n<li>\u00d5igus andmete parandamisele \u2013 teil on \u00f5igus n\u00f5uda, et me parandaksime mis tahes teabe, mis teie arvates on ebat\u00e4pne. Samuti on teil \u00f5igus n\u00f5uda, et me t\u00e4iendaksime teavet, mis teie arvates on puudulik.<\/li>\r\n<li>\u00d5igus kustutamisele \u2013 teil on teatud tingimustel \u00f5igus n\u00f5uda, et me kustutaksime teie isikuandmed.<\/li>\r\n<li>\u00d5igus piirata t\u00f6\u00f6tlemist \u2013 Teil on \u00f5igus n\u00f5uda, et me piirame teie isikuandmete t\u00f6\u00f6tlemist teatud tingimustel.<\/li>\r\n<li>\u00d5igus esitada vastuv\u00e4iteid t\u00f6\u00f6tlemisele \u2013 teil on teatud tingimustel \u00f5igus esitada vastuv\u00e4iteid teie isikuandmete t\u00f6\u00f6tlemisele meie poolt.<\/li>\r\n<li>\u00d5igus andmete teisaldatavusele \u2013 Teil on \u00f5igus n\u00f5uda, et me edastaksime kogutud andmed teatud tingimustel teisele organisatsioonile v\u00f5i otse teile.<\/li>\r\n<\/ul>\r\n<p>Kui esitate taotluse, on meil vastamiseks aega \u00fcks kuu. Kui soovite m\u00f5nda neist \u00f5igustest kasutada, v\u00f5tke meiega \u00fchendust.<\/p>\r\n<p>Laste teave Teine osa meie prioriteedist on laste kaitsmine Interneti kasutamisel. Julgustame vanemaid ja eestkostjaid oma veebitegevusi j\u00e4lgima, neis osalema ja\/v\u00f5i j\u00e4lgima ja juhendama.<\/p>\r\n<p>QuemLiga.PT ei kogu alla 13-aastastelt lastelt teadlikult isikut tuvastavat teavet. Kui arvate, et teie laps on meie veebisaidil sellist teavet esitanud, soovitame tungivalt meiega viivitamatult \u00fchendust v\u00f5tta ja teeme k\u00f5ik endast oleneva, et selline teave meie registritest kiiresti eemaldada.<\/p>\r\n<p>Selle privaatsuspoliitika muudatused V\u00f5ime oma privaatsuspoliitikat aeg-ajalt v\u00e4rskendada. Seet\u00f5ttu soovitame teil seda lehte aeg-ajalt muudatuste osas \u00fcle vaadata. Teavitame teid k\u00f5igist muudatustest, postitades sellele lehele uued privaatsuspoliitika. Need muudatused j\u00f5ustuvad kohe p\u00e4rast sellele lehele postitamist.<\/p>\r\n<p>Meie privaatsuspoliitika loodi privaatsuspoliitika generaatori abiga.<\/p>\r\n<p>V\u00f5tke meiega \u00fchendust Kui teil on meie privaatsuspoliitika kohta k\u00fcsimusi v\u00f5i ettepanekuid, v\u00f5tke meiega \u00fchendust.<\/p>","protected":false},"excerpt":{"rendered":"<p>QuemLiga.PT-s, millele p\u00e4\u00e4seb juurde aadressilt https:\/\/quemliga.pt\/, on \u00fcks meie peamisi prioriteete meie k\u00fclastajate privaatsus. See privaatsuspoliitika dokument sisaldab t\u00fc\u00fcpi\u2026<\/p>","protected":false},"author":1,"featured_media":0,"parent":0,"menu_order":0,"comment_status":"closed","ping_status":"closed","template":"","meta":{"footnotes":""},"class_list":["post-972","page","type-page","status-publish","hentry"],"_links":{"self":[{"href":"https:\/\/quemliga.pt\/et\/wp-json\/wp\/v2\/pages\/972","targetHints":{"allow":["GET"]}}],"collection":[{"href":"https:\/\/quemliga.pt\/et\/wp-json\/wp\/v2\/pages"}],"about":[{"href":"https:\/\/quemliga.pt\/et\/wp-json\/wp\/v2\/types\/page"}],"author":[{"embeddable":true,"href":"https:\/\/quemliga.pt\/et\/wp-json\/wp\/v2\/users\/1"}],"replies":[{"embeddable":true,"href":"https:\/\/quemliga.pt\/et\/wp-json\/wp\/v2\/comments?post=972"}],"version-history":[{"count":1,"href":"https:\/\/quemliga.pt\/et\/wp-json\/wp\/v2\/pages\/972\/revisions"}],"predecessor-version":[{"id":973,"href":"https:\/\/quemliga.pt\/et\/wp-json\/wp\/v2\/pages\/972\/revisions\/973"}],"wp:attachment":[{"href":"https:\/\/quemliga.pt\/et\/wp-json\/wp\/v2\/media?parent=972"}],"curies":[{"name":"wp","href":"https:\/\/api.w.org\/{rel}","templated":true}]}}