{"id":974,"date":"2023-10-23T22:28:22","date_gmt":"2023-10-24T01:28:22","guid":{"rendered":"https:\/\/quemliga.pt\/?page_id=974"},"modified":"2023-10-23T22:28:22","modified_gmt":"2023-10-24T01:28:22","slug":"sobre","status":"publish","type":"page","link":"https:\/\/quemliga.pt\/es\/sobre\/","title":{"rendered":"Acerca de"},"content":{"rendered":"<p>Bienvenido a QuemLiga.PT, donde la informaci\u00f3n conecta con la innovaci\u00f3n.<\/p>\n<p><strong>Nuestra misi\u00f3n<\/strong><\/p>\n<p>En QuemLiga.PT, nuestra misi\u00f3n es brindar a los usuarios informaci\u00f3n relevante y actualizada, permiti\u00e9ndoles navegar en el mundo digital con confianza. Creemos que la informaci\u00f3n es la clave para tomar decisiones informadas y mantenerse actualizado.<\/p>\n<p><strong>Lo que ofrecemos<\/strong><\/p>\n<ul>\n<li><strong>Art\u00edculos detallados:<\/strong> Ofrecemos art\u00edculos, rese\u00f1as y gu\u00edas que cubren una amplia gama de temas, ayud\u00e1ndolo a mantenerse informado y actualizado.<\/li>\n<li><strong>Construcci\u00f3n comunitaria:<\/strong> QuemLiga.PT no es s\u00f3lo un sitio web; es una comunidad. Con\u00e9ctese con otros usuarios, comparta ideas y participe en debates relevantes.<\/li>\n<li><strong>Recursos de aprendizaje:<\/strong> Ya sea que sea nuevo en el mundo digital o un veterano, tenemos recursos para todos los niveles de experiencia.<\/li>\n<\/ul>\n<p><strong>Nuestro compromiso<\/strong><\/p>\n<p>Estamos comprometidos a proporcionar informaci\u00f3n precisa y confiable, y a crear un entorno donde los usuarios puedan encontrar respuestas y soluciones a sus preguntas y necesidades.<\/p>\n<p><strong>\u00danase a nosotros en el viaje<\/strong><\/p>\n<p>En QuemLiga.PT somos m\u00e1s que un simple portal de informaci\u00f3n; Somos una plataforma dedicada a servir e informar. Te invitamos a unirte a nosotros en este viaje de descubrimiento y aprendizaje.<\/p>\n<p><strong>Gracias<\/strong><\/p>\n<p>Queremos expresar nuestro profundo agradecimiento a todos nuestros usuarios y miembros de la comunidad que hacen de QuemLiga.PT lo que es. Tu confianza y participaci\u00f3n nos inspiran a seguir mejorando e innovando.<\/p>\n<p>Descubra, inf\u00f3rmese y con\u00e9ctese con QuemLiga.PT.<\/p>","protected":false},"excerpt":{"rendered":"<p>Bienvenido a QuemLiga.PT, donde la informaci\u00f3n conecta con la innovaci\u00f3n. Nuestra misi\u00f3n En QuemLiga.PT, nuestra misi\u00f3n es brindar a los usuarios informaci\u00f3n relevante y...<\/p>","protected":false},"author":1,"featured_media":0,"parent":0,"menu_order":0,"comment_status":"closed","ping_status":"closed","template":"","meta":{"footnotes":""},"class_list":["post-974","page","type-page","status-publish","hentry"],"_links":{"self":[{"href":"https:\/\/quemliga.pt\/es\/wp-json\/wp\/v2\/pages\/974","targetHints":{"allow":["GET"]}}],"collection":[{"href":"https:\/\/quemliga.pt\/es\/wp-json\/wp\/v2\/pages"}],"about":[{"href":"https:\/\/quemliga.pt\/es\/wp-json\/wp\/v2\/types\/page"}],"author":[{"embeddable":true,"href":"https:\/\/quemliga.pt\/es\/wp-json\/wp\/v2\/users\/1"}],"replies":[{"embeddable":true,"href":"https:\/\/quemliga.pt\/es\/wp-json\/wp\/v2\/comments?post=974"}],"version-history":[{"count":1,"href":"https:\/\/quemliga.pt\/es\/wp-json\/wp\/v2\/pages\/974\/revisions"}],"predecessor-version":[{"id":975,"href":"https:\/\/quemliga.pt\/es\/wp-json\/wp\/v2\/pages\/974\/revisions\/975"}],"wp:attachment":[{"href":"https:\/\/quemliga.pt\/es\/wp-json\/wp\/v2\/media?parent=974"}],"curies":[{"name":"wp","href":"https:\/\/api.w.org\/{rel}","templated":true}]}}