{"id":970,"date":"2023-10-23T22:27:27","date_gmt":"2023-10-24T01:27:27","guid":{"rendered":"https:\/\/quemliga.pt\/?page_id=970"},"modified":"2023-10-23T22:27:27","modified_gmt":"2023-10-24T01:27:27","slug":"isencao-de-responsabilidade","status":"publish","type":"page","link":"https:\/\/quemliga.pt\/es\/isencao-de-responsabilidade\/","title":{"rendered":"Descargo de responsabilidad"},"content":{"rendered":"<p><strong>Aceptaci\u00f3n de los t\u00e9rminos<\/strong><\/p>\n<p>Al navegar y utilizar el sitio web \u201cQuemLiga.PT\u201d (\u201cSitio\u201d), usted acepta y est\u00e1 de acuerdo con los t\u00e9rminos y condiciones establecidos en este Aviso Legal. Si no est\u00e1 de acuerdo con estos t\u00e9rminos, no utilice el Sitio.<\/p>\n<p><strong>Integridad del contenido<\/strong><\/p>\n<p>La informaci\u00f3n disponible en QuemLiga.PT es para fines de informaci\u00f3n general. Aunque nos esforzamos por mantener la informaci\u00f3n actualizada y correcta, no ofrecemos garant\u00edas de ning\u00fan tipo, expresas o impl\u00edcitas, sobre la integridad, exactitud, confiabilidad o disponibilidad de la informaci\u00f3n, los productos, los servicios o los gr\u00e1ficos contenidos en el Sitio.<\/p>\n<p><strong>Dependencia de la informaci\u00f3n<\/strong><\/p>\n<p>El uso de la informaci\u00f3n disponible en QuemLiga.PT es de su exclusiva responsabilidad. No seremos responsables de ninguna p\u00e9rdida o da\u00f1o relacionado con el uso de nuestro Sitio.<\/p>\n<p><strong>Enlaces a otros sitios<\/strong><\/p>\n<p>QuemLiga.PT puede contener enlaces a sitios web externos que no son operados por nosotros. No tenemos control ni asumimos ninguna responsabilidad por el contenido, las pol\u00edticas de privacidad o las pr\u00e1cticas de sitios o servicios de terceros.<\/p>\n<p><strong>Divulgaci\u00f3n de afiliados<\/strong><\/p>\n<p>QuemLiga.PT podr\u00e1 participar en programas de afiliados y podr\u00e1 recibir comisiones por compras realizadas a trav\u00e9s de enlaces en nuestro Sitio Web. Estas comisiones ayudan a mantener y respaldar nuestro Sitio.<\/p>\n<p><strong>Cambios en el descargo de responsabilidad<\/strong><\/p>\n<p>QuemLiga.PT se reserva el derecho de realizar cambios en este Aviso Legal en cualquier momento. Le recomendamos que consulte esta p\u00e1gina peri\u00f3dicamente para mantenerse informado de cualquier actualizaci\u00f3n. Su uso continuado del Sitio despu\u00e9s de la publicaci\u00f3n de los cambios indica que los acepta.<\/p>\n<p><strong>Entre en contacto<\/strong><\/p>\n<p>Para cualquier pregunta o aclaraci\u00f3n relacionada con este Aviso Legal, cont\u00e1ctenos por correo electr\u00f3nico: contato@quemliga.pt<\/p>\n<p><strong>Consideraciones finales<\/strong><\/p>\n<p>La informaci\u00f3n en QuemLiga.PT se proporciona con el objetivo de informar e inspirar. No deben interpretarse como asesoramiento profesional. Siempre consulte a expertos si tiene preguntas espec\u00edficas. El uso de este Sitio implica la aceptaci\u00f3n de este Aviso Legal.<\/p>","protected":false},"excerpt":{"rendered":"<p>Aceptaci\u00f3n de T\u00e9rminos Al navegar y utilizar el sitio web \u201cQuemLiga.PT\u201d (\u201cSitio Web\u201d), usted acepta y est\u00e1 de acuerdo con los t\u00e9rminos y condiciones establecidos en este Descargo de Responsabilidad\u2026.<\/p>","protected":false},"author":1,"featured_media":0,"parent":0,"menu_order":0,"comment_status":"closed","ping_status":"closed","template":"","meta":{"footnotes":""},"class_list":["post-970","page","type-page","status-publish","hentry"],"_links":{"self":[{"href":"https:\/\/quemliga.pt\/es\/wp-json\/wp\/v2\/pages\/970","targetHints":{"allow":["GET"]}}],"collection":[{"href":"https:\/\/quemliga.pt\/es\/wp-json\/wp\/v2\/pages"}],"about":[{"href":"https:\/\/quemliga.pt\/es\/wp-json\/wp\/v2\/types\/page"}],"author":[{"embeddable":true,"href":"https:\/\/quemliga.pt\/es\/wp-json\/wp\/v2\/users\/1"}],"replies":[{"embeddable":true,"href":"https:\/\/quemliga.pt\/es\/wp-json\/wp\/v2\/comments?post=970"}],"version-history":[{"count":1,"href":"https:\/\/quemliga.pt\/es\/wp-json\/wp\/v2\/pages\/970\/revisions"}],"predecessor-version":[{"id":971,"href":"https:\/\/quemliga.pt\/es\/wp-json\/wp\/v2\/pages\/970\/revisions\/971"}],"wp:attachment":[{"href":"https:\/\/quemliga.pt\/es\/wp-json\/wp\/v2\/media?parent=970"}],"curies":[{"name":"wp","href":"https:\/\/api.w.org\/{rel}","templated":true}]}}