{"id":974,"date":"2023-10-23T22:28:22","date_gmt":"2023-10-24T01:28:22","guid":{"rendered":"https:\/\/quemliga.pt\/?page_id=974"},"modified":"2023-10-23T22:28:22","modified_gmt":"2023-10-24T01:28:22","slug":"sobre","status":"publish","type":"page","link":"https:\/\/quemliga.pt\/de_ch\/sobre\/","title":{"rendered":"Um"},"content":{"rendered":"<p>Willkommen bei QuemLiga.PT, wo Information mit Innovation verbunden ist.<\/p>\n<p><strong>Unsere Aufgabe<\/strong><\/p>\n<p>Bei QuemLiga.PT besteht unsere Mission darin, Benutzern relevante und aktuelle Informationen zur Verf\u00fcgung zu stellen, damit sie sich sicher in der digitalen Welt zurechtfinden k\u00f6nnen. Wir glauben, dass Informationen der Schl\u00fcssel sind, um fundierte Entscheidungen zu treffen und auf dem Laufenden zu bleiben.<\/p>\n<p><strong>Was wir anbieten<\/strong><\/p>\n<ul>\n<li><strong>Ausf\u00fchrliche Artikel:<\/strong> Wir bieten Artikel, Rezensionen und Leitf\u00e4den zu einem breiten Themenspektrum und helfen Ihnen, informiert und auf dem neuesten Stand zu bleiben.<\/li>\n<li><strong>Gemeinschaftshaus:<\/strong> QuemLiga.PT ist nicht nur eine Website; es ist eine Gemeinschaft. Vernetzen Sie sich mit anderen Benutzern, tauschen Sie Ideen aus und nehmen Sie an relevanten Diskussionen teil.<\/li>\n<li><strong>Lernmittel:<\/strong> Egal, ob Sie neu in der digitalen Welt sind oder ein Veteran, wir haben Ressourcen f\u00fcr jedes Erfahrungsniveau.<\/li>\n<\/ul>\n<p><strong>Unser Kompromiss<\/strong><\/p>\n<p>Wir sind bestrebt, genaue und zuverl\u00e4ssige Informationen bereitzustellen und eine Umgebung zu schaffen, in der Benutzer Antworten und L\u00f6sungen auf ihre Fragen und Bed\u00fcrfnisse finden k\u00f6nnen.<\/p>\n<p><strong>Begleiten Sie uns auf der Reise<\/strong><\/p>\n<p>Bei QuemLiga.PT sind wir mehr als nur ein Informationsportal; Wir sind eine Plattform, die sich dem Servieren und Informieren verschrieben hat. Wir laden Sie ein, uns auf dieser Entdeckungs- und Lernreise zu begleiten.<\/p>\n<p><strong>Danke<\/strong><\/p>\n<p>Wir m\u00f6chten allen unseren Benutzern und Community-Mitgliedern unseren tiefen Dank aussprechen, die QuemLiga.PT zu dem machen, was es ist. Ihr Vertrauen und Ihre Teilnahme inspirieren uns dazu, uns weiter zu verbessern und Innovationen voranzutreiben.<\/p>\n<p>Entdecken, finden Sie es heraus und verbinden Sie sich mit QuemLiga.PT.<\/p>","protected":false},"excerpt":{"rendered":"<p>Willkommen bei QuemLiga.PT, wo Information mit Innovation verbunden ist. Unsere Mission Bei QuemLiga.PT ist es unsere Mission, Benutzer mit relevanten Informationen zu versorgen und\u2026<\/p>","protected":false},"author":1,"featured_media":0,"parent":0,"menu_order":0,"comment_status":"closed","ping_status":"closed","template":"","meta":{"footnotes":""},"class_list":["post-974","page","type-page","status-publish","hentry"],"_links":{"self":[{"href":"https:\/\/quemliga.pt\/de_ch\/wp-json\/wp\/v2\/pages\/974","targetHints":{"allow":["GET"]}}],"collection":[{"href":"https:\/\/quemliga.pt\/de_ch\/wp-json\/wp\/v2\/pages"}],"about":[{"href":"https:\/\/quemliga.pt\/de_ch\/wp-json\/wp\/v2\/types\/page"}],"author":[{"embeddable":true,"href":"https:\/\/quemliga.pt\/de_ch\/wp-json\/wp\/v2\/users\/1"}],"replies":[{"embeddable":true,"href":"https:\/\/quemliga.pt\/de_ch\/wp-json\/wp\/v2\/comments?post=974"}],"version-history":[{"count":1,"href":"https:\/\/quemliga.pt\/de_ch\/wp-json\/wp\/v2\/pages\/974\/revisions"}],"predecessor-version":[{"id":975,"href":"https:\/\/quemliga.pt\/de_ch\/wp-json\/wp\/v2\/pages\/974\/revisions\/975"}],"wp:attachment":[{"href":"https:\/\/quemliga.pt\/de_ch\/wp-json\/wp\/v2\/media?parent=974"}],"curies":[{"name":"wp","href":"https:\/\/api.w.org\/{rel}","templated":true}]}}