{"id":972,"date":"2023-10-23T22:27:59","date_gmt":"2023-10-24T01:27:59","guid":{"rendered":"https:\/\/quemliga.pt\/?page_id=972"},"modified":"2023-10-23T22:27:59","modified_gmt":"2023-10-24T01:27:59","slug":"politica-de-privacidade-2","status":"publish","type":"page","link":"https:\/\/quemliga.pt\/de_ch\/politica-de-privacidade-2\/","title":{"rendered":"Datenschutzrichtlinie"},"content":{"rendered":"<p>Auf QuemLiga.PT, erreichbar unter <a href=\"https:\/\/quemliga.pt\/de_ch\/\" target=\"_new\" rel=\"noopener\">https:\/\/quemliga.pt\/<\/a>Eine unserer Hauptpriorit\u00e4ten ist die Privatsph\u00e4re unserer Besucher. Dieses Datenschutzrichtliniendokument enth\u00e4lt Arten von Informationen, die von QuemLiga.PT gesammelt und aufgezeichnet werden, und wie wir sie verwenden.<\/p>\r\n<p>Wenn Sie weitere Fragen haben oder weitere Informationen zu unserer Datenschutzrichtlinie ben\u00f6tigen, z\u00f6gern Sie nicht, uns zu kontaktieren.<\/p>\r\n<p>Diese Datenschutzrichtlinie gilt nur f\u00fcr unsere Online-Aktivit\u00e4ten und gilt f\u00fcr Besucher unserer Website in Bezug auf die Informationen, die sie in QuemLiga.PT geteilt und\/oder gesammelt haben. Diese Richtlinie gilt nicht f\u00fcr Informationen, die offline oder \u00fcber andere Kan\u00e4le als diese Website erfasst werden.<\/p>\r\n<p>Einwilligung Durch die Nutzung unserer Website stimmen Sie unserer Datenschutzrichtlinie und deren Bedingungen zu.<\/p>\r\n<p>Von uns erfasste Informationen Die personenbezogenen Daten, um deren Angabe Sie gebeten werden, und die Gr\u00fcnde, warum Sie um die Angabe dieser Daten gebeten werden, werden Ihnen an dem Punkt mitgeteilt, an dem wir Sie um die Angabe Ihrer personenbezogenen Daten bitten.<\/p>\r\n<p>Wenn Sie uns direkt kontaktieren, erhalten wir m\u00f6glicherweise zus\u00e4tzliche Informationen \u00fcber Sie, wie Ihren Namen, Ihre E-Mail-Adresse, Ihre Telefonnummer, den Inhalt der Nachricht und\/oder Anh\u00e4nge, die Sie uns senden, sowie alle anderen Informationen, die Sie uns zur Verf\u00fcgung stellen.<\/p>\r\n<p>Wenn Sie sich f\u00fcr ein Konto registrieren, fragen wir Sie m\u00f6glicherweise nach Ihren Kontaktinformationen, einschlie\u00dflich Angaben wie Name, Firmenname, Adresse, E-Mail-Adresse und Telefonnummer.<\/p>\r\n<p>Wie wir Ihre Daten nutzen: Wir nutzen die von uns erfassten Daten auf verschiedene Weise, unter anderem um:<\/p>\r\n<ul>\r\n<li>Bereitstellung, Betrieb und Pflege unserer Website<\/li>\r\n<li>Verbessern, anpassen und erweitern Sie unsere Website<\/li>\r\n<li>Verstehen und analysieren Sie, wie Sie unsere Website nutzen<\/li>\r\n<li>Entwickeln Sie neue Produkte, Dienstleistungen, Features und Funktionalit\u00e4ten<\/li>\r\n<li>Zur Kommunikation mit Ihnen, entweder direkt oder \u00fcber einen unserer Partner, einschlie\u00dflich f\u00fcr den Kundenservice, um Ihnen Updates und andere Informationen im Zusammenhang mit der Website bereitzustellen sowie f\u00fcr Marketing- und Werbezwecke<\/li>\r\n<li>Senden Sie Ihnen E-Mails<\/li>\r\n<li>Betrug erkennen und vermeiden<\/li>\r\n<\/ul>\r\n<p>Protokolldateien QuemLiga.PT folgt einem Standardverfahren zur Verwendung von Protokolldateien. Diese Dateien zeichnen Besucher auf, wenn sie Websites besuchen. Alle Hosting-Unternehmen tun dies und es ist Teil der Analyse von Hosting-Diensten. Zu den durch Protokolldateien gesammelten Informationen geh\u00f6ren Internet Protocol (IP)-Adressen, Browsertyp, Internet Service Provider (ISP), Datums- und Zeitstempel, Verweis-\/Ausstiegsseiten und m\u00f6glicherweise die Anzahl der Klicks. Sie werden nicht mit personenbezogenen Daten verkn\u00fcpft. Der Zweck der Informationen besteht darin, Trends zu analysieren, die Website zu verwalten, die Bewegungen der Benutzer auf der Website zu verfolgen und demografische Informationen zu sammeln.<\/p>\r\n<p>Cookies und Web-Beacons Wie jede andere Website verwendet QuemLiga.PT \u201eCookies\u201c. Diese Cookies werden zum Speichern von Informationen verwendet, einschlie\u00dflich der Pr\u00e4ferenzen der Besucher und der Seiten der Website, auf die der Besucher zugegriffen oder die er besucht hat. Die Informationen werden verwendet, um das Benutzererlebnis zu optimieren, indem der Inhalt unserer Webseite basierend auf dem Browsertyp der Besucher und\/oder anderen Informationen angepasst wird.<\/p>\r\n<p>Google DoubleClick DART-Cookie Google ist ein Drittanbieter auf unserer Website. Es verwendet auch Cookies, sogenannte DART-Cookies, um den Besuchern unserer Website basierend auf ihrem Besuch auf dieser Seite Werbung zu pr\u00e4sentieren <a href=\"http:\/\/www.website.com\/\" target=\"_new\" rel=\"noopener\">www.website.com<\/a> und andere Seiten im Internet. Besucher k\u00f6nnen jedoch die Verwendung von DART-Cookies ablehnen, indem sie die Datenschutzrichtlinie f\u00fcr das Google-Anzeigen- und Content-Netzwerk unter der folgenden URL aufrufen: <a href=\"https:\/\/policies.google.com\/technologies\/ads\" target=\"_new\" rel=\"noopener\">https:\/\/policies.google.com\/technologies\/ads<\/a><\/p>\r\n<p>Datenschutzrichtlinien der Werbepartner In dieser Liste finden Sie die Datenschutzrichtlinien f\u00fcr jeden Werbepartner von QuemLiga.PT.<\/p>\r\n<p>Ad-Server oder Ad-Netzwerke von Drittanbietern verwenden Technologien wie Cookies, JavaScript oder Web Beacons, die in ihren jeweiligen Anzeigen verwendet werden, und Links, die auf QuemLiga.PT erscheinen und direkt an den Browser der Benutzer gesendet werden. In diesem Fall erhalten sie automatisch Ihre IP-Adresse. Diese Technologien werden verwendet, um die Wirksamkeit ihrer Werbekampagnen zu messen und\/oder um die Werbeinhalte zu personalisieren, die Sie auf den von Ihnen besuchten Websites sehen.<\/p>\r\n<p>Bitte beachten Sie, dass QuemLiga.PT keinen Zugriff auf oder keine Kontrolle \u00fcber diese von Drittanbietern verwendeten Cookies hat.<\/p>\r\n<p>Datenschutzrichtlinien Dritter Die Datenschutzrichtlinien von QuemLiga.PT gelten nicht f\u00fcr andere Werbetreibende oder Websites. Aus diesem Grund empfehlen wir Ihnen, f\u00fcr detailliertere Informationen die jeweiligen Datenschutzrichtlinien dieser Drittanbieter-Adserver zu konsultieren. Es kann seine Praktiken und Anweisungen dazu enthalten, wie man sich von bestimmten Wahlm\u00f6glichkeiten abmelden kann.<\/p>\r\n<p>Sie k\u00f6nnen Cookies \u00fcber Ihre individuellen Browseroptionen deaktivieren. Ausf\u00fchrlichere Informationen zur Cookie-Verwaltung mit bestimmten Webbrowsern finden Sie auf den jeweiligen Websites der Browser.<\/p>\r\n<p>CCPA-Datenschutzrechte (Meine pers\u00f6nlichen Daten nicht verkaufen) Nach dem CCPA haben kalifornische Verbraucher neben anderen Rechten Anspruch auf:<\/p>\r\n<ul>\r\n<li>Fordern Sie ein Unternehmen, das personenbezogene Daten eines Verbrauchers erfasst, auf, die Kategorien und spezifischen personenbezogenen Daten offenzulegen, die ein Unternehmen \u00fcber Verbraucher erfasst hat.<\/li>\r\n<li>Fordern Sie ein Unternehmen auf, alle personenbezogenen Daten des Verbrauchers zu l\u00f6schen, die es erfasst hat.<\/li>\r\n<li>Fordern Sie ein Unternehmen, das personenbezogene Daten eines Verbrauchers verkauft, auf, die personenbezogenen Daten des Verbrauchers nicht zu verkaufen.<\/li>\r\n<\/ul>\r\n<p>Wenn Sie eine Anfrage stellen, haben wir einen Monat Zeit, um zu antworten. Wenn Sie eines dieser Rechte aus\u00fcben m\u00f6chten, kontaktieren Sie uns bitte.<\/p>\r\n<p>DSGVO-Datenschutzrechte Wir m\u00f6chten sicherstellen, dass Sie alle Ihre Datenschutzrechte vollst\u00e4ndig kennen. Jeder Nutzer hat Anspruch auf Folgendes:<\/p>\r\n<ul>\r\n<li>Das Recht auf Zugriff \u2013 Sie haben das Recht, Kopien Ihrer personenbezogenen Daten anzufordern. F\u00fcr diesen Service erheben wir m\u00f6glicherweise eine geringe Geb\u00fchr.<\/li>\r\n<li>Das Recht auf Berichtigung \u2013 Sie haben das Recht, von uns die Berichtigung von Informationen zu verlangen, die Ihrer Meinung nach unrichtig sind. Sie haben au\u00dferdem das Recht, von uns die Vervollst\u00e4ndigung von Informationen zu verlangen, die Ihrer Meinung nach unvollst\u00e4ndig sind.<\/li>\r\n<li>Das Recht auf L\u00f6schung \u2013 Sie haben unter bestimmten Bedingungen das Recht, von uns die L\u00f6schung Ihrer personenbezogenen Daten zu verlangen.<\/li>\r\n<li>Das Recht auf Einschr\u00e4nkung der Verarbeitung \u2013 Sie haben das Recht, unter bestimmten Bedingungen zu verlangen, dass wir die Verarbeitung Ihrer personenbezogenen Daten einschr\u00e4nken.<\/li>\r\n<li>Das Recht, der Verarbeitung zu widersprechen \u2013 Sie haben unter bestimmten Bedingungen das Recht, der Verarbeitung Ihrer personenbezogenen Daten durch uns zu widersprechen.<\/li>\r\n<li>Das Recht auf Daten\u00fcbertragbarkeit \u2013 Sie haben das Recht zu verlangen, dass wir die von uns erfassten Daten unter bestimmten Bedingungen an eine andere Organisation oder direkt an Sie \u00fcbertragen.<\/li>\r\n<\/ul>\r\n<p>Wenn Sie eine Anfrage stellen, haben wir einen Monat Zeit, um zu antworten. Wenn Sie eines dieser Rechte aus\u00fcben m\u00f6chten, kontaktieren Sie uns bitte.<\/p>\r\n<p>Informationen f\u00fcr Kinder Ein weiterer Schwerpunkt unserer Arbeit besteht darin, den Schutz von Kindern bei der Nutzung des Internets zu verbessern. Wir ermutigen Eltern und Erziehungsberechtigte, ihre Online-Aktivit\u00e4ten zu beobachten, daran teilzunehmen und\/oder sie zu \u00fcberwachen und zu leiten.<\/p>\r\n<p>QuemLiga.PT sammelt wissentlich keine personenbezogenen Daten von Kindern unter 13 Jahren. Wenn Sie der Meinung sind, dass Ihr Kind diese Art von Informationen auf unserer Website bereitgestellt hat, empfehlen wir Ihnen dringend, sich umgehend mit uns in Verbindung zu setzen, und wir werden unser Bestes tun, um solche Informationen umgehend aus unseren Aufzeichnungen zu entfernen.<\/p>\r\n<p>\u00c4nderungen dieser Datenschutzrichtlinie Wir k\u00f6nnen unsere Datenschutzrichtlinie von Zeit zu Zeit aktualisieren. Wir empfehlen Ihnen daher, diese Seite regelm\u00e4\u00dfig auf etwaige \u00c4nderungen zu \u00fcberpr\u00fcfen. Wir werden Sie \u00fcber alle \u00c4nderungen informieren, indem wir die neue Datenschutzrichtlinie auf dieser Seite ver\u00f6ffentlichen. Diese \u00c4nderungen treten sofort nach der Ver\u00f6ffentlichung auf dieser Seite in Kraft.<\/p>\r\n<p>Unsere Datenschutzerkl\u00e4rung wurde mit Hilfe des Privacy Policy Generators erstellt.<\/p>\r\n<p>Kontaktieren Sie uns Wenn Sie Fragen oder Anregungen zu unserer Datenschutzrichtlinie haben, z\u00f6gern Sie nicht, uns zu kontaktieren.<\/p>","protected":false},"excerpt":{"rendered":"<p>Bei QuemLiga.PT, erreichbar \u00fcber https:\/\/quemliga.pt\/, ist die Privatsph\u00e4re unserer Besucher eine unserer Hauptpriorit\u00e4ten. Dieses Dokument zur Datenschutzrichtlinie enth\u00e4lt Arten von\u2026<\/p>","protected":false},"author":1,"featured_media":0,"parent":0,"menu_order":0,"comment_status":"closed","ping_status":"closed","template":"","meta":{"footnotes":""},"class_list":["post-972","page","type-page","status-publish","hentry"],"_links":{"self":[{"href":"https:\/\/quemliga.pt\/de_ch\/wp-json\/wp\/v2\/pages\/972","targetHints":{"allow":["GET"]}}],"collection":[{"href":"https:\/\/quemliga.pt\/de_ch\/wp-json\/wp\/v2\/pages"}],"about":[{"href":"https:\/\/quemliga.pt\/de_ch\/wp-json\/wp\/v2\/types\/page"}],"author":[{"embeddable":true,"href":"https:\/\/quemliga.pt\/de_ch\/wp-json\/wp\/v2\/users\/1"}],"replies":[{"embeddable":true,"href":"https:\/\/quemliga.pt\/de_ch\/wp-json\/wp\/v2\/comments?post=972"}],"version-history":[{"count":1,"href":"https:\/\/quemliga.pt\/de_ch\/wp-json\/wp\/v2\/pages\/972\/revisions"}],"predecessor-version":[{"id":973,"href":"https:\/\/quemliga.pt\/de_ch\/wp-json\/wp\/v2\/pages\/972\/revisions\/973"}],"wp:attachment":[{"href":"https:\/\/quemliga.pt\/de_ch\/wp-json\/wp\/v2\/media?parent=972"}],"curies":[{"name":"wp","href":"https:\/\/api.w.org\/{rel}","templated":true}]}}