{"id":970,"date":"2023-10-23T22:27:27","date_gmt":"2023-10-24T01:27:27","guid":{"rendered":"https:\/\/quemliga.pt\/?page_id=970"},"modified":"2023-10-23T22:27:27","modified_gmt":"2023-10-24T01:27:27","slug":"isencao-de-responsabilidade","status":"publish","type":"page","link":"https:\/\/quemliga.pt\/de_ch\/isencao-de-responsabilidade\/","title":{"rendered":"Haftungsausschluss"},"content":{"rendered":"<p><strong>Annahme der Bedingungen<\/strong><\/p>\n<p>Indem Sie die Website \u201eQuemLiga.PT\u201c (\u201eWebsite\u201c) durchsuchen und nutzen, akzeptieren Sie die in diesem Haftungsausschluss festgelegten Bedingungen und stimmen ihnen zu. Wenn Sie mit diesen Bedingungen nicht einverstanden sind, nutzen Sie die Website bitte nicht.<\/p>\n<p><strong>Inhaltsintegrit\u00e4t<\/strong><\/p>\n<p>Die auf QuemLiga.PT verf\u00fcgbaren Informationen dienen allgemeinen Informationszwecken. Obwohl wir uns bem\u00fchen, die Informationen auf dem neuesten Stand und korrekt zu halten, \u00fcbernehmen wir keinerlei ausdr\u00fcckliche oder stillschweigende Garantien f\u00fcr die Vollst\u00e4ndigkeit, Genauigkeit, Zuverl\u00e4ssigkeit oder Verf\u00fcgbarkeit der auf der Website enthaltenen Informationen, Produkte, Dienstleistungen oder Grafiken.<\/p>\n<p><strong>Informationsabh\u00e4ngigkeit<\/strong><\/p>\n<p>Die Nutzung der auf QuemLiga.PT verf\u00fcgbaren Informationen liegt in Ihrer alleinigen Verantwortung. Wir haften nicht f\u00fcr Verluste oder Sch\u00e4den im Zusammenhang mit der Nutzung unserer Website.<\/p>\n<p><strong>Links zu anderen Websites<\/strong><\/p>\n<p>QuemLiga.PT kann Links zu externen Websites enthalten, die nicht von uns betrieben werden. Wir haben keine Kontrolle \u00fcber die Inhalte, Datenschutzrichtlinien oder Praktiken von Websites oder Diensten Dritter und \u00fcbernehmen keine Verantwortung daf\u00fcr.<\/p>\n<p><strong>Affiliate-Offenlegung<\/strong><\/p>\n<p>QuemLiga.PT kann an Partnerprogrammen teilnehmen und Provisionen f\u00fcr Eink\u00e4ufe erhalten, die \u00fcber Links auf unserer Website get\u00e4tigt werden. Diese Provisionen helfen bei der Pflege und Unterst\u00fctzung unserer Website.<\/p>\n<p><strong>\u00c4nderungen am Haftungsausschluss<\/strong><\/p>\n<p>QuemLiga.PT beh\u00e4lt sich das Recht vor, jederzeit \u00c4nderungen an diesem Haftungsausschluss vorzunehmen. Wir empfehlen Ihnen, diese Seite regelm\u00e4\u00dfig zu besuchen, um \u00fcber Aktualisierungen auf dem Laufenden zu bleiben. Durch Ihre fortgesetzte Nutzung der Website nach der Ver\u00f6ffentlichung der \u00c4nderungen erkl\u00e4ren Sie sich damit einverstanden.<\/p>\n<p><strong>Kontakt<\/strong><\/p>\n<p>Bei Fragen oder Erl\u00e4uterungen zu diesem Haftungsausschluss kontaktieren Sie uns bitte per E-Mail: contato@quemliga.pt<\/p>\n<p><strong>Schlussbetrachtungen<\/strong><\/p>\n<p>Die Informationen auf QuemLiga.PT werden mit dem Ziel bereitgestellt, zu informieren und zu inspirieren. Sie sollten nicht als professionelle Beratung interpretiert werden. Bei konkreten Fragen wenden Sie sich immer an Experten. Die Nutzung dieser Website setzt die Annahme dieses Haftungsausschlusses voraus.<\/p>","protected":false},"excerpt":{"rendered":"<p>Akzeptanz der Bedingungen Indem Sie die Website \u201eQuemLiga.PT\u201c (\u201eWebsite\u201c) durchsuchen und nutzen, akzeptieren Sie die in diesem Haftungsausschluss dargelegten Bedingungen und stimmen ihnen zu.<\/p>","protected":false},"author":1,"featured_media":0,"parent":0,"menu_order":0,"comment_status":"closed","ping_status":"closed","template":"","meta":{"footnotes":""},"class_list":["post-970","page","type-page","status-publish","hentry"],"_links":{"self":[{"href":"https:\/\/quemliga.pt\/de_ch\/wp-json\/wp\/v2\/pages\/970","targetHints":{"allow":["GET"]}}],"collection":[{"href":"https:\/\/quemliga.pt\/de_ch\/wp-json\/wp\/v2\/pages"}],"about":[{"href":"https:\/\/quemliga.pt\/de_ch\/wp-json\/wp\/v2\/types\/page"}],"author":[{"embeddable":true,"href":"https:\/\/quemliga.pt\/de_ch\/wp-json\/wp\/v2\/users\/1"}],"replies":[{"embeddable":true,"href":"https:\/\/quemliga.pt\/de_ch\/wp-json\/wp\/v2\/comments?post=970"}],"version-history":[{"count":1,"href":"https:\/\/quemliga.pt\/de_ch\/wp-json\/wp\/v2\/pages\/970\/revisions"}],"predecessor-version":[{"id":971,"href":"https:\/\/quemliga.pt\/de_ch\/wp-json\/wp\/v2\/pages\/970\/revisions\/971"}],"wp:attachment":[{"href":"https:\/\/quemliga.pt\/de_ch\/wp-json\/wp\/v2\/media?parent=970"}],"curies":[{"name":"wp","href":"https:\/\/api.w.org\/{rel}","templated":true}]}}