{"id":972,"date":"2023-10-23T22:27:59","date_gmt":"2023-10-24T01:27:59","guid":{"rendered":"https:\/\/quemliga.pt\/?page_id=972"},"modified":"2023-10-23T22:27:59","modified_gmt":"2023-10-24T01:27:59","slug":"politica-de-privacidade-2","status":"publish","type":"page","link":"https:\/\/quemliga.pt\/cs\/politica-de-privacidade-2\/","title":{"rendered":"Z\u00e1sady ochrany osobn\u00edch \u00fadaj\u016f"},"content":{"rendered":"<p>Na QuemLiga.PT, dostupn\u00e9 na <a href=\"https:\/\/quemliga.pt\/cs\/\" target=\"_new\" rel=\"noopener\">https:\/\/quemliga.pt\/<\/a>, jednou z na\u0161ich hlavn\u00edch priorit je soukrom\u00ed na\u0161ich n\u00e1v\u0161t\u011bvn\u00edk\u016f. Tento dokument Z\u00e1sady ochrany osobn\u00edch \u00fadaj\u016f obsahuje typy informac\u00ed, kter\u00e9 shroma\u017e\u010fuje a zaznamen\u00e1v\u00e1 QuemLiga.PT a jak je pou\u017e\u00edv\u00e1me.<\/p>\r\n<p>Pokud m\u00e1te dal\u0161\u00ed ot\u00e1zky nebo po\u017eadujete v\u00edce informac\u00ed o na\u0161ich Z\u00e1sad\u00e1ch ochrany osobn\u00edch \u00fadaj\u016f, nev\u00e1hejte n\u00e1s kontaktovat.<\/p>\r\n<p>Tyto z\u00e1sady ochrany osobn\u00edch \u00fadaj\u016f se vztahuj\u00ed pouze na na\u0161e online aktivity a jsou platn\u00e9 pro n\u00e1v\u0161t\u011bvn\u00edky na\u0161ich webov\u00fdch str\u00e1nek s ohledem na informace, kter\u00e9 sd\u00edleli a\/nebo sb\u00edrali v QuemLiga.PT. Tyto z\u00e1sady se nevztahuj\u00ed na \u017e\u00e1dn\u00e9 informace shrom\u00e1\u017ed\u011bn\u00e9 offline nebo prost\u0159ednictv\u00edm jin\u00fdch kan\u00e1l\u016f, ne\u017e je tento web.<\/p>\r\n<p>Souhlas Pou\u017e\u00edv\u00e1n\u00edm na\u0161ich webov\u00fdch str\u00e1nek souhlas\u00edte s na\u0161imi Z\u00e1sadami ochrany osobn\u00edch \u00fadaj\u016f a souhlas\u00edte s jejich podm\u00ednkami.<\/p>\r\n<p>Informace, kter\u00e9 shroma\u017e\u010fujeme Osobn\u00ed \u00fadaje, o jejich\u017e poskytnut\u00ed jste po\u017e\u00e1d\u00e1ni, a d\u016fvody, pro\u010d jste o jejich poskytnut\u00ed po\u017e\u00e1d\u00e1ni, v\u00e1m budou objasn\u011bny v okam\u017eiku, kdy v\u00e1s po\u017e\u00e1d\u00e1me o poskytnut\u00ed va\u0161ich osobn\u00edch \u00fadaj\u016f.<\/p>\r\n<p>Pokud n\u00e1s kontaktujete p\u0159\u00edmo, m\u016f\u017eeme o v\u00e1s obdr\u017eet dal\u0161\u00ed informace, jako je va\u0161e jm\u00e9no, e-mailov\u00e1 adresa, telefonn\u00ed \u010d\u00edslo, obsah zpr\u00e1vy a\/nebo p\u0159\u00edlohy, kter\u00e9 n\u00e1m m\u016f\u017eete poslat, a jak\u00e9koli dal\u0161\u00ed informace, kter\u00e9 se rozhodnete poskytnout.<\/p>\r\n<p>Kdy\u017e si zaregistrujete \u00da\u010det, m\u016f\u017eeme v\u00e1s po\u017e\u00e1dat o kontaktn\u00ed \u00fadaje, v\u010detn\u011b polo\u017eek, jako je jm\u00e9no, n\u00e1zev spole\u010dnosti, adresa, e-mailov\u00e1 adresa a telefonn\u00ed \u010d\u00edslo.<\/p>\r\n<p>Jak pou\u017e\u00edv\u00e1me va\u0161e \u00fadaje \u00dadaje, kter\u00e9 shroma\u017e\u010fujeme, pou\u017e\u00edv\u00e1me r\u016fzn\u00fdmi zp\u016fsoby, v\u010detn\u011b:<\/p>\r\n<ul>\r\n<li>Poskytovat, provozovat a udr\u017eovat na\u0161e webov\u00e9 str\u00e1nky<\/li>\r\n<li>Vylep\u0161ete, personalizujte a roz\u0161i\u0159te na\u0161e webov\u00e9 str\u00e1nky<\/li>\r\n<li>Pochopte a analyzujte, jak pou\u017e\u00edv\u00e1te na\u0161e webov\u00e9 str\u00e1nky<\/li>\r\n<li>Vyv\u00edjet nov\u00e9 produkty, slu\u017eby, funkce a funkce<\/li>\r\n<li>Komunikovat s v\u00e1mi, bu\u010f p\u0159\u00edmo, nebo prost\u0159ednictv\u00edm n\u011bkter\u00e9ho z na\u0161ich partner\u016f, v\u010detn\u011b z\u00e1kaznick\u00fdch slu\u017eeb, abychom v\u00e1m poskytli aktualizace a dal\u0161\u00ed informace t\u00fdkaj\u00edc\u00ed se webu a pro marketingov\u00e9 a propaga\u010dn\u00ed \u00fa\u010dely<\/li>\r\n<li>Pos\u00edlejte v\u00e1m e-maily<\/li>\r\n<li>Najd\u011bte a vyhn\u011bte se podvod\u016fm<\/li>\r\n<\/ul>\r\n<p>Soubory protokol\u016f QuemLiga.PT se \u0159\u00edd\u00ed standardn\u00edm postupem pou\u017e\u00edv\u00e1n\u00ed soubor\u016f protokol\u016f. Tyto soubory zaznamen\u00e1vaj\u00ed n\u00e1v\u0161t\u011bvn\u00edky, kdy\u017e nav\u0161t\u00edv\u00ed webov\u00e9 str\u00e1nky. D\u011blaj\u00ed to v\u0161echny hostingov\u00e9 spole\u010dnosti a je to sou\u010d\u00e1st\u00ed recenze hostingov\u00fdch slu\u017eeb. Informace shrom\u00e1\u017ed\u011bn\u00e9 protokolov\u00fdmi soubory zahrnuj\u00ed adresy internetov\u00e9ho protokolu (IP), typ prohl\u00ed\u017ee\u010de, poskytovatele internetov\u00fdch slu\u017eeb (ISP), datum a \u010dasov\u00e9 raz\u00edtko, odkazuj\u00edc\u00ed\/v\u00fdstupn\u00ed str\u00e1nky a p\u0159\u00edpadn\u011b po\u010det kliknut\u00ed. Nejsou spojeny s \u017e\u00e1dn\u00fdmi informacemi, kter\u00e9 jsou osobn\u011b identifikovateln\u00e9. \u00da\u010delem informac\u00ed je analyzovat trendy, spravovat web, sledovat pohyb u\u017eivatel\u016f na webu a shroma\u017e\u010fovat demografick\u00e9 informace.<\/p>\r\n<p>Cookies a webov\u00e9 maj\u00e1ky Jako ka\u017ed\u00e1 jin\u00e1 webov\u00e1 str\u00e1nka pou\u017e\u00edv\u00e1 QuemLiga.PT \u201ecookies\u201c. Tyto soubory cookie se pou\u017e\u00edvaj\u00ed k ukl\u00e1d\u00e1n\u00ed informac\u00ed v\u010detn\u011b preferenc\u00ed n\u00e1v\u0161t\u011bvn\u00edk\u016f a str\u00e1nek na webu, kter\u00e9 n\u00e1v\u0161t\u011bvn\u00edk nav\u0161t\u00edvil nebo je nav\u0161t\u00edvil. Tyto informace se pou\u017e\u00edvaj\u00ed k optimalizaci u\u017eivatelsk\u00e9ho z\u00e1\u017eitku p\u0159izp\u016fsoben\u00edm obsahu na\u0161ich webov\u00fdch str\u00e1nek na z\u00e1klad\u011b typu prohl\u00ed\u017ee\u010de n\u00e1v\u0161t\u011bvn\u00edk\u016f a\/nebo jin\u00fdch informac\u00ed.<\/p>\r\n<p>Google DoubleClick DART Cookie Google je jedn\u00edm z dodavatel\u016f t\u0159et\u00edch stran na na\u0161ich str\u00e1nk\u00e1ch. Pou\u017e\u00edv\u00e1 tak\u00e9 soubory cookie, zn\u00e1m\u00e9 jako soubory cookie DART, k zobrazov\u00e1n\u00ed reklam n\u00e1v\u0161t\u011bvn\u00edk\u016fm na\u0161ich str\u00e1nek na z\u00e1klad\u011b jejich n\u00e1v\u0161t\u011bvy <a href=\"http:\/\/www.website.com\/\" target=\"_new\" rel=\"noopener\">www.website.com<\/a> a dal\u0161\u00ed str\u00e1nky na internetu. N\u00e1v\u0161t\u011bvn\u00edci se v\u0161ak mohou rozhodnout odm\u00edtnout pou\u017e\u00edv\u00e1n\u00ed soubor\u016f cookie DART t\u00edm, \u017ee nav\u0161t\u00edv\u00ed Z\u00e1sady ochrany osobn\u00edch \u00fadaj\u016f reklamn\u00ed a obsahov\u00e9 s\u00edt\u011b Google na n\u00e1sleduj\u00edc\u00ed adrese URL \u2013 <a href=\"https:\/\/policies.google.com\/technologies\/ads\" target=\"_new\" rel=\"noopener\">https:\/\/policies.google.com\/technologies\/ads<\/a><\/p>\r\n<p>Z\u00e1sady ochrany osobn\u00edch \u00fadaj\u016f reklamn\u00edch partner\u016f V tomto seznamu m\u016f\u017eete nal\u00e9zt z\u00e1sady ochrany osobn\u00edch \u00fadaj\u016f pro ka\u017ed\u00e9ho z reklamn\u00edch partner\u016f QuemLiga.PT.<\/p>\r\n<p>Reklamn\u00ed servery nebo reklamn\u00ed s\u00edt\u011b t\u0159et\u00edch stran pou\u017e\u00edvaj\u00ed technologie jako cookies, JavaScript nebo Web Beacons, kter\u00e9 se pou\u017e\u00edvaj\u00ed v jejich p\u0159\u00edslu\u0161n\u00fdch reklam\u00e1ch a odkazech, kter\u00e9 se objevuj\u00ed na QuemLiga.PT, kter\u00e9 jsou odes\u00edl\u00e1ny p\u0159\u00edmo do prohl\u00ed\u017ee\u010de u\u017eivatel\u016f. Kdy\u017e k tomu dojde, automaticky obdr\u017e\u00ed va\u0161i IP adresu. Tyto technologie se pou\u017e\u00edvaj\u00ed k m\u011b\u0159en\u00ed \u00fa\u010dinnosti jejich reklamn\u00edch kampan\u00ed a\/nebo k personalizaci reklamn\u00edho obsahu, kter\u00fd vid\u00edte na webov\u00fdch str\u00e1nk\u00e1ch, kter\u00e9 nav\u0161t\u011bvujete.<\/p>\r\n<p>Vezm\u011bte pros\u00edm na v\u011bdom\u00ed, \u017ee QuemLiga.PT nem\u00e1 \u017e\u00e1dn\u00fd p\u0159\u00edstup ani kontrolu nad t\u011bmito soubory cookie, kter\u00e9 pou\u017e\u00edvaj\u00ed inzerenti t\u0159et\u00edch stran.<\/p>\r\n<p>Z\u00e1sady ochrany osobn\u00edch \u00fadaj\u016f t\u0159et\u00edch stran Z\u00e1sady ochrany osobn\u00edch \u00fadaj\u016f QuemLiga.PT se nevztahuj\u00ed na jin\u00e9 inzerenty nebo webov\u00e9 str\u00e1nky. Proto v\u00e1m doporu\u010dujeme, abyste si prostudovali p\u0159\u00edslu\u0161n\u00e9 Z\u00e1sady ochrany osobn\u00edch \u00fadaj\u016f t\u011bchto reklamn\u00edch server\u016f t\u0159et\u00edch stran pro podrobn\u011bj\u0161\u00ed informace. M\u016f\u017ee zahrnovat jejich postupy a pokyny, jak se odhl\u00e1sit z ur\u010dit\u00fdch mo\u017enost\u00ed.<\/p>\r\n<p>Soubory cookie m\u016f\u017eete zak\u00e1zat prost\u0159ednictv\u00edm jednotliv\u00fdch mo\u017enost\u00ed prohl\u00ed\u017ee\u010de. Chcete-li z\u00edskat podrobn\u011bj\u0161\u00ed informace o spr\u00e1v\u011b soubor\u016f cookie pomoc\u00ed konkr\u00e9tn\u00edch webov\u00fdch prohl\u00ed\u017ee\u010d\u016f, naleznete je na p\u0159\u00edslu\u0161n\u00fdch webov\u00fdch str\u00e1nk\u00e1ch prohl\u00ed\u017ee\u010d\u016f.<\/p>\r\n<p>Pr\u00e1va na ochranu osobn\u00edch \u00fadaj\u016f podle z\u00e1kona CCPA (Neprod\u00e1vejte m\u00e9 osobn\u00ed \u00fadaje) Podle z\u00e1kona CCPA maj\u00ed spot\u0159ebitel\u00e9 v Kalifornii krom\u011b jin\u00fdch pr\u00e1v pr\u00e1vo na:<\/p>\r\n<ul>\r\n<li>Po\u017eadovat, aby podnik, kter\u00fd shroma\u017e\u010fuje osobn\u00ed \u00fadaje spot\u0159ebitele, zve\u0159ejnil kategorie a konkr\u00e9tn\u00ed \u010d\u00e1sti osobn\u00edch \u00fadaj\u016f, kter\u00e9 podnik o spot\u0159ebitel\u00edch shrom\u00e1\u017edil.<\/li>\r\n<li>Po\u017e\u00e1dejte, aby podnik vymazal ve\u0161ker\u00e9 osobn\u00ed \u00fadaje o spot\u0159ebiteli, kter\u00e9 shrom\u00e1\u017edil.<\/li>\r\n<li>Po\u017eadovat, aby podnik, kter\u00fd prod\u00e1v\u00e1 osobn\u00ed \u00fadaje spot\u0159ebitele, neprod\u00e1val osobn\u00ed \u00fadaje spot\u0159ebitele.<\/li>\r\n<\/ul>\r\n<p>Pokud pod\u00e1te \u017e\u00e1dost, m\u00e1me jeden m\u011bs\u00edc na odpov\u011b\u010f. Pokud chcete n\u011bkter\u00e9 z t\u011bchto pr\u00e1v vyu\u017e\u00edt, kontaktujte n\u00e1s.<\/p>\r\n<p>Pr\u00e1va na ochranu osobn\u00edch \u00fadaj\u016f GDPR R\u00e1di bychom se ujistili, \u017ee jste si pln\u011b v\u011bdomi v\u0161ech sv\u00fdch pr\u00e1v na ochranu \u00fadaj\u016f. Ka\u017ed\u00fd u\u017eivatel m\u00e1 pr\u00e1vo na n\u00e1sleduj\u00edc\u00ed:<\/p>\r\n<ul>\r\n<li>Pr\u00e1vo na p\u0159\u00edstup \u2013 M\u00e1te pr\u00e1vo po\u017eadovat kopie sv\u00fdch osobn\u00edch \u00fadaj\u016f. Za tuto slu\u017ebu m\u016f\u017eeme \u00fa\u010dtovat mal\u00fd poplatek.<\/li>\r\n<li>Pr\u00e1vo na opravu \u2013 M\u00e1te pr\u00e1vo po\u017eadovat, abychom opravili jak\u00e9koli informace, o kter\u00fdch se domn\u00edv\u00e1te, \u017ee jsou nep\u0159esn\u00e9. M\u00e1te tak\u00e9 pr\u00e1vo po\u017eadovat, abychom doplnili informace, o kter\u00fdch se domn\u00edv\u00e1te, \u017ee jsou ne\u00fapln\u00e9.<\/li>\r\n<li>Pr\u00e1vo na v\u00fdmaz \u2013 M\u00e1te pr\u00e1vo po\u017eadovat, abychom za ur\u010dit\u00fdch podm\u00ednek vymazali va\u0161e osobn\u00ed \u00fadaje.<\/li>\r\n<li>Pr\u00e1vo na omezen\u00ed zpracov\u00e1n\u00ed \u2013 M\u00e1te pr\u00e1vo po\u017eadovat, abychom za ur\u010dit\u00fdch podm\u00ednek omezili zpracov\u00e1n\u00ed va\u0161ich osobn\u00edch \u00fadaj\u016f.<\/li>\r\n<li>Pr\u00e1vo vzn\u00e9st n\u00e1mitku proti zpracov\u00e1n\u00ed \u2013 za ur\u010dit\u00fdch podm\u00ednek m\u00e1te pr\u00e1vo vzn\u00e9st n\u00e1mitku proti na\u0161emu zpracov\u00e1n\u00ed va\u0161ich osobn\u00edch \u00fadaj\u016f.<\/li>\r\n<li>Pr\u00e1vo na p\u0159enositelnost \u00fadaj\u016f \u2013 M\u00e1te pr\u00e1vo po\u017eadovat, abychom za ur\u010dit\u00fdch podm\u00ednek p\u0159edali \u00fadaje, kter\u00e9 jsme shrom\u00e1\u017edili, jin\u00e9 organizaci nebo p\u0159\u00edmo v\u00e1m.<\/li>\r\n<\/ul>\r\n<p>Pokud pod\u00e1te \u017e\u00e1dost, m\u00e1me jeden m\u011bs\u00edc na odpov\u011b\u010f. Pokud chcete n\u011bkter\u00e9 z t\u011bchto pr\u00e1v vyu\u017e\u00edt, kontaktujte n\u00e1s.<\/p>\r\n<p>Informace pro d\u011bti Dal\u0161\u00ed sou\u010d\u00e1st\u00ed na\u0161\u00ed priority je zv\u00fd\u0161en\u00ed ochrany d\u011bt\u00ed p\u0159i pou\u017e\u00edv\u00e1n\u00ed internetu. Vyz\u00fdv\u00e1me rodi\u010de a opatrovn\u00edky, aby sledovali, \u00fa\u010dastnili se a\/nebo sledovali a \u0159\u00eddili sv\u00e9 online aktivity.<\/p>\r\n<p>QuemLiga.PT z\u00e1m\u011brn\u011b neshroma\u017e\u010fuje \u017e\u00e1dn\u00e9 osobn\u00ed \u00fadaje od d\u011bt\u00ed mlad\u0161\u00edch 13 let. Pokud se domn\u00edv\u00e1te, \u017ee va\u0161e d\u00edt\u011b poskytlo tento druh informac\u00ed na na\u0161ich webov\u00fdch str\u00e1nk\u00e1ch, d\u016frazn\u011b v\u00e1m doporu\u010dujeme, abyste n\u00e1s okam\u017eit\u011b kontaktovali a my ud\u011bl\u00e1me v\u0161e, co je v na\u0161ich sil\u00e1ch, abychom takov\u00e9 informace neprodlen\u011b odstranili z na\u0161ich z\u00e1znam\u016f.<\/p>\r\n<p>Zm\u011bny t\u011bchto Z\u00e1sad ochrany osobn\u00edch \u00fadaj\u016f Na\u0161e Z\u00e1sady ochrany osobn\u00edch \u00fadaj\u016f m\u016f\u017eeme \u010das od \u010dasu aktualizovat. Proto v\u00e1m doporu\u010dujeme, abyste na t\u00e9to str\u00e1nce pravideln\u011b kontrolovali p\u0159\u00edpadn\u00e9 zm\u011bny. O v\u0161ech zm\u011bn\u00e1ch v\u00e1s budeme informovat zve\u0159ejn\u011bn\u00edm nov\u00fdch Z\u00e1sad ochrany osobn\u00edch \u00fadaj\u016f na t\u00e9to str\u00e1nce. Tyto zm\u011bny jsou \u00fa\u010dinn\u00e9 ihned po jejich zve\u0159ejn\u011bn\u00ed na t\u00e9to str\u00e1nce.<\/p>\r\n<p>Na\u0161e z\u00e1sady ochrany osobn\u00edch \u00fadaj\u016f byly vytvo\u0159eny pomoc\u00ed gener\u00e1toru z\u00e1sad ochrany osobn\u00edch \u00fadaj\u016f.<\/p>\r\n<p>Kontaktujte n\u00e1s M\u00e1te-li jak\u00e9koli dotazy nebo n\u00e1vrhy t\u00fdkaj\u00edc\u00ed se na\u0161ich Z\u00e1sad ochrany osobn\u00edch \u00fadaj\u016f, nev\u00e1hejte n\u00e1s kontaktovat.<\/p>","protected":false},"excerpt":{"rendered":"<p>Na QuemLiga.PT, dostupn\u00e9m z https:\/\/quemliga.pt\/, je jednou z na\u0161ich hlavn\u00edch priorit soukrom\u00ed na\u0161ich n\u00e1v\u0161t\u011bvn\u00edk\u016f. Tento dokument Z\u00e1sady ochrany osobn\u00edch \u00fadaj\u016f obsahuje typy\u2026<\/p>","protected":false},"author":1,"featured_media":0,"parent":0,"menu_order":0,"comment_status":"closed","ping_status":"closed","template":"","meta":{"footnotes":""},"class_list":["post-972","page","type-page","status-publish","hentry"],"_links":{"self":[{"href":"https:\/\/quemliga.pt\/cs\/wp-json\/wp\/v2\/pages\/972","targetHints":{"allow":["GET"]}}],"collection":[{"href":"https:\/\/quemliga.pt\/cs\/wp-json\/wp\/v2\/pages"}],"about":[{"href":"https:\/\/quemliga.pt\/cs\/wp-json\/wp\/v2\/types\/page"}],"author":[{"embeddable":true,"href":"https:\/\/quemliga.pt\/cs\/wp-json\/wp\/v2\/users\/1"}],"replies":[{"embeddable":true,"href":"https:\/\/quemliga.pt\/cs\/wp-json\/wp\/v2\/comments?post=972"}],"version-history":[{"count":1,"href":"https:\/\/quemliga.pt\/cs\/wp-json\/wp\/v2\/pages\/972\/revisions"}],"predecessor-version":[{"id":973,"href":"https:\/\/quemliga.pt\/cs\/wp-json\/wp\/v2\/pages\/972\/revisions\/973"}],"wp:attachment":[{"href":"https:\/\/quemliga.pt\/cs\/wp-json\/wp\/v2\/media?parent=972"}],"curies":[{"name":"wp","href":"https:\/\/api.w.org\/{rel}","templated":true}]}}